{"id":8776,"date":"2025-09-17T09:50:16","date_gmt":"2025-09-17T07:50:16","guid":{"rendered":"https:\/\/www.emballiso.com\/produit\/isothermal-bag\/"},"modified":"2025-09-17T09:50:16","modified_gmt":"2025-09-17T07:50:16","slug":"isothermal-bag","status":"publish","type":"product","link":"https:\/\/www.emballiso.com\/de\/produit\/isothermal-bag\/","title":{"rendered":"ISOTHERMAL BAG"},"content":{"rendered":"","protected":false},"excerpt":{"rendered":"<h2 style=\"color: #307bbf;\">STANDARD \u2013 praktische isotherme L\u00f6sung f\u00fcr die K\u00fchlkette<\/h2>\n<ul>\n<li><strong>Bis zu 24 Stunden<\/strong> Temperaturkontrolle: h\u00e4lt den Bereich COOL 2\u00b0C\u20138\u00b0C ein \u2013 ideal f\u00fcr den Transport von Impfstoffen, Insulin und anderen temperaturempfindlichen medizinischen Produkten.<\/li>\n<li>In mehreren Gr\u00f6\u00dfen erh\u00e4ltlich und f\u00fcr eine einfache Handhabung bei der Letzten Meile konzipiert.<\/li>\n<\/ul>\n<p>&nbsp;<\/p>\n<table style=\"width: 100%; border-collapse: collapse; font-size: 12px; color: #203a72;\">\n<thead>\n<tr style=\"background-color: #203a72; color: #ffffff; text-align: center;\">\n<th style=\"padding: 6px 8px; border: 0px; background: transparent;\">Produktname<\/th>\n<th style=\"padding: 6px 8px; border: 0px; background: transparent;\">Nutzvolumen<\/th>\n<th style=\"padding: 6px 8px; border: 0px; background: transparent;\">Innenraum<br \/>\nL x B x H<\/th>\n<th style=\"padding: 6px 8px; border: 0px; background: transparent;\">Au\u00dfenma\u00dfe<br \/>\nL x B x H<\/th>\n<th style=\"padding: 6px 8px; border: 0px; background: transparent;\">Volumengewicht<\/th>\n<th style=\"padding: 6px 8px; border: 0px; background: transparent;\">Systemgewicht<\/th>\n<\/tr>\n<\/thead>\n<tbody>\n<tr style=\"background: #F4F8FE;\">\n<td style=\"padding: 6px 8px; border: 0px; text-align: left;\"><strong>Bag 1.2<\/strong><\/td>\n<td style=\"padding: 6px 8px; border: 0px; text-align: center;\">1.2 L<\/td>\n<td style=\"padding: 6px 8px; border: 0px; text-align: center;\">195 x 70 x 90 mm<br \/>\n7.7 x 2.8 x 3.5 in<\/td>\n<td style=\"padding: 6px 8px; border: 0px; text-align: center;\">235 x 180 x 165 mm<br \/>\n9.3 x 7.1 x 6.5 in<\/td>\n<td style=\"padding: 6px 8px; border: 0px; text-align: center;\">1.2 kg<br \/>\n2.6 lb<\/td>\n<td style=\"padding: 6px 8px; border: 0px; text-align: center;\">1.4 kg<br \/>\n3.1 lb<\/td>\n<\/tr>\n<tr>\n<td style=\"padding: 6px 8px; border: 0px; text-align: left;\"><strong>Bag 3.6<\/strong><\/td>\n<td style=\"padding: 6px 8px; border: 0px; text-align: center;\">3.6 L<\/td>\n<td style=\"padding: 6px 8px; border: 0px; text-align: center;\">185 x 105 x 187 mm<br \/>\n7.3 x 4.1 x 7.4 in<\/td>\n<td style=\"padding: 6px 8px; border: 0px; text-align: center;\">265 x 230 x 230 mm<br \/>\n10.4 x 9.1 x 9.1 in<\/td>\n<td style=\"padding: 6px 8px; border: 0px; text-align: center;\">2.34 kg<br \/>\n6 lb<\/td>\n<td style=\"padding: 6px 8px; border: 0px; text-align: center;\">1.78 kg<br \/>\n3.9 lb<\/td>\n<\/tr>\n<tr style=\"background: #F4F8FE;\">\n<td style=\"padding: 6px 8px; border: 0px; text-align: left;\"><strong>Bag 6.1<\/strong><\/td>\n<td style=\"padding: 6px 8px; border: 0px; text-align: center;\">6.1 L<\/td>\n<td style=\"padding: 6px 8px; border: 0px; text-align: center;\">275 x 120 x 185 mm<br \/>\n10.8 x 4.7 x 7.3 in<\/td>\n<td style=\"padding: 6px 8px; border: 0px; text-align: center;\">330 x 240 x 235 mm<br \/>\n13.0 x 9.4 x 9.3 in<\/td>\n<td style=\"padding: 6px 8px; border: 0px; text-align: center;\">3.1 kg<br \/>\n6.9 lb<\/td>\n<td style=\"padding: 6px 8px; border: 0px; text-align: center;\">2.1 kg<br \/>\n4.63 lb<\/td>\n<\/tr>\n<tr>\n<td style=\"padding: 6px 8px; border: 0px; text-align: left;\"><strong>Bag 11<\/strong><\/td>\n<td style=\"padding: 6px 8px; border: 0px; text-align: center;\">11 L<\/td>\n<td style=\"padding: 6px 8px; border: 0px; text-align: center;\">320 x 200 x 170 mm<br \/>\n12.8 x 7.9 x 6.7 in<\/td>\n<td style=\"padding: 6px 8px; border: 0px; text-align: center;\">460 x 250 x 300 mm<br \/>\n18.1 x 9.8 x 11.8 in<\/td>\n<td style=\"padding: 6px 8px; border: 0px; text-align: center;\">6 kg<br \/>\n13 lb<\/td>\n<td style=\"padding: 6px 8px; border: 0px; text-align: center;\">4.8 kg<br \/>\n10.6 lb<\/td>\n<\/tr>\n<tr style=\"background: #F4F8FE;\">\n<td style=\"padding: 6px 8px; border: 0px; text-align: left;\"><strong>Backpack 15<\/strong><\/td>\n<td style=\"padding: 6px 8px; border: 0px; text-align: center;\">15 L<\/td>\n<td style=\"padding: 6px 8px; border: 0px; text-align: center;\">280 x 360 x 150 mm<br \/>\n11 x 14.2 x 5.9 in<\/td>\n<td style=\"padding: 6px 8px; border: 0px; text-align: center;\">290 x 390 x 170 mm<br \/>\n11.4 x 15.3 x 6.7 in<\/td>\n<td style=\"padding: 6px 8px; border: 0px; text-align: center;\">N\/A<\/td>\n<td style=\"padding: 6px 8px; border: 0px; text-align: center;\">1.2 kg<br \/>\n2.65 lb<\/td>\n<\/tr>\n<\/tbody>\n<\/table>\n<p class=\"p1\" style=\"font-size: 12px; color: #203a72;\"><strong>N\/A:<\/strong> Diese Konfiguration ist f\u00fcr dieses Produkt nicht verf\u00fcgbar.<\/p>\n","protected":false},"featured_media":6578,"comment_status":"closed","ping_status":"closed","template":"","meta":{"_acf_changed":false},"product_brand":[],"product_cat":[148],"product_tag":[],"class_list":{"0":"post-8776","1":"product","2":"type-product","3":"status-publish","4":"has-post-thumbnail","6":"product_cat-parcel-shipment","8":"first","9":"instock","10":"featured","11":"shipping-taxable","12":"product-type-simple"},"acf":[],"_links":{"self":[{"href":"https:\/\/www.emballiso.com\/de\/wp-json\/wp\/v2\/product\/8776","targetHints":{"allow":["GET"]}}],"collection":[{"href":"https:\/\/www.emballiso.com\/de\/wp-json\/wp\/v2\/product"}],"about":[{"href":"https:\/\/www.emballiso.com\/de\/wp-json\/wp\/v2\/types\/product"}],"replies":[{"embeddable":true,"href":"https:\/\/www.emballiso.com\/de\/wp-json\/wp\/v2\/comments?post=8776"}],"wp:featuredmedia":[{"embeddable":true,"href":"https:\/\/www.emballiso.com\/de\/wp-json\/wp\/v2\/media\/6578"}],"wp:attachment":[{"href":"https:\/\/www.emballiso.com\/de\/wp-json\/wp\/v2\/media?parent=8776"}],"wp:term":[{"taxonomy":"product_brand","embeddable":true,"href":"https:\/\/www.emballiso.com\/de\/wp-json\/wp\/v2\/product_brand?post=8776"},{"taxonomy":"product_cat","embeddable":true,"href":"https:\/\/www.emballiso.com\/de\/wp-json\/wp\/v2\/product_cat?post=8776"},{"taxonomy":"product_tag","embeddable":true,"href":"https:\/\/www.emballiso.com\/de\/wp-json\/wp\/v2\/product_tag?post=8776"}],"curies":[{"name":"wp","href":"https:\/\/api.w.org\/{rel}","templated":true}]}}