{"id":8764,"date":"2024-11-22T09:05:41","date_gmt":"2024-11-22T08:05:41","guid":{"rendered":"https:\/\/www.emballiso.com\/produit\/modular-box-pallet\/"},"modified":"2026-04-20T10:00:56","modified_gmt":"2026-04-20T08:00:56","slug":"modular-box-pallet","status":"publish","type":"product","link":"https:\/\/www.emballiso.com\/de\/produit\/modular-box-pallet\/","title":{"rendered":"Modular Box Pallet"},"content":{"rendered":"","protected":false},"excerpt":{"rendered":"<h2 style=\"color: #307bbf;\">PREMIUM\u2011 oder STANDARD\u2011L\u00f6sung f\u00fcr temperaturgef\u00fchrte Gro\u00dfvolumensendungen<\/h2>\n<p>Modulare Box\u2011Paletten wurden entwickelt, um eine starke thermische Leistung <strong>bis zu 120 Stunden<\/strong> mit maximaler logistischer Flexibilit\u00e4t zu verbinden \u2013 f\u00fcr einen effizienten Transport und vereinfachte Reuse\u2011 &amp;\u2011Reverse\u2011Logistikprozesse: <\/p>\n<ul>\n<li>Modulares und faltbares Design: leicht und vollst\u00e4ndig demontierbar, erm\u00f6glicht eine Montage und Demontage in weniger als 6 Minuten sowie einen platzsparenden Transport und eine kompakte Lagerung im Flat\u2011Pack\u2011Format.<\/li>\n<li>Optimierte Kosten und Nachhaltigkeit: hohe Kapazit\u00e4t, wiederverwendbar innerhalb des Reuse\u2011 &amp;\u2011Reverse\u2011Netzwerks und darauf ausgelegt, Transport\u2011 und Lagerkosten sowie die Umweltbelastung zu reduzieren.<\/li>\n<\/ul>\n<p>&nbsp;<\/p>\n<table style=\"width: 100%; border-collapse: collapse; font-size: 12px; color: #203a72;\">\n<thead>\n<tr style=\"text-align: center;\">\n<th style=\"padding: 6px 8px; border: 0px; background: transparent;\" colspan=\"5\"><\/th>\n<th style=\"padding: 6px 8px; border: 0px; background: #F4F8FE;\" colspan=\"3\">SYSTEMGEWICHT<\/th>\n<\/tr>\n<tr style=\"background-color: #203a72; color: #ffffff; text-align: center;\">\n<th style=\"padding: 6px 8px; border: 0px; background: transparent;\">Produktname<\/th>\n<th style=\"padding: 6px 8px; border: 0px; background: transparent;\">Nutzvolumen<\/th>\n<th style=\"padding: 6px 8px; border: 0px; background: transparent;\">Innenraum<br \/>\nL x B x H<\/th>\n<th style=\"padding: 6px 8px; border: 0px; background: transparent;\">Au\u00dfenma\u00dfe<br \/>\nL x B x H<\/th>\n<th style=\"padding: 6px 8px; border: 0px; background: transparent;\">Volumengewicht<\/th>\n<th style=\"padding: 6px 8px; border: 0px; background: transparent;\">STANDARD (Wasser)<br \/>\nCool \/ Temperate<\/th>\n<th style=\"padding: 6px 8px; border: 0px; background: transparent;\">PREMIUM (PCM)<br \/>\nCool<\/th>\n<\/tr>\n<\/thead>\n<tbody>\n<tr style=\"background: #F4F8FE;\">\n<td style=\"padding: 6px 8px; border: 0px; text-align: left;\"><strong>Modular BP 601 6 sides<\/strong><\/td>\n<td style=\"padding: 6px 8px; border: 0px; text-align: center;\">601 L<\/td>\n<td style=\"padding: 6px 8px; border: 0px; text-align: center;\">955 x 768 x 819 mm<br \/>\n37.6 x 30.2 x 32.2 in<\/td>\n<td style=\"padding: 6px 8px; border: 0px; text-align: center;\">1 201 x 1 006 x 1 194 mm<br \/>\n47.3 x 39.6 x 47 in<\/td>\n<td style=\"padding: 6px 8px; border: 0px; text-align: center;\">241 kg<br \/>\n530 lb<\/td>\n<td style=\"padding: 6px 8px; border: 0px; text-align: center;\">N\/A<\/td>\n<td style=\"padding: 6px 8px; border: 0px; text-align: center;\">106 kg<br \/>\n234 lb<\/td>\n<\/tr>\n<tr>\n<td style=\"padding: 6px 8px; border: 0px; text-align: left;\"><strong>Modular BP 723 3 sides<\/strong><\/td>\n<td style=\"padding: 6px 8px; border: 0px; text-align: center;\">723 L<\/td>\n<td style=\"padding: 6px 8px; border: 0px; text-align: center;\">1067 x 768 x 882 mm<br \/>\n42 x 30.2 x 34.7 in<\/td>\n<td style=\"padding: 6px 8px; border: 0px; text-align: center;\">1 201 x 1006 x 1194 mm<br \/>\n47.3 x 39.6 x 47 in<\/td>\n<td style=\"padding: 6px 8px; border: 0px; text-align: center;\">241 kg<br \/>\n530 lbs<\/td>\n<td style=\"padding: 6px 8px; border: 0px; text-align: center;\">76 kg<br \/>\n167.6 lb<\/td>\n<td style=\"padding: 6px 8px; border: 0px; text-align: center;\">N\/A<\/td>\n<\/tr>\n<tr style=\"background: #F4F8FE;\">\n<td style=\"padding: 6px 8px; border: 0px; text-align: left;\"><strong>Modular BP 866 6 sides<\/strong><\/td>\n<td style=\"padding: 6px 8px; border: 0px; text-align: center;\">866 L<\/td>\n<td style=\"padding: 6px 8px; border: 0px; text-align: center;\">955 X 768 X 1 181 mm<br \/>\n37.6 x 30.2 x 46.5 in<\/td>\n<td style=\"padding: 6px 8px; border: 0px; text-align: center;\">1 201 x 1 006 x 1 556 mm<br \/>\n47.3 x 39.6 x 61.3 in<\/td>\n<td style=\"padding: 6px 8px; border: 0px; text-align: center;\">314 kg<br \/>\n691 lb<\/td>\n<td style=\"padding: 6px 8px; border: 0px; text-align: center;\">N\/A<\/td>\n<td style=\"padding: 6px 8px; border: 0px; text-align: center;\">124 kg<br \/>\n273 lb<\/td>\n<\/tr>\n<tr>\n<td style=\"padding: 6px 8px; border: 0px; text-align: left;\"><strong>Modular BP 1019 3 sides<\/strong><\/td>\n<td style=\"padding: 6px 8px; border: 0px; text-align: center;\">1 019 L<\/td>\n<td style=\"padding: 6px 8px; border: 0px; text-align: center;\">1 067 x 768 x 1 244 mm<br \/>\n42 x 30.2 x 49 in<\/td>\n<td style=\"padding: 6px 8px; border: 0px; text-align: center;\">1 201 x 1 006 x 1 556 mm<br \/>\n47.3 x 39.6 x 61.3 in<\/td>\n<td style=\"padding: 6px 8px; border: 0px; text-align: center;\">314 kg<br \/>\n691 lb<\/td>\n<td style=\"padding: 6px 8px; border: 0px; text-align: center;\">94 kg<br \/>\n207,2 lb<\/td>\n<td style=\"padding: 6px 8px; border: 0px; text-align: center;\">N\/A<\/td>\n<\/tr>\n<\/tbody>\n<\/table>\n<p class=\"p1\" style=\"font-size: 12px; color: #203a72;\"><strong>N\/A:<\/strong> Diese Konfiguration ist f\u00fcr dieses Produkt nicht verf\u00fcgbar.<\/p>\n","protected":false},"featured_media":6604,"comment_status":"closed","ping_status":"closed","template":"","meta":{"_acf_changed":false},"product_brand":[],"product_cat":[147],"product_tag":[],"class_list":{"0":"post-8764","1":"product","2":"type-product","3":"status-publish","4":"has-post-thumbnail","6":"product_cat-cargo-shipment","8":"first","9":"instock","10":"featured","11":"shipping-taxable","12":"product-type-simple"},"acf":[],"_links":{"self":[{"href":"https:\/\/www.emballiso.com\/de\/wp-json\/wp\/v2\/product\/8764","targetHints":{"allow":["GET"]}}],"collection":[{"href":"https:\/\/www.emballiso.com\/de\/wp-json\/wp\/v2\/product"}],"about":[{"href":"https:\/\/www.emballiso.com\/de\/wp-json\/wp\/v2\/types\/product"}],"replies":[{"embeddable":true,"href":"https:\/\/www.emballiso.com\/de\/wp-json\/wp\/v2\/comments?post=8764"}],"wp:featuredmedia":[{"embeddable":true,"href":"https:\/\/www.emballiso.com\/de\/wp-json\/wp\/v2\/media\/6604"}],"wp:attachment":[{"href":"https:\/\/www.emballiso.com\/de\/wp-json\/wp\/v2\/media?parent=8764"}],"wp:term":[{"taxonomy":"product_brand","embeddable":true,"href":"https:\/\/www.emballiso.com\/de\/wp-json\/wp\/v2\/product_brand?post=8764"},{"taxonomy":"product_cat","embeddable":true,"href":"https:\/\/www.emballiso.com\/de\/wp-json\/wp\/v2\/product_cat?post=8764"},{"taxonomy":"product_tag","embeddable":true,"href":"https:\/\/www.emballiso.com\/de\/wp-json\/wp\/v2\/product_tag?post=8764"}],"curies":[{"name":"wp","href":"https:\/\/api.w.org\/{rel}","templated":true}]}}