{"id":6603,"date":"2024-11-22T09:05:41","date_gmt":"2024-11-22T08:05:41","guid":{"rendered":"https:\/\/www.emballiso.com\/produit\/modular-box-pallet\/"},"modified":"2024-11-22T09:05:41","modified_gmt":"2024-11-22T08:05:41","slug":"modular-box-pallet","status":"publish","type":"product","link":"https:\/\/www.emballiso.com\/de\/produit\/modular-box-pallet\/","title":{"rendered":"Modular Box Pallet"},"content":{"rendered":"","protected":false},"excerpt":{"rendered":"<h2 style=\"color: #307bbf;\">PREMIUM\u2011 oder STANDARD\u2011L\u00f6sung f\u00fcr temperaturgef\u00fchrte Gro\u00dfvolumensendungen<\/h2>\n<p>Modulare Box\u2011Paletten wurden entwickelt, um eine starke thermische Leistung <strong>bis zu 120 Stunden<\/strong> mit maximaler logistischer Flexibilit\u00e4t zu verbinden \u2013 f\u00fcr einen effizienten Transport und vereinfachte Reuse\u2011 &amp;\u2011Reverse\u2011Logistikprozesse: <\/p>\n<ul>\n<li>Modulares und faltbares Design: leicht und vollst\u00e4ndig demontierbar, erm\u00f6glicht eine Montage und Demontage in weniger als 6 Minuten sowie einen platzsparenden Transport und eine kompakte Lagerung im Flat\u2011Pack\u2011Format.<\/li>\n<li>Optimierte Kosten und Nachhaltigkeit: hohe Kapazit\u00e4t, wiederverwendbar innerhalb des Reuse\u2011 &amp;\u2011Reverse\u2011Netzwerks und darauf ausgelegt, Transport\u2011 und Lagerkosten sowie die Umweltbelastung zu reduzieren.<\/li>\n<\/ul>\n","protected":false},"featured_media":6604,"comment_status":"closed","ping_status":"closed","template":"","meta":{"_acf_changed":false},"product_brand":[],"product_cat":[147],"product_tag":[],"class_list":{"0":"post-6603","1":"product","2":"type-product","3":"status-publish","4":"has-post-thumbnail","6":"product_cat-cargo-shipment","8":"first","9":"instock","10":"featured","11":"shipping-taxable","12":"product-type-simple"},"acf":[],"_links":{"self":[{"href":"https:\/\/www.emballiso.com\/de\/wp-json\/wp\/v2\/product\/6603","targetHints":{"allow":["GET"]}}],"collection":[{"href":"https:\/\/www.emballiso.com\/de\/wp-json\/wp\/v2\/product"}],"about":[{"href":"https:\/\/www.emballiso.com\/de\/wp-json\/wp\/v2\/types\/product"}],"replies":[{"embeddable":true,"href":"https:\/\/www.emballiso.com\/de\/wp-json\/wp\/v2\/comments?post=6603"}],"wp:featuredmedia":[{"embeddable":true,"href":"https:\/\/www.emballiso.com\/de\/wp-json\/wp\/v2\/media\/6604"}],"wp:attachment":[{"href":"https:\/\/www.emballiso.com\/de\/wp-json\/wp\/v2\/media?parent=6603"}],"wp:term":[{"taxonomy":"product_brand","embeddable":true,"href":"https:\/\/www.emballiso.com\/de\/wp-json\/wp\/v2\/product_brand?post=6603"},{"taxonomy":"product_cat","embeddable":true,"href":"https:\/\/www.emballiso.com\/de\/wp-json\/wp\/v2\/product_cat?post=6603"},{"taxonomy":"product_tag","embeddable":true,"href":"https:\/\/www.emballiso.com\/de\/wp-json\/wp\/v2\/product_tag?post=6603"}],"curies":[{"name":"wp","href":"https:\/\/api.w.org\/{rel}","templated":true}]}}