{"id":6588,"date":"2024-11-23T10:35:15","date_gmt":"2024-11-23T09:35:15","guid":{"rendered":"https:\/\/www.emballiso.com\/produit\/box-pallet\/"},"modified":"2026-03-23T17:20:08","modified_gmt":"2026-03-23T16:20:08","slug":"box-pallet","status":"publish","type":"product","link":"https:\/\/www.emballiso.com\/de\/produit\/box-pallet\/","title":{"rendered":"Box Pallet"},"content":{"rendered":"","protected":false},"excerpt":{"rendered":"<h2 style=\"color: #307bbf;\">PREMIUM\u2011 oder STANDARD\u2011L\u00f6sung f\u00fcr temperaturgef\u00fchrten Gro\u00dfvolumentransport<\/h2>\n<p>Box\u2011Palettenbeh\u00e4lter wurden entwickelt, um den Versand gro\u00dfer Mengen temperaturempfindlicher Produkte zu erleichtern \u2013 bei gleichzeitig zuverl\u00e4ssigem thermischem Schutz und optimierten Logistikabl\u00e4ufen:<\/p>\n<ul>\n<li>Zuverl\u00e4ssige thermische Leistung: h\u00e4lt die Bereiche COOL +2\u00b0C\/+8\u00b0C, TEMPERATE +2\u00b0C\/+25\u00b0C und TEMPERATE +15\u00b0C\/+25\u00b0C<strong> bis zu 120 Stunden<\/strong> ein, validiert f\u00fcr Au\u00dfentemperaturen von \u201320\u00b0C bis +60\u00b0C und qualifiziert f\u00fcr General\u2011Cargo\u2011 und Airline\u2011Transportanforderungen.<\/li>\n<li>Einfache und effiziente Abl\u00e4ufe: leicht zu beladen, zu best\u00fccken und zu transportieren, mit identischen PCM\u2011Akkutaschen f\u00fcr alle Box\u2011Paletten\u2011Gr\u00f6\u00dfen \u2013 unterst\u00fctzt durch detaillierte Vorbereitungsvorschriften und spezielle Schulungen.<\/li>\n<\/ul>\n","protected":false},"featured_media":6589,"comment_status":"closed","ping_status":"closed","template":"","meta":{"_acf_changed":false},"product_brand":[],"product_cat":[147],"product_tag":[],"class_list":{"0":"post-6588","1":"product","2":"type-product","3":"status-publish","4":"has-post-thumbnail","6":"product_cat-cargo-shipment","8":"first","9":"instock","10":"shipping-taxable","11":"product-type-simple"},"acf":[],"_links":{"self":[{"href":"https:\/\/www.emballiso.com\/de\/wp-json\/wp\/v2\/product\/6588","targetHints":{"allow":["GET"]}}],"collection":[{"href":"https:\/\/www.emballiso.com\/de\/wp-json\/wp\/v2\/product"}],"about":[{"href":"https:\/\/www.emballiso.com\/de\/wp-json\/wp\/v2\/types\/product"}],"replies":[{"embeddable":true,"href":"https:\/\/www.emballiso.com\/de\/wp-json\/wp\/v2\/comments?post=6588"}],"wp:featuredmedia":[{"embeddable":true,"href":"https:\/\/www.emballiso.com\/de\/wp-json\/wp\/v2\/media\/6589"}],"wp:attachment":[{"href":"https:\/\/www.emballiso.com\/de\/wp-json\/wp\/v2\/media?parent=6588"}],"wp:term":[{"taxonomy":"product_brand","embeddable":true,"href":"https:\/\/www.emballiso.com\/de\/wp-json\/wp\/v2\/product_brand?post=6588"},{"taxonomy":"product_cat","embeddable":true,"href":"https:\/\/www.emballiso.com\/de\/wp-json\/wp\/v2\/product_cat?post=6588"},{"taxonomy":"product_tag","embeddable":true,"href":"https:\/\/www.emballiso.com\/de\/wp-json\/wp\/v2\/product_tag?post=6588"}],"curies":[{"name":"wp","href":"https:\/\/api.w.org\/{rel}","templated":true}]}}