{"id":6577,"date":"2025-09-17T09:50:16","date_gmt":"2025-09-17T07:50:16","guid":{"rendered":"https:\/\/www.emballiso.com\/produit\/isothermal-bag\/"},"modified":"2026-03-23T17:10:15","modified_gmt":"2026-03-23T16:10:15","slug":"isothermal-bag","status":"publish","type":"product","link":"https:\/\/www.emballiso.com\/de\/produit\/isothermal-bag\/","title":{"rendered":"ISOTHERMAL BAG"},"content":{"rendered":"","protected":false},"excerpt":{"rendered":"<h2 style=\"color: #307bbf;\">STANDARD \u2013 praktische isotherme L\u00f6sung f\u00fcr die K\u00fchlkette<\/h2>\n<ul>\n<li><strong>Bis zu 24 Stunden<\/strong> Temperaturkontrolle: h\u00e4lt den Bereich COOL 2\u00b0C\u20138\u00b0C ein \u2013 ideal f\u00fcr den Transport von Impfstoffen, Insulin und anderen temperaturempfindlichen medizinischen Produkten.<\/li>\n<li>In mehreren Gr\u00f6\u00dfen erh\u00e4ltlich und f\u00fcr eine einfache Handhabung bei der Letzten Meile konzipiert.<\/li>\n<\/ul>\n","protected":false},"featured_media":6578,"comment_status":"closed","ping_status":"closed","template":"","meta":{"_acf_changed":false},"product_brand":[],"product_cat":[148],"product_tag":[],"class_list":{"0":"post-6577","1":"product","2":"type-product","3":"status-publish","4":"has-post-thumbnail","6":"product_cat-parcel-shipment","8":"first","9":"instock","10":"featured","11":"shipping-taxable","12":"product-type-simple"},"acf":[],"_links":{"self":[{"href":"https:\/\/www.emballiso.com\/de\/wp-json\/wp\/v2\/product\/6577","targetHints":{"allow":["GET"]}}],"collection":[{"href":"https:\/\/www.emballiso.com\/de\/wp-json\/wp\/v2\/product"}],"about":[{"href":"https:\/\/www.emballiso.com\/de\/wp-json\/wp\/v2\/types\/product"}],"replies":[{"embeddable":true,"href":"https:\/\/www.emballiso.com\/de\/wp-json\/wp\/v2\/comments?post=6577"}],"wp:featuredmedia":[{"embeddable":true,"href":"https:\/\/www.emballiso.com\/de\/wp-json\/wp\/v2\/media\/6578"}],"wp:attachment":[{"href":"https:\/\/www.emballiso.com\/de\/wp-json\/wp\/v2\/media?parent=6577"}],"wp:term":[{"taxonomy":"product_brand","embeddable":true,"href":"https:\/\/www.emballiso.com\/de\/wp-json\/wp\/v2\/product_brand?post=6577"},{"taxonomy":"product_cat","embeddable":true,"href":"https:\/\/www.emballiso.com\/de\/wp-json\/wp\/v2\/product_cat?post=6577"},{"taxonomy":"product_tag","embeddable":true,"href":"https:\/\/www.emballiso.com\/de\/wp-json\/wp\/v2\/product_tag?post=6577"}],"curies":[{"name":"wp","href":"https:\/\/api.w.org\/{rel}","templated":true}]}}