{"id":6557,"date":"2025-09-19T15:46:21","date_gmt":"2025-09-19T13:46:21","guid":{"rendered":"https:\/\/www.emballiso.com\/produit\/standard-national\/"},"modified":"2026-04-24T11:44:39","modified_gmt":"2026-04-24T09:44:39","slug":"standard-national","status":"publish","type":"product","link":"https:\/\/www.emballiso.com\/de\/produit\/standard-national\/","title":{"rendered":"STANDARD NATIONAL +"},"content":{"rendered":"","protected":false},"excerpt":{"rendered":"<h2 style=\"color: #307bbf;\">STANDARD \u2013 zuverl\u00e4ssige isotherme Verpackungsl\u00f6sung f\u00fcr nationale Sendungen<\/h2>\n<ul>\n<li><strong>Bis zu 72 Stunden<\/strong> Temperaturstabilit\u00e4t: h\u00e4lt die Bereiche COOL 2\u00b0C\u20138\u00b0C oder TEMPERATE 2\u00b0C\u201325\u00b0C ein \u2013 ideal f\u00fcr nationale Sendungen mit mittlerer Transportdauer.<\/li>\n<li>Hergestellt aus EPS (expandiertem Polystyrol) und Teil der STANDARD\u2011Reihe \u2013 eine zuverl\u00e4ssige und wirtschaftliche L\u00f6sung.<\/li>\n<li>Von unserem Engineering\u2011Team unter anspruchsvollen realen Transportbedingungen getestet, mit detaillierten Vorbereitungsvorschriften und der M\u00f6glichkeit f\u00fcr Schulungen vor Ort.<\/li>\n<\/ul>\n<p>&nbsp;<\/p>\n<table style=\"width: 100%; border-collapse: collapse; font-size: 12px; color: #203a72;\">\n<thead>\n<tr style=\"background-color: #203a72; color: #ffffff; text-align: center;\">\n<th style=\"padding: 6px 8px; border: 0px; background: transparent;\">Produktname<\/th>\n<th style=\"padding: 6px 8px; border: 0px; background: transparent;\">Nutzvolumen<\/th>\n<th style=\"padding: 6px 8px; border: 0px; background: transparent;\">Innenraum<br \/>\nL x B x H<\/th>\n<th style=\"padding: 6px 8px; border: 0px; background: transparent;\">Au\u00dfenma\u00dfe<br \/>\nL x B x H<\/th>\n<th style=\"padding: 6px 8px; border: 0px; background: transparent;\">Volumengewicht<\/th>\n<th style=\"padding: 6px 8px; border: 0px; background: transparent;\">Systemgewicht<\/th>\n<\/tr>\n<\/thead>\n<tbody>\n<tr style=\"background: #F4F8FE;\">\n<td style=\"padding: 6px 8px; border: 0px; text-align: left;\"><strong>SN 2+<\/strong><\/td>\n<td style=\"padding: 6px 8px; border: 0px; text-align: center;\">2 L<\/td>\n<td style=\"padding: 6px 8px; border: 0px; text-align: center;\">178 x 68 x 178 mm<br \/>\n7.01 x 2.68 x 7.01 in<\/td>\n<td style=\"padding: 6px 8px; border: 0px; text-align: center;\">310 x 310 x 310 mm<br \/>\n12.2 x 12.2 x 12.2 in<\/td>\n<td style=\"padding: 6px 8px; border: 0px; text-align: center;\">5 kg<br \/>\n11 lb<\/td>\n<td style=\"padding: 6px 8px; border: 0px; text-align: center;\">2.5 kg<br \/>\n5.6 lb<\/td>\n<\/tr>\n<tr>\n<td style=\"padding: 6px 8px; border: 0px; text-align: left;\"><strong>SN 5+<\/strong><\/td>\n<td style=\"padding: 6px 8px; border: 0px; text-align: center;\">5 L<\/td>\n<td style=\"padding: 6px 8px; border: 0px; text-align: center;\">165 x 165 x 185 mm<br \/>\n6.5 x 6.5 x 7.3 in<\/td>\n<td style=\"padding: 6px 8px; border: 0px; text-align: center;\">398 x 388 x 307 mm<br \/>\n15.7 x 15.3 x 12.1 in<\/td>\n<td style=\"padding: 6px 8px; border: 0px; text-align: center;\">8 kg<br \/>\n18 lb<\/td>\n<td style=\"padding: 6px 8px; border: 0px; text-align: center;\">4.5 kg<br \/>\n9.9 lb<\/td>\n<\/tr>\n<tr style=\"background: #F4F8FE;\">\n<td style=\"padding: 6px 8px; border: 0px; text-align: left;\"><strong>SN 11+<\/strong><\/td>\n<td style=\"padding: 6px 8px; border: 0px; text-align: center;\">11 L<\/td>\n<td style=\"padding: 6px 8px; border: 0px; text-align: center;\">330 x 165 x 205 mm<br \/>\n13 x 6.5 x 8.1 in<\/td>\n<td style=\"padding: 6px 8px; border: 0px; text-align: center;\">530 x 365 x 315 mm<br \/>\n20.9 x 14.4 x 12.4 in<\/td>\n<td style=\"padding: 6px 8px; border: 0px; text-align: center;\">11 kg<br \/>\n23 lb<\/td>\n<td style=\"padding: 6px 8px; border: 0px; text-align: center;\">6.5 kg<br \/>\n14.2 lb<\/td>\n<\/tr>\n<tr>\n<td style=\"padding: 6px 8px; border: 0px; text-align: left;\"><strong>SN 30+<\/strong><\/td>\n<td style=\"padding: 6px 8px; border: 0px; text-align: center;\">30 L<\/td>\n<td style=\"padding: 6px 8px; border: 0px; text-align: center;\">430 x 270 x 254 mm<br \/>\n16.9 x 10.6 x 10 in<\/td>\n<td style=\"padding: 6px 8px; border: 0px; text-align: center;\">600 x 440 x 376 mm<br \/>\n23.6 x 17.3 x 14.8 in<\/td>\n<td style=\"padding: 6px 8px; border: 0px; text-align: center;\">17 kg<br \/>\n37 lb<\/td>\n<td style=\"padding: 6px 8px; border: 0px; text-align: center;\">11 kg<br \/>\n24 lb<\/td>\n<\/tr>\n<\/tbody>\n<\/table>\n","protected":false},"featured_media":6558,"comment_status":"closed","ping_status":"closed","template":"","meta":{"_acf_changed":false},"product_brand":[],"product_cat":[148],"product_tag":[],"class_list":{"0":"post-6557","1":"product","2":"type-product","3":"status-publish","4":"has-post-thumbnail","6":"product_cat-parcel-shipment","8":"first","9":"instock","10":"featured","11":"shipping-taxable","12":"product-type-simple"},"acf":[],"_links":{"self":[{"href":"https:\/\/www.emballiso.com\/de\/wp-json\/wp\/v2\/product\/6557","targetHints":{"allow":["GET"]}}],"collection":[{"href":"https:\/\/www.emballiso.com\/de\/wp-json\/wp\/v2\/product"}],"about":[{"href":"https:\/\/www.emballiso.com\/de\/wp-json\/wp\/v2\/types\/product"}],"replies":[{"embeddable":true,"href":"https:\/\/www.emballiso.com\/de\/wp-json\/wp\/v2\/comments?post=6557"}],"wp:featuredmedia":[{"embeddable":true,"href":"https:\/\/www.emballiso.com\/de\/wp-json\/wp\/v2\/media\/6558"}],"wp:attachment":[{"href":"https:\/\/www.emballiso.com\/de\/wp-json\/wp\/v2\/media?parent=6557"}],"wp:term":[{"taxonomy":"product_brand","embeddable":true,"href":"https:\/\/www.emballiso.com\/de\/wp-json\/wp\/v2\/product_brand?post=6557"},{"taxonomy":"product_cat","embeddable":true,"href":"https:\/\/www.emballiso.com\/de\/wp-json\/wp\/v2\/product_cat?post=6557"},{"taxonomy":"product_tag","embeddable":true,"href":"https:\/\/www.emballiso.com\/de\/wp-json\/wp\/v2\/product_tag?post=6557"}],"curies":[{"name":"wp","href":"https:\/\/api.w.org\/{rel}","templated":true}]}}