{"id":6547,"date":"2025-09-20T14:30:38","date_gmt":"2025-09-20T12:30:38","guid":{"rendered":"https:\/\/www.emballiso.com\/produit\/deep-freeze\/"},"modified":"2026-03-23T16:37:54","modified_gmt":"2026-03-23T15:37:54","slug":"deep-freeze","status":"publish","type":"product","link":"https:\/\/www.emballiso.com\/de\/produit\/deep-freeze\/","title":{"rendered":"DEEP FREEZE"},"content":{"rendered":"","protected":false},"excerpt":{"rendered":"<h2 style=\"color: #307bbf;\">PREMIUM \u2013 isotherme L\u00f6sung f\u00fcr temperaturgef\u00fchrte Sendungen<\/h2>\n<ul>\n<li>In Kombination mit Trockeneis h\u00e4lt Deep Freeze Ihre Produkte <strong><strong>bis zu 144 Stunden<\/strong><\/strong> bei \u201370\u202f\u00b0C.<\/li>\n<li>Benutzerfreundlich und zuverl\u00e4ssig: einfach zu handhaben und f\u00fcr den Transport gro\u00dfer Volumina konzipiert \u2013 so bleiben Ihre temperaturempfindlichen Produkte w\u00e4hrend des gesamten Transports sicher gesch\u00fctzt.<\/li>\n<\/ul>\n","protected":false},"featured_media":6548,"comment_status":"closed","ping_status":"closed","template":"","meta":{"_acf_changed":false},"product_brand":[],"product_cat":[148],"product_tag":[],"class_list":{"0":"post-6547","1":"product","2":"type-product","3":"status-publish","4":"has-post-thumbnail","6":"product_cat-parcel-shipment","8":"first","9":"instock","10":"featured","11":"shipping-taxable","12":"product-type-simple"},"acf":[],"_links":{"self":[{"href":"https:\/\/www.emballiso.com\/de\/wp-json\/wp\/v2\/product\/6547","targetHints":{"allow":["GET"]}}],"collection":[{"href":"https:\/\/www.emballiso.com\/de\/wp-json\/wp\/v2\/product"}],"about":[{"href":"https:\/\/www.emballiso.com\/de\/wp-json\/wp\/v2\/types\/product"}],"replies":[{"embeddable":true,"href":"https:\/\/www.emballiso.com\/de\/wp-json\/wp\/v2\/comments?post=6547"}],"wp:featuredmedia":[{"embeddable":true,"href":"https:\/\/www.emballiso.com\/de\/wp-json\/wp\/v2\/media\/6548"}],"wp:attachment":[{"href":"https:\/\/www.emballiso.com\/de\/wp-json\/wp\/v2\/media?parent=6547"}],"wp:term":[{"taxonomy":"product_brand","embeddable":true,"href":"https:\/\/www.emballiso.com\/de\/wp-json\/wp\/v2\/product_brand?post=6547"},{"taxonomy":"product_cat","embeddable":true,"href":"https:\/\/www.emballiso.com\/de\/wp-json\/wp\/v2\/product_cat?post=6547"},{"taxonomy":"product_tag","embeddable":true,"href":"https:\/\/www.emballiso.com\/de\/wp-json\/wp\/v2\/product_tag?post=6547"}],"curies":[{"name":"wp","href":"https:\/\/api.w.org\/{rel}","templated":true}]}}