{"id":6537,"date":"2025-09-24T09:00:48","date_gmt":"2025-09-24T07:00:48","guid":{"rendered":"https:\/\/www.emballiso.com\/produit\/hpbp\/"},"modified":"2026-04-24T11:43:05","modified_gmt":"2026-04-24T09:43:05","slug":"hpbp","status":"publish","type":"product","link":"https:\/\/www.emballiso.com\/de\/produit\/hpbp\/","title":{"rendered":"HPBP"},"content":{"rendered":"<p>(HIGH PERFORMANCE BOX PALLET)<\/p>\n","protected":false},"excerpt":{"rendered":"<h2 style=\"color: #307bbf;\">PREMIUM+ isothermer Schutz f\u00fcr temperaturgef\u00fchrte Gro\u00dfvolumensendungen<\/h2>\n<p>High\u2011Performance\u2011Box\u2011Palettenbeh\u00e4lter wurden entwickelt, um gro\u00dfe Mengen temperaturempfindlicher Produkte sicher zu transportieren und gleichzeitig eine zuverl\u00e4ssige thermische Leistung \u00fcber mehrere Temperaturbereiche hinweg zu gew\u00e4hrleisten:<\/p>\n<ul>\n<li>Hohe thermische Leistung: h\u00e4lt die Bereiche COOL +2\u00b0C\/+8\u00b0C, TEMPERATE +15\u00b0C\/+25\u00b0C oder FREEZE \u221225\u00b0C\/\u221215\u00b0C <strong>bis zu 144 Stunden<\/strong> ein, qualifiziert gem\u00e4\u00df ISTA\u20117D\u2011Standards f\u00fcr Sommer und Winter.<\/li>\n<li>Sichere und wiederverwendbare L\u00f6sung: Isolierbeh\u00e4lter mit hoher Kapazit\u00e4t, entwickelt f\u00fcr den sicheren Transport gro\u00dfer Volumina, wiederverwendbar \u00fcber unseren Reuse\u2011 &amp;\u2011Reverse\u2011Service, einschlie\u00dflich Reinigung, Qualit\u00e4tskontrolle und Reparatur bei Bedarf.<\/li>\n<\/ul>\n<p>&nbsp;<\/p>\n<table style=\"width: 100%; border-collapse: collapse; font-size: 12px; color: #203a72;\">\n<thead>\n<tr style=\"text-align: center;\">\n<th style=\"padding: 6px 8px; border: 0px; background: transparent;\" colspan=\"5\"><\/th>\n<th style=\"padding: 6px 8px; border: 0px; background: #F4F8FE;\" colspan=\"3\">SYSTEMGEWICHT<\/th>\n<\/tr>\n<tr style=\"background-color: #203a72; color: #ffffff; text-align: center;\">\n<th style=\"padding: 6px 8px; border: 0px; background: transparent;\">Produktname<\/th>\n<th style=\"padding: 6px 8px; border: 0px; background: transparent;\">Nutzvolumen<\/th>\n<th style=\"padding: 6px 8px; border: 0px; background: transparent;\">Innenraum<br \/>\nL x B x H<\/th>\n<th style=\"padding: 6px 8px; border: 0px; background: transparent;\">Au\u00dfenma\u00dfe<br \/>\nL x B x H<\/th>\n<th style=\"padding: 6px 8px; border: 0px; background: transparent;\">Volumengewicht<\/th>\n<th style=\"padding: 6px 8px; border: 0px; background: transparent;\">Freeze<\/th>\n<th style=\"padding: 6px 8px; border: 0px; background: transparent;\">Cool<\/th>\n<th style=\"padding: 6px 8px; border: 0px; background: transparent;\">Temperate<\/th>\n<\/tr>\n<\/thead>\n<tbody>\n<tr style=\"background: #F4F8FE;\">\n<td style=\"padding: 6px 8px; border: 0px; text-align: left;\"><strong>HPBP 143<\/strong><\/td>\n<td style=\"padding: 6px 8px; border: 0px; text-align: center;\">143 L<\/td>\n<td style=\"padding: 6px 8px; border: 0px; text-align: center;\">816 x 421 x 416 mm<br \/>\n32.1 x 16.6 x 16.4 in<\/td>\n<td style=\"padding: 6px 8px; border: 0px; text-align: center;\">1 202 x 797 x 775 mm<br \/>\n47.3 x 31.4 x 30.5 in<\/td>\n<td style=\"padding: 6px 8px; border: 0px; text-align: center;\">124 kg<br \/>\n273 lb<\/td>\n<td style=\"padding: 6px 8px; border: 0px; text-align: center;\">69 kg<br \/>\n153 lb<\/td>\n<td style=\"padding: 6px 8px; border: 0px; text-align: center;\">57 kg<br \/>\n126 lb<\/td>\n<td style=\"padding: 6px 8px; border: 0px; text-align: center;\">57 kg<br \/>\n126 lb<\/td>\n<\/tr>\n<tr>\n<td style=\"padding: 6px 8px; border: 0px; text-align: left;\"><strong>HPBP 336<\/strong><\/td>\n<td style=\"padding: 6px 8px; border: 0px; text-align: center;\">336 L<\/td>\n<td style=\"padding: 6px 8px; border: 0px; text-align: center;\">815 x 620 x 665 mm<br \/>\n32.1 x 24.4 x 26.2 in<\/td>\n<td style=\"padding: 6px 8px; border: 0px; text-align: center;\">1 202 x 997 x 1 050 mm<br \/>\n47.3 x 39.3 x 41.3 in<\/td>\n<td style=\"padding: 6px 8px; border: 0px; text-align: center;\">211 kg<br \/>\n462 lb<\/td>\n<td style=\"padding: 6px 8px; border: 0px; text-align: center;\">114 kg<br \/>\n251 lb<\/td>\n<td style=\"padding: 6px 8px; border: 0px; text-align: center;\">93 kg<br \/>\n205 lb<\/td>\n<td style=\"padding: 6px 8px; border: 0px; text-align: center;\">92 kg<br \/>\n202 lb<\/td>\n<\/tr>\n<\/tbody>\n<\/table>\n","protected":false},"featured_media":6538,"comment_status":"closed","ping_status":"closed","template":"","meta":{"_acf_changed":false},"product_brand":[],"product_cat":[147],"product_tag":[],"class_list":{"0":"post-6537","1":"product","2":"type-product","3":"status-publish","4":"has-post-thumbnail","6":"product_cat-cargo-shipment","8":"first","9":"instock","10":"featured","11":"shipping-taxable","12":"product-type-simple"},"acf":[],"_links":{"self":[{"href":"https:\/\/www.emballiso.com\/de\/wp-json\/wp\/v2\/product\/6537","targetHints":{"allow":["GET"]}}],"collection":[{"href":"https:\/\/www.emballiso.com\/de\/wp-json\/wp\/v2\/product"}],"about":[{"href":"https:\/\/www.emballiso.com\/de\/wp-json\/wp\/v2\/types\/product"}],"replies":[{"embeddable":true,"href":"https:\/\/www.emballiso.com\/de\/wp-json\/wp\/v2\/comments?post=6537"}],"wp:featuredmedia":[{"embeddable":true,"href":"https:\/\/www.emballiso.com\/de\/wp-json\/wp\/v2\/media\/6538"}],"wp:attachment":[{"href":"https:\/\/www.emballiso.com\/de\/wp-json\/wp\/v2\/media?parent=6537"}],"wp:term":[{"taxonomy":"product_brand","embeddable":true,"href":"https:\/\/www.emballiso.com\/de\/wp-json\/wp\/v2\/product_brand?post=6537"},{"taxonomy":"product_cat","embeddable":true,"href":"https:\/\/www.emballiso.com\/de\/wp-json\/wp\/v2\/product_cat?post=6537"},{"taxonomy":"product_tag","embeddable":true,"href":"https:\/\/www.emballiso.com\/de\/wp-json\/wp\/v2\/product_tag?post=6537"}],"curies":[{"name":"wp","href":"https:\/\/api.w.org\/{rel}","templated":true}]}}