{"id":6520,"date":"2025-09-24T09:30:52","date_gmt":"2025-09-24T07:30:52","guid":{"rendered":"https:\/\/www.emballiso.com\/produit\/deep-freeze-vype\/"},"modified":"2026-03-23T15:55:02","modified_gmt":"2026-03-23T14:55:02","slug":"deep-freeze-vype","status":"publish","type":"product","link":"https:\/\/www.emballiso.com\/de\/produit\/deep-freeze-vype\/","title":{"rendered":"DEEP FREEZE VYPE"},"content":{"rendered":"","protected":false},"excerpt":{"rendered":"<h2 style=\"color: #307bbf;\">PREMIUM+ \u2013 isotherme L\u00f6sung f\u00fcr temperaturgef\u00fchrte Sendungen<\/h2>\n<ul>\n<li>H\u00e4lt Ihre Produkte <strong>bis zu 244 Stunden<\/strong> auf optimaler Temperatur, qualifiziert gem\u00e4\u00df ISTA\u20117D\u2011Standards \u2013 ganz ohne zus\u00e4tzlichen Trockeneisbedarf.<\/li>\n<\/ul>\n<ul>\n<li>Hergestellt mit vakuumisolierten Paneelen (VIP), die selbst unter extremen Bedingungen maximalen Schutz bieten.<\/li>\n<\/ul>\n","protected":false},"featured_media":5038,"comment_status":"closed","ping_status":"closed","template":"","meta":{"_acf_changed":false},"product_brand":[],"product_cat":[148],"product_tag":[],"class_list":{"0":"post-6520","1":"product","2":"type-product","3":"status-publish","4":"has-post-thumbnail","6":"product_cat-parcel-shipment","8":"first","9":"instock","10":"shipping-taxable","11":"product-type-simple"},"acf":[],"_links":{"self":[{"href":"https:\/\/www.emballiso.com\/de\/wp-json\/wp\/v2\/product\/6520","targetHints":{"allow":["GET"]}}],"collection":[{"href":"https:\/\/www.emballiso.com\/de\/wp-json\/wp\/v2\/product"}],"about":[{"href":"https:\/\/www.emballiso.com\/de\/wp-json\/wp\/v2\/types\/product"}],"replies":[{"embeddable":true,"href":"https:\/\/www.emballiso.com\/de\/wp-json\/wp\/v2\/comments?post=6520"}],"wp:featuredmedia":[{"embeddable":true,"href":"https:\/\/www.emballiso.com\/de\/wp-json\/wp\/v2\/media\/5038"}],"wp:attachment":[{"href":"https:\/\/www.emballiso.com\/de\/wp-json\/wp\/v2\/media?parent=6520"}],"wp:term":[{"taxonomy":"product_brand","embeddable":true,"href":"https:\/\/www.emballiso.com\/de\/wp-json\/wp\/v2\/product_brand?post=6520"},{"taxonomy":"product_cat","embeddable":true,"href":"https:\/\/www.emballiso.com\/de\/wp-json\/wp\/v2\/product_cat?post=6520"},{"taxonomy":"product_tag","embeddable":true,"href":"https:\/\/www.emballiso.com\/de\/wp-json\/wp\/v2\/product_tag?post=6520"}],"curies":[{"name":"wp","href":"https:\/\/api.w.org\/{rel}","templated":true}]}}