{"id":6499,"date":"2025-11-25T12:48:10","date_gmt":"2025-11-25T11:48:10","guid":{"rendered":"https:\/\/www.emballiso.com\/produit\/ecolite\/"},"modified":"2026-04-29T16:25:33","modified_gmt":"2026-04-29T14:25:33","slug":"ecolite","status":"publish","type":"product","link":"https:\/\/www.emballiso.com\/de\/produit\/ecolite\/","title":{"rendered":"EcoLite"},"content":{"rendered":"<p>(PALLET SHIPPER)<\/p>\n","protected":false},"excerpt":{"rendered":"<h2 style=\"color: #307bbf;\">PROTECTIVE isothermer Schutz f\u00fcr die essenzielle K\u00fchlkettenlogistik<\/h2>\n<p>EcoLite\u2011Palettenversender wurden entwickelt, um einen zuverl\u00e4ssigen Temperaturschutz f\u00fcr pharmazeutische Sendungen zu gew\u00e4hrleisten und gleichzeitig eine einfache Handhabung sowie optimierte Logistikabl\u00e4ufe sicherzustellen:<\/p>\n<ul>\n<li>Zuverl\u00e4ssige Temperaturkontrolle: h\u00e4lt die Bereiche COOL +2\u00b0C \/ +8\u00b0C oder TEMPERATE +15\u00b0C \/ +25\u00b0C ein und ist damit ideal f\u00fcr Pharmakorridore, strenge Anforderungen von Fluggesellschaften sowie Seefrachtsendungen.<\/li>\n<li>Vereinfachte Abl\u00e4ufe: das intelligente Design erm\u00f6glicht eine schnelle Vorbereitung und Montage in etwa 3 Minuten und sorgt f\u00fcr eine schnelle und einfache Handhabung entlang der gesamten Logistikkette.<\/li>\n<li>Effiziente und verantwortungsvolle L\u00f6sung: optimiert zur Reduzierung von Logistikkosten und Umweltbelastung, mit vereinfachter R\u00fcckf\u00fchrung dank des Reuse\u2011 &amp;\u2011Reverse\u2011Servicenetzwerks.<\/li>\n<\/ul>\n<p>&nbsp;<\/p>\n<table style=\"width: 100%; border-collapse: collapse; font-size: 12px; color: #203a72;\">\n<thead>\n<tr style=\"text-align: center;\">\n<th style=\"padding: 6px 8px; border: 0px; background: transparent;\" colspan=\"5\"><\/th>\n<th style=\"padding: 6px 8px; border: 0px; background: #F4F8FE;\">SYSTEMGEWICHT<\/th>\n<\/tr>\n<tr style=\"background-color: #203a72; color: #ffffff; text-align: center;\">\n<th style=\"padding: 6px 8px; border: 0px; background: transparent;\">Produktname<\/th>\n<th style=\"padding: 6px 8px; border: 0px; background: transparent;\">Nutzvolumen<\/th>\n<th style=\"padding: 6px 8px; border: 0px; background: transparent;\">Innenraum<br \/>\nL x B x H<\/th>\n<th style=\"padding: 6px 8px; border: 0px; background: transparent;\">Au\u00dfenma\u00dfe<br \/>\nL x B x H<\/th>\n<th style=\"padding: 6px 8px; border: 0px; background: transparent;\">Volumengewicht<\/th>\n<th style=\"padding: 6px 8px; border: 0px; background: transparent;\">STANDARD (Wasser)<br \/>\nCool<\/th>\n<\/tr>\n<\/thead>\n<tbody>\n<tr style=\"background: #F4F8FE;\">\n<td style=\"padding: 6px 8px; border: 0px; text-align: left;\"><strong>Euro EcoLite<\/strong><br \/>\n(1 Euro Pallet)<\/td>\n<td style=\"padding: 6px 8px; border: 0px; text-align: center;\">1 313 L<\/td>\n<td style=\"padding: 6px 8px; border: 0px; text-align: center;\">1 257 x 829 x 1 260 mm<br \/>\n49.5 x 32.6 x 49.6 in<\/td>\n<td style=\"padding: 6px 8px; border: 0px; text-align: center;\">1 384 x 961 x 1 587 mm<br \/>\n54.5 x 37.8 x 62.5 in<\/td>\n<td style=\"padding: 6px 8px; border: 0px; text-align: center;\">353 kg<br \/>\n775 lb<\/td>\n<td style=\"padding: 6px 8px; border: 0px; text-align: center;\">75 (+\/-10) kg<br \/>\n165 (+\/-22) lb<\/td>\n<\/tr>\n<tr>\n<td style=\"padding: 6px 8px; border: 0px; text-align: left;\"><strong>US EcoLite<\/strong><br \/>\n(1 US Pallet)<\/td>\n<td style=\"padding: 6px 8px; border: 0px; text-align: center;\">1 655 L<\/td>\n<td style=\"padding: 6px 8px; border: 0px; text-align: center;\">1 257 x 1 045 x 1 260 mm<br \/>\n49.5 x 41.1 x 49.6 in<\/td>\n<td style=\"padding: 6px 8px; border: 0px; text-align: center;\">1 384 x 1 177 x 1 587 mm<br \/>\n54.5 x 46.3 x 62.5 in<\/td>\n<td style=\"padding: 6px 8px; border: 0px; text-align: center;\">432 kg<br \/>\n950 lb<\/td>\n<td style=\"padding: 6px 8px; border: 0px; text-align: center;\">81 (+\/-10) kg<br \/>\n179 (+\/-22) lb<\/td>\n<\/tr>\n<\/tbody>\n<\/table>\n<div style=\"padding: 6px 8px; border: 0px; text-align: left; font-size: 12px;\">*Ungef\u00e4hre Gewichtsabweichung des Systems: \u00b1 10 kg (22 lb)<\/div>\n","protected":false},"featured_media":6500,"comment_status":"closed","ping_status":"closed","template":"","meta":{"_acf_changed":false},"product_brand":[],"product_cat":[147],"product_tag":[],"class_list":{"0":"post-6499","1":"product","2":"type-product","3":"status-publish","4":"has-post-thumbnail","6":"product_cat-cargo-shipment","8":"first","9":"instock","10":"shipping-taxable","11":"product-type-simple"},"acf":[],"_links":{"self":[{"href":"https:\/\/www.emballiso.com\/de\/wp-json\/wp\/v2\/product\/6499","targetHints":{"allow":["GET"]}}],"collection":[{"href":"https:\/\/www.emballiso.com\/de\/wp-json\/wp\/v2\/product"}],"about":[{"href":"https:\/\/www.emballiso.com\/de\/wp-json\/wp\/v2\/types\/product"}],"replies":[{"embeddable":true,"href":"https:\/\/www.emballiso.com\/de\/wp-json\/wp\/v2\/comments?post=6499"}],"wp:featuredmedia":[{"embeddable":true,"href":"https:\/\/www.emballiso.com\/de\/wp-json\/wp\/v2\/media\/6500"}],"wp:attachment":[{"href":"https:\/\/www.emballiso.com\/de\/wp-json\/wp\/v2\/media?parent=6499"}],"wp:term":[{"taxonomy":"product_brand","embeddable":true,"href":"https:\/\/www.emballiso.com\/de\/wp-json\/wp\/v2\/product_brand?post=6499"},{"taxonomy":"product_cat","embeddable":true,"href":"https:\/\/www.emballiso.com\/de\/wp-json\/wp\/v2\/product_cat?post=6499"},{"taxonomy":"product_tag","embeddable":true,"href":"https:\/\/www.emballiso.com\/de\/wp-json\/wp\/v2\/product_tag?post=6499"}],"curies":[{"name":"wp","href":"https:\/\/api.w.org\/{rel}","templated":true}]}}