{"id":6484,"date":"2025-11-27T09:52:37","date_gmt":"2025-11-27T08:52:37","guid":{"rendered":"https:\/\/www.emballiso.com\/produit\/hpps\/"},"modified":"2026-03-23T13:05:55","modified_gmt":"2026-03-23T12:05:55","slug":"hpps","status":"publish","type":"product","link":"https:\/\/www.emballiso.com\/de\/produit\/hpps\/","title":{"rendered":"HPPS"},"content":{"rendered":"<p>(HIGH PERFORMANCE PALLET SHIPPER)<\/p>\n","protected":false},"excerpt":{"rendered":"<h2 style=\"color: #307bbf;\">PREMIUM+ Isothermer Schutz f\u00fcr temperaturgef\u00fchrte Logistik<\/h2>\n<p>Der High\u2011Performance\u2011Palettenversender wurde entwickelt, um eine zuverl\u00e4ssige thermische Schutzwirkung f\u00fcr empfindliche pharmazeutische Produkte zu gew\u00e4hrleisten und gleichzeitig die Transporteffizienz zu optimieren :<\/p>\n<ul>\n<li>Sehr hohe thermische Leistung: qualifiziert nach den ISTA\u20117D\u2011Standards f\u00fcr Sommer und Winter, h\u00e4lt die Temperaturen COOL +2\u00b0C \/ +8\u00b0C, TEMPERATE +15\u00b0C \/ +25\u00b0C und FREEZE \u201325\u00b0C \/ \u201315\u00b0C bis zu 144 Stunden aufrecht \u2013 dank leistungsstarker PCM\u2011Phasenwechselmaterialien.<\/li>\n<li>Optimiertes Logistikdesign: leichte, flach verpackte und leicht transportierbare L\u00f6sung mit schneller Montage und Demontage in weniger als 5 Minuten, kompatibel mit Euro\u2011Palette, US\u2011Palette sowie Doppel\u2011Euro\u2011 oder Doppel\u2011US\u2011Palette.<\/li>\n<\/ul>\n","protected":false},"featured_media":6485,"comment_status":"closed","ping_status":"closed","template":"","meta":{"_acf_changed":false},"product_brand":[],"product_cat":[147],"product_tag":[],"class_list":{"0":"post-6484","1":"product","2":"type-product","3":"status-publish","4":"has-post-thumbnail","6":"product_cat-cargo-shipment","8":"first","9":"instock","10":"featured","11":"shipping-taxable","12":"product-type-simple"},"acf":[],"_links":{"self":[{"href":"https:\/\/www.emballiso.com\/de\/wp-json\/wp\/v2\/product\/6484","targetHints":{"allow":["GET"]}}],"collection":[{"href":"https:\/\/www.emballiso.com\/de\/wp-json\/wp\/v2\/product"}],"about":[{"href":"https:\/\/www.emballiso.com\/de\/wp-json\/wp\/v2\/types\/product"}],"replies":[{"embeddable":true,"href":"https:\/\/www.emballiso.com\/de\/wp-json\/wp\/v2\/comments?post=6484"}],"wp:featuredmedia":[{"embeddable":true,"href":"https:\/\/www.emballiso.com\/de\/wp-json\/wp\/v2\/media\/6485"}],"wp:attachment":[{"href":"https:\/\/www.emballiso.com\/de\/wp-json\/wp\/v2\/media?parent=6484"}],"wp:term":[{"taxonomy":"product_brand","embeddable":true,"href":"https:\/\/www.emballiso.com\/de\/wp-json\/wp\/v2\/product_brand?post=6484"},{"taxonomy":"product_cat","embeddable":true,"href":"https:\/\/www.emballiso.com\/de\/wp-json\/wp\/v2\/product_cat?post=6484"},{"taxonomy":"product_tag","embeddable":true,"href":"https:\/\/www.emballiso.com\/de\/wp-json\/wp\/v2\/product_tag?post=6484"}],"curies":[{"name":"wp","href":"https:\/\/api.w.org\/{rel}","templated":true}]}}