{"id":6453,"date":"2026-02-17T14:00:10","date_gmt":"2026-02-17T13:00:10","guid":{"rendered":"https:\/\/www.emballiso.com\/produit\/vype\/"},"modified":"2026-04-24T16:37:49","modified_gmt":"2026-04-24T14:37:49","slug":"vype","status":"publish","type":"product","link":"https:\/\/www.emballiso.com\/de\/produit\/vype\/","title":{"rendered":"VYPE"},"content":{"rendered":"","protected":false},"excerpt":{"rendered":"<h2 style=\"color: #307bbf;\">PREMIUM+ \u2013 isothermer Schutz, entwickelt f\u00fcr au\u00dfergew\u00f6hnliche Isolierleistung bei hoch temperaturempfindlichen Produkten, um einen sicheren Transport selbst unter extremen \u00e4u\u00dferen Bedingungen zu gew\u00e4hrleisten.<\/h2>\n<ul>\n<li>Fortschrittliche Isoliertechnologie: Konstruktion aus vakuumisolierten Paneelen (VIP) in Kombination mit PCM\u2011Phasenwechselmaterialien, um maximale thermische Stabilit\u00e4t <strong>bis zu 144 Stunden<\/strong> sicherzustellen \u2013 qualifiziert gem\u00e4\u00df den ISTA\u20117D\u2011Standards f\u00fcr Sommer und Winter.<\/li>\n<\/ul>\n<ul>\n<li>Entwickelt, um pharmazeutische und temperaturempfindliche Produkte auch in anspruchsvollen Transportumgebungen sicher zu sch\u00fctzen.<\/li>\n<\/ul>\n<p>&nbsp;<\/p>\n<table style=\"width: 100%; border-collapse: collapse; font-size: 12px; color: #203a72;\">\n<thead>\n<tr style=\"text-align: center;\">\n<th style=\"padding: 6px 8px; border: 0px; background: transparent;\" colspan=\"5\"><\/th>\n<th style=\"padding: 6px 8px; border: 0px; background: #F4F8FE;\" colspan=\"3\">SYSTEMGEWICHT<\/th>\n<\/tr>\n<tr style=\"background-color: #203a72; color: #ffffff; text-align: center;\">\n<th style=\"padding: 6px 8px; border: 0px; background: transparent;\">Produktname<\/th>\n<th style=\"padding: 6px 8px; border: 0px; background: transparent;\">Nutzvolumen<\/th>\n<th style=\"padding: 6px 8px; border: 0px; background: transparent;\">Innenraum<br \/>\nL x B x H<\/th>\n<th style=\"padding: 6px 8px; border: 0px; background: transparent;\">Au\u00dfenma\u00dfe<br \/>\nL x B x H<\/th>\n<th style=\"padding: 6px 8px; border: 0px; background: transparent;\">Volumengewicht<\/th>\n<th style=\"padding: 6px 8px; border: 0px; background: transparent;\">Cool \/ Temperate<\/th>\n<th style=\"padding: 6px 8px; border: 0px; background: transparent;\">Freeze<\/th>\n<\/tr>\n<\/thead>\n<tbody>\n<tr style=\"background: #F4F8FE;\">\n<td style=\"padding: 6px 8px; border: 0px; text-align: left;\"><strong>VYPE 8<\/strong><\/td>\n<td style=\"padding: 6px 8px; border: 0px; text-align: center;\">8 L<\/td>\n<td style=\"padding: 6px 8px; border: 0px; text-align: center;\">202 x 202 x 198 mm<br \/>\n8.0 x 8.0 x 7.8 in<\/td>\n<td style=\"padding: 6px 8px; border: 0px; text-align: center;\">390 x 375 x 360 mm<br \/>\n15.4 x 14.8 x 14.2 in<\/td>\n<td style=\"padding: 6px 8px; border: 0px; text-align: center;\">9 kg<br \/>\n20 lb<\/td>\n<td style=\"padding: 6px 8px; border: 0px; text-align: center;\">11.2 kg<br \/>\n24.3 lb<\/td>\n<td style=\"padding: 6px 8px; border: 0px; text-align: center;\">13.5 kg<br \/>\n29.8 lb<\/td>\n<\/tr>\n<tr>\n<td style=\"padding: 6px 8px; border: 0px; text-align: left;\"><strong>VYPE 14<\/strong><\/td>\n<td style=\"padding: 6px 8px; border: 0px; text-align: center;\">14 L<\/td>\n<td style=\"padding: 6px 8px; border: 0px; text-align: center;\">242 x 242 x 238 mm<br \/>\n9.5 x 9.5 x 9.4 in<\/td>\n<td style=\"padding: 6px 8px; border: 0px; text-align: center;\">430 x 415 x 400 mm<br \/>\n16.9 x 16.3 x 15.7 in<\/td>\n<td style=\"padding: 6px 8px; border: 0px; text-align: center;\">12 kg<br \/>\n27 lb<\/td>\n<td style=\"padding: 6px 8px; border: 0px; text-align: center;\">14.7 kg<br \/>\n32.4 lb<\/td>\n<td style=\"padding: 6px 8px; border: 0px; text-align: center;\">18.1 kg<br \/>\n39.9 lb<\/td>\n<\/tr>\n<tr style=\"background: #F4F8FE;\">\n<td style=\"padding: 6px 8px; border: 0px; text-align: left;\"><strong>VYPE 30<\/strong><\/td>\n<td style=\"padding: 6px 8px; border: 0px; text-align: center;\">30 L<\/td>\n<td style=\"padding: 6px 8px; border: 0px; text-align: center;\">312 x 312 x 308 mm<br \/>\n12.3 x 12.3 x 12.1 in<\/td>\n<td style=\"padding: 6px 8px; border: 0px; text-align: center;\">490 x 475 x 460 mm<br \/>\n19.3 x 18.7 x 18.1 in<\/td>\n<td style=\"padding: 6px 8px; border: 0px; text-align: center;\">18 kg<br \/>\n40 lb<\/td>\n<td style=\"padding: 6px 8px; border: 0px; text-align: center;\">19.4 kg<br \/>\n42.8 lb<\/td>\n<td style=\"padding: 6px 8px; border: 0px; text-align: center;\">24.2 kg<br \/>\n53.4 lb<\/td>\n<\/tr>\n<tr>\n<td style=\"padding: 6px 8px; border: 0px; text-align: left;\"><strong>VYPE 38<\/strong><\/td>\n<td style=\"padding: 6px 8px; border: 0px; text-align: center;\">38 L<\/td>\n<td style=\"padding: 6px 8px; border: 0px; text-align: center;\">312 x 312 x 389 mm<br \/>\n12.3 x 12.3 x 15.3 in<\/td>\n<td style=\"padding: 6px 8px; border: 0px; text-align: center;\">490 x 475 x 550 mm<br \/>\n19.3 x 18.7 x 21.65 in<\/td>\n<td style=\"padding: 6px 8px; border: 0px; text-align: center;\">22 kg<br \/>\n48 lb<\/td>\n<td style=\"padding: 6px 8px; border: 0px; text-align: center;\">21.6 kg<br \/>\n46.3 lb<\/td>\n<td style=\"padding: 6px 8px; border: 0px; text-align: center;\">26 kg<br \/>\n57.3 lb<\/td>\n<\/tr>\n<tr style=\"background: #F4F8FE;\">\n<td style=\"padding: 6px 8px; border: 0px; text-align: left;\"><strong>VYPE 48<\/strong><\/td>\n<td style=\"padding: 6px 8px; border: 0px; text-align: center;\">48 L<\/td>\n<td style=\"padding: 6px 8px; border: 0px; text-align: center;\">395 x 395 x 308 mm<br \/>\n15.6 x 15.6 x 12.1 in<\/td>\n<td style=\"padding: 6px 8px; border: 0px; text-align: center;\">580 x 575 x 460 mm<br \/>\n22.8 x 22.6 x 18.1 in<\/td>\n<td style=\"padding: 6px 8px; border: 0px; text-align: center;\">27 kg<br \/>\n59 lb<\/td>\n<td style=\"padding: 6px 8px; border: 0px; text-align: center;\">25.2 kg<br \/>\n55.1 lb<\/td>\n<td style=\"padding: 6px 8px; border: 0px; text-align: center;\">31 kg<br \/>\n68.3 lb<\/td>\n<\/tr>\n<tr>\n<td style=\"padding: 6px 8px; border: 0px; text-align: left;\"><strong>VYPE 60<\/strong><\/td>\n<td style=\"padding: 6px 8px; border: 0px; text-align: center;\">60 L<\/td>\n<td style=\"padding: 6px 8px; border: 0px; text-align: center;\">395 x 395 x 389 mm<br \/>\n15.6 x 15.6 x 15.3 in<\/td>\n<td style=\"padding: 6px 8px; border: 0px; text-align: center;\">580 x 575 x 550 mm<br \/>\n22.8 x 22.6 x 21.7 in<\/td>\n<td style=\"padding: 6px 8px; border: 0px; text-align: center;\">31 kg<br \/>\n68 lb<\/td>\n<td style=\"padding: 6px 8px; border: 0px; text-align: center;\">31.5 kg<br \/>\n69.5 lb<\/td>\n<td style=\"padding: 6px 8px; border: 0px; text-align: center;\">40.2 kg<br \/>\n88.6 lb<\/td>\n<\/tr>\n<tr style=\"background: #F4F8FE;\">\n<td style=\"padding: 6px 8px; border: 0px; text-align: left;\"><strong>VYPE 100<\/strong><\/td>\n<td style=\"padding: 6px 8px; border: 0px; text-align: center;\">100 L<\/td>\n<td style=\"padding: 6px 8px; border: 0px; text-align: center;\">600 x 380 x 437 mm<br \/>\n23.6 x 14.8 x 17.5 in<\/td>\n<td style=\"padding: 6px 8px; border: 0px; text-align: center;\">800 x 600 x 648 mm<br \/>\n31.5 x 23.6 x 25.5 in<\/td>\n<td style=\"padding: 6px 8px; border: 0px; text-align: center;\">52 kg<br \/>\n115 lb<\/td>\n<td style=\"padding: 6px 8px; border: 0px; text-align: center;\">44 kg<br \/>\n97 lb<\/td>\n<td style=\"padding: 6px 8px; border: 0px; text-align: center;\">52.5 kg<br \/>\n115.7 lb<\/td>\n<\/tr>\n<\/tbody>\n<\/table>\n","protected":false},"featured_media":6454,"comment_status":"closed","ping_status":"closed","template":"","meta":{"_acf_changed":false},"product_brand":[],"product_cat":[148],"product_tag":[],"class_list":{"0":"post-6453","1":"product","2":"type-product","3":"status-publish","4":"has-post-thumbnail","6":"product_cat-parcel-shipment","8":"first","9":"instock","10":"featured","11":"shipping-taxable","12":"product-type-simple"},"acf":[],"_links":{"self":[{"href":"https:\/\/www.emballiso.com\/de\/wp-json\/wp\/v2\/product\/6453","targetHints":{"allow":["GET"]}}],"collection":[{"href":"https:\/\/www.emballiso.com\/de\/wp-json\/wp\/v2\/product"}],"about":[{"href":"https:\/\/www.emballiso.com\/de\/wp-json\/wp\/v2\/types\/product"}],"replies":[{"embeddable":true,"href":"https:\/\/www.emballiso.com\/de\/wp-json\/wp\/v2\/comments?post=6453"}],"wp:featuredmedia":[{"embeddable":true,"href":"https:\/\/www.emballiso.com\/de\/wp-json\/wp\/v2\/media\/6454"}],"wp:attachment":[{"href":"https:\/\/www.emballiso.com\/de\/wp-json\/wp\/v2\/media?parent=6453"}],"wp:term":[{"taxonomy":"product_brand","embeddable":true,"href":"https:\/\/www.emballiso.com\/de\/wp-json\/wp\/v2\/product_brand?post=6453"},{"taxonomy":"product_cat","embeddable":true,"href":"https:\/\/www.emballiso.com\/de\/wp-json\/wp\/v2\/product_cat?post=6453"},{"taxonomy":"product_tag","embeddable":true,"href":"https:\/\/www.emballiso.com\/de\/wp-json\/wp\/v2\/product_tag?post=6453"}],"curies":[{"name":"wp","href":"https:\/\/api.w.org\/{rel}","templated":true}]}}