{"id":7712,"date":"2026-01-23T12:29:34","date_gmt":"2026-01-23T11:29:34","guid":{"rendered":"https:\/\/www.emballiso.com\/cold-chain-verpackungsloesungen-fuer-labore-im-bereich-tiergesundheit\/"},"modified":"2026-04-10T15:15:00","modified_gmt":"2026-04-10T13:15:00","slug":"cold-chain-verpackungsloesungen-fuer-labore-im-bereich-tiergesundheit","status":"publish","type":"page","link":"https:\/\/www.emballiso.com\/de\/cold-chain-verpackungsloesungen-fuer-labore-im-bereich-tiergesundheit\/","title":{"rendered":"Cold-Chain-Verpackungsl\u00f6sungen f\u00fcr Labore im Bereich Tiergesundheit"},"content":{"rendered":"\t\t<div data-elementor-type=\"wp-page\" data-elementor-id=\"7712\" class=\"elementor elementor-7712 elementor-2485\" data-elementor-post-type=\"page\">\n\t\t\t\t<div class=\"elementor-element elementor-element-a4e6b73 e-flex e-con-boxed e-con e-parent\" data-id=\"a4e6b73\" data-element_type=\"container\" data-e-type=\"container\">\n\t\t\t\t\t<div class=\"e-con-inner\">\n\t\t\t\t<div class=\"elementor-element elementor-element-9a3d459 elementor-invisible elementor-widget elementor-widget-heading\" data-id=\"9a3d459\" data-element_type=\"widget\" data-e-type=\"widget\" data-settings=\"{&quot;_animation&quot;:&quot;fadeInDown&quot;}\" data-widget_type=\"heading.default\">\n\t\t\t\t\t<h1 class=\"elementor-heading-title elementor-size-default\"><span class=\"gradient-blue\">Cold-Chain-Verpackungsl\u00f6sungen f\u00fcr Labore im Bereich Tiergesundheit<\/span><\/h1>\t\t\t\t<\/div>\n\t\t\t\t<div class=\"elementor-element elementor-element-1e81825 elementor-widget elementor-widget-text-editor\" data-id=\"1e81825\" data-element_type=\"widget\" data-e-type=\"widget\" data-widget_type=\"text-editor.default\">\n\t\t\t\t\t\t\t\t\t<p>Der Sektor der Tiergesundheit erfordert eine logistische Pr\u00e4zision, die mit der Humanmedizin identisch ist, oft jedoch bei deutlich gr\u00f6\u00dferen Versandvolumina. Unabh\u00e4ngig davon, ob Sie Impfstoffe f\u00fcr Nutztiere oder Medikamente f\u00fcr Haustiere herstellen \u2013 die thermische Sicherheit ist die ultimative Garantie f\u00fcr die Wirksamkeit Ihrer Produkte. In einem globalisierten Markt ist der Transport gro\u00dfer Mengen temperaturempfindlicher Produkte zu optimalen Kosten, innerhalb strenger Fristen und unter pr\u00e4zisen Temperaturbedingungen eine t\u00e4gliche Herausforderung.  <\/p><p>Wir entwickeln vorqualifizierte und ma\u00dfgeschneiderte isotherme Verpackungssysteme, die speziell f\u00fcr die massiven Warenstr\u00f6me von Tiergesundheitslaboren konzipiert sind. Unsere Expertise erm\u00f6glicht es Ihnen, Ihre weltweiten Sendungen zu sichern und gleichzeitig jeden Kubikzentimeter Ihrer Fracht optimal zu nutzen. <\/p>\t\t\t\t\t\t\t\t<\/div>\n\t\t\t\t<div class=\"elementor-element elementor-element-7417f26 elementor-widget elementor-widget-heading\" data-id=\"7417f26\" data-element_type=\"widget\" data-e-type=\"widget\" data-widget_type=\"heading.default\">\n\t\t\t\t\t<h2 class=\"elementor-heading-title elementor-size-default\">Herausforderungen der Tiergesundheit meistern: Leistung &amp; Rentabilit\u00e4t<\/h2>\t\t\t\t<\/div>\n\t\t\t\t<div class=\"elementor-element elementor-element-5e0b4cb elementor-widget elementor-widget-text-editor\" data-id=\"5e0b4cb\" data-element_type=\"widget\" data-e-type=\"widget\" data-widget_type=\"text-editor.default\">\n\t\t\t\t\t\t\t\t\t<p>Wir adressieren die kritischen Anforderungen Ihrer Branche durch einen effizienzorientierten Ansatz :<\/p><ul><li><strong>Thermische Sicherheit &amp; Compliance : <\/strong>Unsere L\u00f6sungen garantieren die Einhaltung der Temperaturen (2-8\u00b0C, 15-25\u00b0C oder gefroren) selbst \u00fcber sehr lange Zeitr\u00e4ume und sch\u00fctzen so Ihre wertvollsten biologischen G\u00fcter.<\/li><li><strong>Optimierung des Volumengewichts :<\/strong> Luft- und Stra\u00dfenfracht sind kostspielig. Unser hauseigenes Laborat\u00f3rio de Pesquisa e Inova\u00e7\u00e3o und unsere R&amp;D-Abteilung arbeiten t\u00e4glich daran, das Verh\u00e4ltnis von Nutzlast zu Volumen unserer Verpackungen zu verbessern, um Ihre Transportkosten ohne Kompromisse beim Schutz zu senken. <\/li><li><strong>Anpassungsf\u00e4higkeit &amp; individuelles Design :<\/strong> Dank unseres integrierten Labors erstellen wir ma\u00dfgeschneiderte L\u00f6sungen, die perfekt auf Ihre spezifischen Prim\u00e4rverpackungsformate zugeschnitten sind.<\/li><\/ul>\t\t\t\t\t\t\t\t<\/div>\n\t\t\t\t<div class=\"elementor-element elementor-element-44c37f6 elementor-widget-divider--view-line elementor-widget elementor-widget-divider\" data-id=\"44c37f6\" data-element_type=\"widget\" data-e-type=\"widget\" data-widget_type=\"divider.default\">\n\t\t\t\t\t\t\t<div class=\"elementor-divider\">\n\t\t\t<span class=\"elementor-divider-separator\">\n\t\t\t\t\t\t<\/span>\n\t\t<\/div>\n\t\t\t\t\t\t<\/div>\n\t\t\t\t<div class=\"elementor-element elementor-element-97e66ee elementor-widget elementor-widget-heading\" data-id=\"97e66ee\" data-element_type=\"widget\" data-e-type=\"widget\" data-widget_type=\"heading.default\">\n\t\t\t\t\t<h3 class=\"elementor-heading-title elementor-size-default\">Ma\u00dfgeschneiderte L\u00f6sungen f\u00fcr alle Volumina<\/h3>\t\t\t\t<\/div>\n\t\t\t\t<div class=\"elementor-element elementor-element-d8f4ddf elementor-widget elementor-widget-text-editor\" data-id=\"d8f4ddf\" data-element_type=\"widget\" data-e-type=\"widget\" data-widget_type=\"text-editor.default\">\n\t\t\t\t\t\t\t\t\t<p>Wir haben unser Angebot segmentiert, um der Vielfalt Ihrer Distributionsanforderungen gerecht zu werden :<\/p><p><strong>Transport gro\u00dfer Volumina (Internationale Fracht &amp; Bulk) :<\/strong><\/p><ul><li><strong>Pallet Shipper : <\/strong>Hochleistungsl\u00f6sungen f\u00fcr den sicheren Versand von Veterin\u00e4rimpfstoffen auf Vollpaletten.<\/li><li><strong>Thermodecke :<\/strong> Eine ideale, kosteng\u00fcnstige L\u00f6sung zum Schutz weniger empfindlicher Produkte oder zur Begrenzung von Thermoschocks w\u00e4hrend der Wartezeiten auf dem Rollfeld.<\/li><\/ul><p><strong><br>Transport mittlerer Volumina (Regionale &amp; nationale Distribution) :<\/strong><\/p><ul><li><strong>ISOGO:<\/strong> Eine hochleistungsf\u00e4hige, ergonomische Paketl\u00f6sung f\u00fcr mittlere Volumina.<\/li><li><strong>STANDARD\u2011Reihe (National, National Plus, Export):<\/strong> Robuste und bew\u00e4hrte L\u00f6sungen f\u00fcr Ihre t\u00e4glichen Versandstr\u00f6me.<\/li><\/ul>\t\t\t\t\t\t\t\t<\/div>\n\t\t\t\t\t<\/div>\n\t\t\t\t<\/div>\n\t\t<div class=\"elementor-element elementor-element-71def6c e-flex e-con-boxed e-con e-parent\" data-id=\"71def6c\" data-element_type=\"container\" data-e-type=\"container\">\n\t\t\t\t\t<div class=\"e-con-inner\">\n\t\t<div class=\"elementor-element elementor-element-af25781 e-con-full e-flex e-con e-child\" data-id=\"af25781\" data-element_type=\"container\" data-e-type=\"container\">\n\t\t\t\t<div class=\"elementor-element elementor-element-af7f970 elementor-widget elementor-widget-heading\" data-id=\"af7f970\" data-element_type=\"widget\" data-e-type=\"widget\" data-widget_type=\"heading.default\">\n\t\t\t\t\t<h3 class=\"elementor-heading-title elementor-size-default\">Dienstleistungen &amp; globales Netzwerk: Sch\u00fcsselfertige Logistik<\/h3>\t\t\t\t<\/div>\n\t\t\t\t<div class=\"elementor-element elementor-element-3258af4 elementor-widget elementor-widget-text-editor\" data-id=\"3258af4\" data-element_type=\"widget\" data-e-type=\"widget\" data-widget_type=\"text-editor.default\">\n\t\t\t\t\t\t\t\t\t<p>EMBALL\u2019ISO bietet erstklassige Dienstleistungen zur Optimierung Ihrer Lieferkette :<\/p><ul><li><strong>Ready-to-Use Service :<\/strong> Erhalten Sie Ihre Verpackungen bereits montiert und nutzen Sie den Service f\u00fcr Fornecimento e pr\u00e9-condicionamento bei der erforderlichen Temperatur f\u00fcr eine sofortige Beladung.<\/li><li><strong>Reuse &amp; Reverse : <\/strong>Nutzen Sie unser globales Netzwerk in \u00fcber 80 L\u00e4ndern, um Ihre Verpackungen zu sammeln, zu reinigen und wiederzuverwenden, was den Abfall erheblich reduziert.<\/li><li><strong>Ma\u00dfgeschneiderte L\u00f6sungen :<\/strong> Individuelle Unterst\u00fctzung durch unsere Ingenieure, um Verpackungen zu entwickeln, die perfekt auf Ihre Produkte und Einschr\u00e4nkungen abgestimmt sind.<\/li><\/ul>\t\t\t\t\t\t\t\t<\/div>\n\t\t\t\t<\/div>\n\t\t<div class=\"elementor-element elementor-element-e9c3bf5 e-con-full e-flex e-con e-child\" data-id=\"e9c3bf5\" data-element_type=\"container\" data-e-type=\"container\">\n\t\t\t\t<div class=\"elementor-element elementor-element-16d3d63 elementor-widget elementor-widget-heading\" data-id=\"16d3d63\" data-element_type=\"widget\" data-e-type=\"widget\" data-widget_type=\"heading.default\">\n\t\t\t\t\t<h3 class=\"elementor-heading-title elementor-size-default\">Typische Anwendungen in der Tiergesundheit<\/h3>\t\t\t\t<\/div>\n\t\t\t\t<div class=\"elementor-element elementor-element-da339b2 elementor-widget elementor-widget-text-editor\" data-id=\"da339b2\" data-element_type=\"widget\" data-e-type=\"widget\" data-widget_type=\"text-editor.default\">\n\t\t\t\t\t\t\t\t\t<ul><li><strong>Globaler Impfstoffexport : <\/strong>Einsatz von Pallet Shippern f\u00fcr den Transport von Millionen Dosen Gefl\u00fcgel- oder Schweineimpfstoffen in internationale M\u00e4rkte.<\/li><li><strong>Nationale Distribution an Tierarztpraxen : <\/strong>Sicherer 24-Stunden-Versand \u00fcber nationale Standardl\u00f6sungen f\u00fcr die t\u00e4gliche Medikation von Haustieren.<br><\/li><li><strong>Optimierung der Frachtkosten :<\/strong> Ersatz schwerer Verpackungen durch volumengewichtsoptimierte L\u00f6sungen zur Senkung der j\u00e4hrlichen Logistikrechnung.<\/li><\/ul>\t\t\t\t\t\t\t\t<\/div>\n\t\t\t\t<\/div>\n\t\t\t\t\t<\/div>\n\t\t\t\t<\/div>\n\t\t<div class=\"elementor-element elementor-element-ea6231a e-flex e-con-boxed e-con e-parent\" data-id=\"ea6231a\" data-element_type=\"container\" data-e-type=\"container\">\n\t\t\t\t\t<div class=\"e-con-inner\">\n\t\t\t\t<div class=\"elementor-element elementor-element-b837087 elementor-widget-divider--view-line elementor-widget elementor-widget-divider\" data-id=\"b837087\" data-element_type=\"widget\" data-e-type=\"widget\" data-widget_type=\"divider.default\">\n\t\t\t\t\t\t\t<div class=\"elementor-divider\">\n\t\t\t<span class=\"elementor-divider-separator\">\n\t\t\t\t\t\t<\/span>\n\t\t<\/div>\n\t\t\t\t\t\t<\/div>\n\t\t\t\t<div class=\"elementor-element elementor-element-98aa898 elementor-widget elementor-widget-heading\" data-id=\"98aa898\" data-element_type=\"widget\" data-e-type=\"widget\" data-widget_type=\"heading.default\">\n\t\t\t\t\t<h2 class=\"elementor-heading-title elementor-size-default\">CSR : Auf dem Weg zu einer nachhaltigen Tiergesundheit<\/h2>\t\t\t\t<\/div>\n\t\t\t\t<div class=\"elementor-element elementor-element-511bf85 elementor-widget elementor-widget-text-editor\" data-id=\"511bf85\" data-element_type=\"widget\" data-e-type=\"widget\" data-widget_type=\"text-editor.default\">\n\t\t\t\t\t\t\t\t\t<p>EMBALL&#8217;ISO unterst\u00fctzt Tiergesundheitslabore dabei, ihren \u00f6kologischen Fu\u00dfabdruck zu verringern, ohne dabei Abstriche bei der Leistungsf\u00e4higkeit zu machen :<\/p><ul><li><strong>Massive CO2-Reduktion<\/strong> dank unserer Programme Reuse &amp; Reverse (bis zu 91% Kohlenstoffeinsparung).<\/li><li><strong>\u00d6kodesign<\/strong> unserer Materialien, um die Umweltbelastung bereits ab der Herstellungsphase zu minimieren.<\/li><li><strong>Abfallreduzierung<\/strong> an den Zielorten durch unser globales Sammel- und Aufarbeitungssystem.<\/li><\/ul>\t\t\t\t\t\t\t\t<\/div>\n\t\t\t\t\t<\/div>\n\t\t\t\t<\/div>\n\t\t<div class=\"elementor-element elementor-element-1f3a7d8 e-flex e-con-boxed e-con e-parent\" data-id=\"1f3a7d8\" data-element_type=\"container\" data-e-type=\"container\" data-settings=\"{&quot;background_background&quot;:&quot;classic&quot;}\">\n\t\t\t\t\t<div class=\"e-con-inner\">\n\t\t\t\t<div class=\"elementor-element elementor-element-9b2d6b8 elementor-widget elementor-widget-heading\" data-id=\"9b2d6b8\" data-element_type=\"widget\" data-e-type=\"widget\" data-widget_type=\"heading.default\">\n\t\t\t\t\t<h2 class=\"elementor-heading-title elementor-size-default\">Suchen Sie nach einer L\u00f6sung, die auf Ihre Bed\u00fcrfnisse in der Tiergesundheit zugeschnitten ist ?<\/h2>\t\t\t\t<\/div>\n\t\t\t\t<div class=\"elementor-element elementor-element-0325aa3 elementor-align-center elementor-widget elementor-widget-button\" data-id=\"0325aa3\" data-element_type=\"widget\" data-e-type=\"widget\" data-widget_type=\"button.default\">\n\t\t\t\t\t\t\t\t\t\t<a class=\"elementor-button elementor-button-link elementor-size-sm\" href=\"#elementor-action%3Aaction%3Dpopup%3Aopen%26settings%3DeyJpZCI6NzU4NywidG9nZ2xlIjpmYWxzZX0%3D\">\n\t\t\t\t\t\t<span class=\"elementor-button-content-wrapper\">\n\t\t\t\t\t\t<span class=\"elementor-button-icon\">\n\t\t\t\t<svg aria-hidden=\"true\" class=\"e-font-icon-svg e-fas-file-download\" viewBox=\"0 0 384 512\" xmlns=\"http:\/\/www.w3.org\/2000\/svg\"><path d=\"M224 136V0H24C10.7 0 0 10.7 0 24v464c0 13.3 10.7 24 24 24h336c13.3 0 24-10.7 24-24V160H248c-13.2 0-24-10.8-24-24zm76.45 211.36l-96.42 95.7c-6.65 6.61-17.39 6.61-24.04 0l-96.42-95.7C73.42 337.29 80.54 320 94.82 320H160v-80c0-8.84 7.16-16 16-16h32c8.84 0 16 7.16 16 16v80h65.18c14.28 0 21.4 17.29 11.27 27.36zM377 105L279.1 7c-4.5-4.5-10.6-7-17-7H256v128h128v-6.1c0-6.3-2.5-12.4-7-16.9z\"><\/path><\/svg>\t\t\t<\/span>\n\t\t\t\t\t\t\t\t\t<span class=\"elementor-button-text\">Laden Sie unsere Produktbrosch\u00fcre herunter<\/span>\n\t\t\t\t\t<\/span>\n\t\t\t\t\t<\/a>\n\t\t\t\t\t\t\t\t<\/div>\n\t\t\t\t\t<\/div>\n\t\t\t\t<\/div>\n\t\t<div class=\"elementor-element elementor-element-74edf2e e-flex e-con-boxed e-con e-parent\" data-id=\"74edf2e\" data-element_type=\"container\" data-e-type=\"container\" data-settings=\"{&quot;background_background&quot;:&quot;classic&quot;}\">\n\t\t\t\t\t<div class=\"e-con-inner\">\n\t\t<div class=\"elementor-element elementor-element-b3edfa4 e-con-full e-flex e-con e-child\" data-id=\"b3edfa4\" data-element_type=\"container\" data-e-type=\"container\">\n\t\t\t\t<div class=\"elementor-element elementor-element-0c073ba elementor-hidden-tablet elementor-hidden-mobile elementor-widget elementor-widget-heading\" data-id=\"0c073ba\" data-element_type=\"widget\" data-e-type=\"widget\" data-widget_type=\"heading.default\">\n\t\t\t\t\t<p class=\"elementor-heading-title elementor-size-default\">FAQ<\/p>\t\t\t\t<\/div>\n\t\t\t\t<div class=\"elementor-element elementor-element-0b545ea elementor-icon-list--layout-traditional elementor-list-item-link-full_width elementor-widget elementor-widget-icon-list\" data-id=\"0b545ea\" data-element_type=\"widget\" data-e-type=\"widget\" data-widget_type=\"icon-list.default\">\n\t\t\t\t\t\t\t<ul class=\"elementor-icon-list-items\">\n\t\t\t\t\t\t\t<li class=\"elementor-icon-list-item\">\n\t\t\t\t\t\t\t\t\t\t\t<span class=\"elementor-icon-list-icon\">\n\t\t\t\t\t\t\t<svg aria-hidden=\"true\" class=\"e-font-icon-svg e-fas-check\" viewBox=\"0 0 512 512\" xmlns=\"http:\/\/www.w3.org\/2000\/svg\"><path d=\"M173.898 439.404l-166.4-166.4c-9.997-9.997-9.997-26.206 0-36.204l36.203-36.204c9.997-9.998 26.207-9.998 36.204 0L192 312.69 432.095 72.596c9.997-9.997 26.207-9.997 36.204 0l36.203 36.204c9.997 9.997 9.997 26.206 0 36.204l-294.4 294.401c-9.998 9.997-26.207 9.997-36.204-.001z\"><\/path><\/svg>\t\t\t\t\t\t<\/span>\n\t\t\t\t\t\t\t\t\t\t<span class=\"elementor-icon-list-text\"><strong>Wie lassen sich die Transportkosten in der Tiergesundheit optimieren ? <\/strong> Die Optimierung des Volumengewichts der Verpackung und die Nutzung von Reuse &amp; Reverse Programmen sind die wichtigsten Hebel zur Senkung der Gesamtkosten.<\/span>\n\t\t\t\t\t\t\t\t\t<\/li>\n\t\t\t\t\t\t\t\t<li class=\"elementor-icon-list-item\">\n\t\t\t\t\t\t\t\t\t\t\t<span class=\"elementor-icon-list-icon\">\n\t\t\t\t\t\t\t<svg aria-hidden=\"true\" class=\"e-font-icon-svg e-fas-check\" viewBox=\"0 0 512 512\" xmlns=\"http:\/\/www.w3.org\/2000\/svg\"><path d=\"M173.898 439.404l-166.4-166.4c-9.997-9.997-9.997-26.206 0-36.204l36.203-36.204c9.997-9.998 26.207-9.998 36.204 0L192 312.69 432.095 72.596c9.997-9.997 26.207-9.997 36.204 0l36.203 36.204c9.997 9.997 9.997 26.206 0 36.204l-294.4 294.401c-9.998 9.997-26.207 9.997-36.204-.001z\"><\/path><\/svg>\t\t\t\t\t\t<\/span>\n\t\t\t\t\t\t\t\t\t\t<span class=\"elementor-icon-list-text\"><strong>Was ist die beste L\u00f6sung f\u00fcr den Transport von Veterin\u00e4rimpfstoffen in gro\u00dfen Mengen ?<\/strong> Der Pallet Shipper ist die sicherste und effizienteste L\u00f6sung f\u00fcr den Transport gro\u00dfer Mengen an Impfstoffen \u00fcber weite Strecken.<\/span>\n\t\t\t\t\t\t\t\t\t<\/li>\n\t\t\t\t\t\t<\/ul>\n\t\t\t\t\t\t<\/div>\n\t\t\t\t<\/div>\n\t\t<div class=\"elementor-element elementor-element-a7400fb e-con-full e-flex e-con e-child\" data-id=\"a7400fb\" data-element_type=\"container\" data-e-type=\"container\">\n\t\t\t\t<div class=\"elementor-element elementor-element-bf179db elementor-hidden-tablet elementor-hidden-mobile elementor-widget elementor-widget-heading\" data-id=\"bf179db\" data-element_type=\"widget\" data-e-type=\"widget\" data-widget_type=\"heading.default\">\n\t\t\t\t\t<p class=\"elementor-heading-title elementor-size-default\">ENTDECKEN SIE UNSERE WEITEREN SEGMENTE<\/p>\t\t\t\t<\/div>\n\t\t\t\t<div class=\"elementor-element elementor-element-12584e0 elementor-icon-list--layout-traditional elementor-list-item-link-full_width elementor-widget elementor-widget-icon-list\" data-id=\"12584e0\" data-element_type=\"widget\" data-e-type=\"widget\" data-widget_type=\"icon-list.default\">\n\t\t\t\t\t\t\t<ul class=\"elementor-icon-list-items\">\n\t\t\t\t\t\t\t<li class=\"elementor-icon-list-item\">\n\t\t\t\t\t\t\t\t\t\t\t<a href=\"https:\/\/www.emballiso.com\/de\/kuehlketten-verpackungsloesungen-fuer-pharmaunternehmen\/\">\n\n\t\t\t\t\t\t\t\t\t\t\t\t<span class=\"elementor-icon-list-icon\">\n\t\t\t\t\t\t\t<svg aria-hidden=\"true\" class=\"e-font-icon-svg e-fas-check\" viewBox=\"0 0 512 512\" xmlns=\"http:\/\/www.w3.org\/2000\/svg\"><path d=\"M173.898 439.404l-166.4-166.4c-9.997-9.997-9.997-26.206 0-36.204l36.203-36.204c9.997-9.998 26.207-9.998 36.204 0L192 312.69 432.095 72.596c9.997-9.997 26.207-9.997 36.204 0l36.203 36.204c9.997 9.997 9.997 26.206 0 36.204l-294.4 294.401c-9.998 9.997-26.207 9.997-36.204-.001z\"><\/path><\/svg>\t\t\t\t\t\t<\/span>\n\t\t\t\t\t\t\t\t\t\t<span class=\"elementor-icon-list-text\"><strong>F\u00fcr Pharmaunternehmen : <\/strong>Management gro\u00dfer kommerzieller Warenstr\u00f6me.<\/span>\n\t\t\t\t\t\t\t\t\t\t\t<\/a>\n\t\t\t\t\t\t\t\t\t<\/li>\n\t\t\t\t\t\t\t\t<li class=\"elementor-icon-list-item\">\n\t\t\t\t\t\t\t\t\t\t\t<a href=\"https:\/\/www.emballiso.com\/de\/kuehlketten-verpackungsloesungen-fuer-klinische-studien\/\">\n\n\t\t\t\t\t\t\t\t\t\t\t\t<span class=\"elementor-icon-list-icon\">\n\t\t\t\t\t\t\t<svg aria-hidden=\"true\" class=\"e-font-icon-svg e-fas-check\" viewBox=\"0 0 512 512\" xmlns=\"http:\/\/www.w3.org\/2000\/svg\"><path d=\"M173.898 439.404l-166.4-166.4c-9.997-9.997-9.997-26.206 0-36.204l36.203-36.204c9.997-9.998 26.207-9.998 36.204 0L192 312.69 432.095 72.596c9.997-9.997 26.207-9.997 36.204 0l36.203 36.204c9.997 9.997 9.997 26.206 0 36.204l-294.4 294.401c-9.998 9.997-26.207 9.997-36.204-.001z\"><\/path><\/svg>\t\t\t\t\t\t<\/span>\n\t\t\t\t\t\t\t\t\t\t<span class=\"elementor-icon-list-text\"><strong>F\u00fcr klinische Studien : <\/strong>\"Zero Excursion\"-L\u00f6sungen f\u00fcr Forschung und Entwicklung.<\/span>\n\t\t\t\t\t\t\t\t\t\t\t<\/a>\n\t\t\t\t\t\t\t\t\t<\/li>\n\t\t\t\t\t\t\t\t<li class=\"elementor-icon-list-item\">\n\t\t\t\t\t\t\t\t\t\t\t<a href=\"https:\/\/www.emballiso.com\/de\/kuehlketten-verpackungsloesungen-fuer-last-mile-profis\/\">\n\n\t\t\t\t\t\t\t\t\t\t\t\t<span class=\"elementor-icon-list-icon\">\n\t\t\t\t\t\t\t<svg aria-hidden=\"true\" class=\"e-font-icon-svg e-fas-check\" viewBox=\"0 0 512 512\" xmlns=\"http:\/\/www.w3.org\/2000\/svg\"><path d=\"M173.898 439.404l-166.4-166.4c-9.997-9.997-9.997-26.206 0-36.204l36.203-36.204c9.997-9.998 26.207-9.998 36.204 0L192 312.69 432.095 72.596c9.997-9.997 26.207-9.997 36.204 0l36.203 36.204c9.997 9.997 9.997 26.206 0 36.204l-294.4 294.401c-9.998 9.997-26.207 9.997-36.204-.001z\"><\/path><\/svg>\t\t\t\t\t\t<\/span>\n\t\t\t\t\t\t\t\t\t\t<span class=\"elementor-icon-list-text\"><strong>F\u00fcr Profis auf der letzten Meile : <\/strong>Lieferung an Tierarztpraxen und Kliniken.<\/span>\n\t\t\t\t\t\t\t\t\t\t\t<\/a>\n\t\t\t\t\t\t\t\t\t<\/li>\n\t\t\t\t\t\t<\/ul>\n\t\t\t\t\t\t<\/div>\n\t\t\t\t<\/div>\n\t\t\t\t\t<\/div>\n\t\t\t\t<\/div>\n\t\t\t\t<\/div>\n\t\t","protected":false},"excerpt":{"rendered":"<p>Cold-Chain-Verpackungsl\u00f6sungen f\u00fcr Labore im Bereich Tiergesundheit Der Sektor der Tiergesundheit erfordert eine logistische Pr\u00e4zision, die mit der Humanmedizin identisch ist, oft jedoch bei deutlich gr\u00f6\u00dferen Versandvolumina. Unabh\u00e4ngig davon, ob Sie Impfstoffe f\u00fcr Nutztiere oder Medikamente f\u00fcr Haustiere herstellen \u2013 die thermische Sicherheit ist die ultimative Garantie f\u00fcr die Wirksamkeit Ihrer Produkte. In einem globalisierten Markt [&hellip;]<\/p>\n","protected":false},"author":1,"featured_media":0,"parent":0,"menu_order":0,"comment_status":"closed","ping_status":"closed","template":"","meta":{"_acf_changed":false,"footnotes":""},"class_list":["post-7712","page","type-page","status-publish","hentry"],"acf":[],"_links":{"self":[{"href":"https:\/\/www.emballiso.com\/de\/wp-json\/wp\/v2\/pages\/7712","targetHints":{"allow":["GET"]}}],"collection":[{"href":"https:\/\/www.emballiso.com\/de\/wp-json\/wp\/v2\/pages"}],"about":[{"href":"https:\/\/www.emballiso.com\/de\/wp-json\/wp\/v2\/types\/page"}],"author":[{"embeddable":true,"href":"https:\/\/www.emballiso.com\/de\/wp-json\/wp\/v2\/users\/1"}],"replies":[{"embeddable":true,"href":"https:\/\/www.emballiso.com\/de\/wp-json\/wp\/v2\/comments?post=7712"}],"version-history":[{"count":5,"href":"https:\/\/www.emballiso.com\/de\/wp-json\/wp\/v2\/pages\/7712\/revisions"}],"predecessor-version":[{"id":8649,"href":"https:\/\/www.emballiso.com\/de\/wp-json\/wp\/v2\/pages\/7712\/revisions\/8649"}],"wp:attachment":[{"href":"https:\/\/www.emballiso.com\/de\/wp-json\/wp\/v2\/media?parent=7712"}],"curies":[{"name":"wp","href":"https:\/\/api.w.org\/{rel}","templated":true}]}}