{"id":7297,"date":"2025-10-15T20:20:41","date_gmt":"2025-10-15T18:20:41","guid":{"rendered":"https:\/\/www.emballiso.com\/rechtliche-hinweise\/"},"modified":"2026-04-08T18:21:13","modified_gmt":"2026-04-08T16:21:13","slug":"rechtliche-hinweise","status":"publish","type":"page","link":"https:\/\/www.emballiso.com\/de\/rechtliche-hinweise\/","title":{"rendered":"Rechtliche Hinweise"},"content":{"rendered":"\t\t<div data-elementor-type=\"wp-page\" data-elementor-id=\"7297\" class=\"elementor elementor-7297 elementor-325\" data-elementor-post-type=\"page\">\n\t\t\t\t<div class=\"elementor-element elementor-element-64fbe5da e-flex e-con-boxed e-con e-parent\" data-id=\"64fbe5da\" data-element_type=\"container\" data-e-type=\"container\">\n\t\t\t\t\t<div class=\"e-con-inner\">\n\t\t<div class=\"elementor-element elementor-element-7ae82b3 e-con-full e-flex e-con e-child\" data-id=\"7ae82b3\" data-element_type=\"container\" data-e-type=\"container\">\n\t\t<div class=\"elementor-element elementor-element-f4d9439 e-con-full e-flex e-con e-child\" data-id=\"f4d9439\" data-element_type=\"container\" data-e-type=\"container\">\n\t\t\t\t<div class=\"elementor-element elementor-element-06bdca0 elementor-widget elementor-widget-heading\" data-id=\"06bdca0\" data-element_type=\"widget\" data-e-type=\"widget\" data-widget_type=\"heading.default\">\n\t\t\t\t\t<h1 class=\"elementor-heading-title elementor-size-default\">Rechtliche Hinweise<\/h1>\t\t\t\t<\/div>\n\t\t\t\t<div class=\"elementor-element elementor-element-4016b91 elementor-widget elementor-widget-text-editor\" data-id=\"4016b91\" data-element_type=\"widget\" data-e-type=\"widget\" data-widget_type=\"text-editor.default\">\n\t\t\t\t\t\t\t\t\t<h2>Urheberrecht<\/h2><p>Gem\u00e4\u00df den geltenden Gesetzen zum Urheberrecht sowie zum Schutz des literarischen und k\u00fcnstlerischen Eigentums ist die Reproduktion oder Darstellung des gesamten oder eines Teils der Elemente, aus denen diese Website besteht, strengstens untersagt. Ebenso sind alle genannten Marken eingetragene Warenzeichen. <\/p><h2>Bildnachweise<\/h2><p>Fotos :<br>&#8211; EMBALL&#8217;ISO SA<\/p><h2>Inhaber<\/h2><p>EMBALL&#8217;ISO SA<br>ZONE INDUSTRIELLE DES VERNAILLES<br>320 RUE DE L&#8217;AVENIR<br>69830 SAINT GEORGES DE RENEINS<br>FRANKREICH<\/p><h2>Webhosting<\/h2><p>OVH <br>2 rue Kellermann<br>59100 Roubaix<br>Frankreich<\/p><h2>Nutzungsbedingungen der Website<\/h2><p>EMBALL\u2019ISO SA hei\u00dft Sie auf seiner Website willkommen (nachfolgend \u201eWebsite\u201c genannt).<\/p><p>Bitte lesen Sie die folgenden Bedingungen sorgf\u00e4ltig durch, bevor Sie die Website nutzen. Die Nutzung der Website gilt als Annahme dieser Bedingungen. Durch den Zugriff auf die Website verpflichtet sich jeder Internetnutzer (nachfolgend \u201eder Nutzer\u201c), die folgenden Regeln einzuhalten:  <\/p><p>1. Geistige Eigentumsrechte an der Website<br>2. Personenbezogene Daten<br>3. Nutzung der Website<br>4. \u00c4nderung dieser Erkl\u00e4rung<br>5. Anwendbares Recht<\/p><h3>1. Geistige Eigentumsrechte an der Website<\/h3><p>Die Website von EMBALL\u2019ISO SA ist ein geistiges Werk, das durch das Recht des geistigen Eigentums gesch\u00fctzt ist. Die Website und alle ihre Bestandteile (wie Marken, Logos, Fotografien, Bilder, Illustrationen, Texte, Videoclips usw.) sind ausschlie\u00dfliches Eigentum von EMBALL\u2019ISO SA, die allein berechtigt ist, die damit verbundenen Rechte des geistigen Eigentums und Pers\u00f6nlichkeitsrechte zu nutzen. Es wird keine Lizenz und kein sonstiges Recht einger\u00e4umt \u2013 mit Ausnahme des Rechts, die Website zu besuchen. <\/p><p>Die Vervielf\u00e4ltigung eines auf der Website ver\u00f6ffentlichten Dokuments ist ausschlie\u00dflich zu Informationszwecken und f\u00fcr strikt private, pers\u00f6nliche Nutzung gestattet. Jede vollst\u00e4ndige oder teilweise Vervielf\u00e4ltigung oder Darstellung der Website oder eines ihrer Bestandteile \u2013 unabh\u00e4ngig von Medium oder Form \u2013 zu anderen Zwecken, insbesondere f\u00fcr kommerzielle Nutzung, ist ausdr\u00fccklich untersagt. Alle Genehmigungsanfragen m\u00fcssen an EMBALL\u2019ISO SA gerichtet werden. Jede nicht genehmigte Nutzung stellt eine Rechtsverletzung dar, die strafrechtlich verfolgt werden kann.   <\/p><p>Das Setzen von Hyperlinks auf die Website von EMBALL\u2019ISO SA kann unter keinen Umst\u00e4nden die Haftung von EMBALL\u2019ISO SA begr\u00fcnden.<\/p><h3>2. Personenbezogene Daten<\/h3><p>EMBALL\u2019ISO SA verpflichtet sich, alle personenbezogenen Informationen des Nutzers, die im Rahmen der Nutzung der Website erhoben werden k\u00f6nnen (insbesondere durch die Anmeldung zum Newsletter, die Teilnahme an Gewinnspielen oder Online\u2011K\u00e4ufe), vertraulich zu behandeln.<br>Mit Zustimmung des Nutzers kann EMBALL\u2019ISO SA Daten, die den Nutzer betreffen, an seine Partner \u00fcbertragen. In \u00dcbereinstimmung mit dem franz\u00f6sischen Gesetz \u00fcber Informationstechnologie und Freiheit werden die Nutzer dar\u00fcber informiert, dass sie das Recht auf Zugang, Berichtigung, L\u00f6schung sowie das Recht auf Widerspruch gegen die Verarbeitung ihrer personenbezogenen Daten haben. Um dieses Recht auszu\u00fcben, m\u00fcssen Nutzer eine Anfrage \u00fcber das folgende Kontaktformular senden. <\/p><h3>3. Nutzung der Website<\/h3><p><strong>Zugang zur Website<\/strong><br>EMBALL\u2019ISO SA unternimmt alle Anstrengungen, um den Zugang zur Website aufrechtzuerhalten, \u00fcbernimmt jedoch keine Verpflichtung, dieses Ziel zu erreichen. Es wird ausdr\u00fccklich darauf hingewiesen, dass der Zugang zur Website unterbrochen werden kann, insbesondere aus Gr\u00fcnden der Wartung, Aktualisierung oder aus jedem anderen, insbesondere technischen Grund. EMBALL\u2019ISO SA \u00fcbernimmt keinerlei Verantwortung f\u00fcr diese Unterbrechungen oder die daraus entstehenden Folgen f\u00fcr den Nutzer.  <\/p><p><strong>Inhalte der Website<\/strong><br>EMBALL\u2019ISO SA setzt alles daran, die Inhalte der Website aktuell zu halten und den Nutzern pr\u00e4zise Informationen bereitzustellen. EMBALL\u2019ISO SA kann jedoch die Richtigkeit, Genauigkeit oder Vollst\u00e4ndigkeit der auf der Website enthaltenen Daten nicht garantieren. <\/p><p>EMBALL\u2019ISO SA \u00fcbernimmt keine Haftung f\u00fcr Ungenauigkeiten oder Auslassungen in Bezug auf die auf der Website verf\u00fcgbaren Daten sowie f\u00fcr Sch\u00e4den, die durch eine betr\u00fcgerische Manipulation durch Dritte entstehen, die zu einer \u00c4nderung dieser Daten f\u00fchrt. Jede festgestellte Unrichtigkeit oder Auslassung sollte \u00fcber das Kontaktformular gemeldet werden. <\/p><p>Die auf der Website eingerichteten Hyperlinks f\u00fchren den Nutzer zu den Internetseiten verschiedener Partner. Es wird ausdr\u00fccklich darauf hingewiesen, dass EMBALL\u2019ISO SA nicht alle Websites, die mit ihrer eigenen verbunden sein k\u00f6nnen, sowie deren Inhalte und dort bereitgestellte Informationen \u00fcberpr\u00fcft hat. Daher lehnt EMBALL\u2019ISO SA jede Verantwortung f\u00fcr Inhalte, Werbung, Produkte oder Dienstleistungen ab, die auf diesen Websites verf\u00fcgbar sind, sowie f\u00fcr deren Nutzung durch den Nutzer. Der Besuch dieser Websites erfolgt auf eigene Verantwortung des Nutzers.  <\/p><p>Hyperlinks zur Website d\u00fcrfen nur nach vorheriger schriftlicher Genehmigung von EMBALL\u2019ISO SA eingerichtet werden. Alle Genehmigungsanfragen m\u00fcssen \u00fcber das Kontaktformular \u00fcbermittelt werden. Jegliche unautorisierte Nutzung stellt eine Rechtsverletzung dar, die strafrechtlich verfolgt werden kann.  <\/p><p><strong>Cookies<\/strong><br>EMBALL\u2019ISO SA kann \u2013 nach Zustimmung des Nutzers \u2013 ein Cookie auf dessen Computer installieren, um den Nutzer zu identifizieren. Ein Cookie ist eine kleine Datei, die auf der Festplatte des Computers gespeichert wird und Informationen \u00fcber das Surfverhalten des Nutzers auf der Website speichert (besuchte Seiten, Datum, Uhrzeit und Dauer des Besuchs). EMBALL\u2019ISO verwendet Cookies ausschlie\u00dflich, um den angebotenen Service zu personalisieren. Sie k\u00f6nnen keinesfalls die Daten auf dem Computer besch\u00e4digen. Der Nutzer wird dar\u00fcber informiert, dass er die M\u00f6glichkeit hat, gem\u00e4\u00df der Cookie\u2011Richtlinie das Setzen von Cookies zu verhindern, indem er diese Funktion in seinem Browser deaktiviert. Der Zugriff auf die Website bleibt auch bei deaktivierten Cookies weiterhin m\u00f6glich.      <\/p><h3>4. \u00c4nderung dieser Erkl\u00e4rung<\/h3><p>EMBALL\u2019ISO SA beh\u00e4lt sich das Recht vor, die vorliegenden Nutzungsbedingungen der Website jederzeit zu \u00e4ndern, insbesondere um neuen Vorschriften oder Gesetzen zu entsprechen oder um die Nutzung der Website f\u00fcr den Nutzer zu verbessern. Alle \u00c4nderungen in Bezug auf die Nutzung der Website werden in diese Erkl\u00e4rung aufgenommen. <\/p><h3>5. Anwendbares Recht<\/h3><p>Sollten Probleme bei der Bestellung oder Lieferung auftreten, wird das Unternehmen eine g\u00fctliche L\u00f6sung anstreben. Diese allgemeinen Verkaufsbedingungen unterliegen franz\u00f6sischem Recht. <\/p>\t\t\t\t\t\t\t\t<\/div>\n\t\t\t\t<\/div>\n\t\t\t\t<\/div>\n\t\t\t\t\t<\/div>\n\t\t\t\t<\/div>\n\t\t\t\t<\/div>\n\t\t","protected":false},"excerpt":{"rendered":"<p>Rechtliche Hinweise Urheberrecht Gem\u00e4\u00df den geltenden Gesetzen zum Urheberrecht sowie zum Schutz des literarischen und k\u00fcnstlerischen Eigentums ist die Reproduktion oder Darstellung des gesamten oder eines Teils der Elemente, aus denen diese Website besteht, strengstens untersagt. Ebenso sind alle genannten Marken eingetragene Warenzeichen. Bildnachweise Fotos :&#8211; EMBALL&#8217;ISO SA Inhaber EMBALL&#8217;ISO SAZONE INDUSTRIELLE DES VERNAILLES320 RUE [&hellip;]<\/p>\n","protected":false},"author":1,"featured_media":4670,"parent":0,"menu_order":0,"comment_status":"closed","ping_status":"closed","template":"elementor_header_footer","meta":{"_acf_changed":false,"footnotes":""},"class_list":["post-7297","page","type-page","status-publish","has-post-thumbnail","hentry"],"acf":[],"_links":{"self":[{"href":"https:\/\/www.emballiso.com\/de\/wp-json\/wp\/v2\/pages\/7297","targetHints":{"allow":["GET"]}}],"collection":[{"href":"https:\/\/www.emballiso.com\/de\/wp-json\/wp\/v2\/pages"}],"about":[{"href":"https:\/\/www.emballiso.com\/de\/wp-json\/wp\/v2\/types\/page"}],"author":[{"embeddable":true,"href":"https:\/\/www.emballiso.com\/de\/wp-json\/wp\/v2\/users\/1"}],"replies":[{"embeddable":true,"href":"https:\/\/www.emballiso.com\/de\/wp-json\/wp\/v2\/comments?post=7297"}],"version-history":[{"count":2,"href":"https:\/\/www.emballiso.com\/de\/wp-json\/wp\/v2\/pages\/7297\/revisions"}],"predecessor-version":[{"id":7933,"href":"https:\/\/www.emballiso.com\/de\/wp-json\/wp\/v2\/pages\/7297\/revisions\/7933"}],"wp:featuredmedia":[{"embeddable":true,"href":"https:\/\/www.emballiso.com\/de\/wp-json\/wp\/v2\/media\/4670"}],"wp:attachment":[{"href":"https:\/\/www.emballiso.com\/de\/wp-json\/wp\/v2\/media?parent=7297"}],"curies":[{"name":"wp","href":"https:\/\/api.w.org\/{rel}","templated":true}]}}