{"id":7249,"date":"2026-03-16T10:22:06","date_gmt":"2026-03-16T09:22:06","guid":{"rendered":"https:\/\/www.emballiso.com\/kuehlkettenverpackungen-fuer-andere-branchen\/"},"modified":"2026-03-27T13:01:47","modified_gmt":"2026-03-27T12:01:47","slug":"kuehlkettenverpackungen-fuer-andere-branchen","status":"publish","type":"page","link":"https:\/\/www.emballiso.com\/de\/kuehlkettenverpackungen-fuer-andere-branchen\/","title":{"rendered":"K\u00fchlkettenverpackungen f\u00fcr andere Branchen"},"content":{"rendered":"\t\t<div data-elementor-type=\"wp-page\" data-elementor-id=\"7249\" class=\"elementor elementor-7249 elementor-5444\" data-elementor-post-type=\"page\">\n\t\t\t\t<div class=\"elementor-element elementor-element-a4e6b73 e-flex e-con-boxed e-con e-parent\" data-id=\"a4e6b73\" data-element_type=\"container\" data-e-type=\"container\">\n\t\t\t\t\t<div class=\"e-con-inner\">\n\t\t\t\t<div class=\"elementor-element elementor-element-9a3d459 elementor-invisible elementor-widget elementor-widget-heading\" data-id=\"9a3d459\" data-element_type=\"widget\" data-e-type=\"widget\" data-settings=\"{&quot;_animation&quot;:&quot;fadeInDown&quot;}\" data-widget_type=\"heading.default\">\n\t\t\t\t\t<h2 class=\"elementor-heading-title elementor-size-default\"><span class=\"gradient-blue\">K\u00fchlkettenverpackungen f\u00fcr andere Branchen<\/span><\/h2>\t\t\t\t<\/div>\n\t\t<div class=\"elementor-element elementor-element-d6a0bd0 e-con-full e-flex e-con e-child\" data-id=\"d6a0bd0\" data-element_type=\"container\" data-e-type=\"container\" data-settings=\"{&quot;background_background&quot;:&quot;classic&quot;}\">\n\t\t\t\t<div class=\"elementor-element elementor-element-7417f26 elementor-widget elementor-widget-heading\" data-id=\"7417f26\" data-element_type=\"widget\" data-e-type=\"widget\" data-widget_type=\"heading.default\">\n\t\t\t\t\t<h2 class=\"elementor-heading-title elementor-size-default\">Haben Sie ein bestimmtes Projekt oder eine besondere Herausforderung?<\/h2>\t\t\t\t<\/div>\n\t\t\t\t<div class=\"elementor-element elementor-element-5e0b4cb elementor-widget elementor-widget-text-editor\" data-id=\"5e0b4cb\" data-element_type=\"widget\" data-e-type=\"widget\" data-widget_type=\"text-editor.default\">\n\t\t\t\t\t\t\t\t\t<p>Sollte Ihre Branche bestimmte Temperaturanforderungen haben oder sollten Sie Ihren Sektor nicht in unserer Liste gefunden haben, steht Ihnen unser Team gerne zur Verf\u00fcgung.<\/p><p>Von individuellen Abmessungen bis hin zu spezifischen thermischen Belastungszeiten \u2013 wir helfen Ihnen dabei, die zuverl\u00e4ssigste und nachhaltigste L\u00f6sung f\u00fcr Ihre Anforderungen zu finden.<\/p>\t\t\t\t\t\t\t\t<\/div>\n\t\t\t\t<\/div>\n\t\t<div class=\"elementor-element elementor-element-5eb5209 e-con-full e-flex e-con e-child\" data-id=\"5eb5209\" data-element_type=\"container\" data-e-type=\"container\" data-settings=\"{&quot;background_background&quot;:&quot;classic&quot;}\">\n\t\t\t\t<div class=\"elementor-element elementor-element-79c0756 elementor-widget__width-inherit elementor-button-align-stretch elementor-widget elementor-widget-form\" data-id=\"79c0756\" data-element_type=\"widget\" data-e-type=\"widget\" data-settings=\"{&quot;step_next_label&quot;:&quot;Suivant&quot;,&quot;step_previous_label&quot;:&quot;Zur\\u00fcck&quot;,&quot;button_width&quot;:&quot;100&quot;,&quot;step_type&quot;:&quot;number_text&quot;,&quot;step_icon_shape&quot;:&quot;circle&quot;}\" data-widget_type=\"form.default\">\n\t\t\t\t\t\t\t<form class=\"elementor-form\" method=\"post\" id=\"solutions_finder_contact\" name=\"Kontaktieren Sie uns\" aria-label=\"Kontaktieren Sie uns\">\n\t\t\t<input type=\"hidden\" name=\"post_id\" value=\"7249\"\/>\n\t\t\t<input type=\"hidden\" name=\"form_id\" value=\"79c0756\"\/>\n\t\t\t<input type=\"hidden\" name=\"referer_title\" value=\"\" \/>\n\n\t\t\t\n\t\t\t<div class=\"elementor-form-fields-wrapper elementor-labels-\">\n\t\t\t\t\t\t\t\t<div class=\"elementor-field-type-text elementor-field-group elementor-column elementor-field-group-field_company elementor-col-33 elementor-field-required\">\n\t\t\t\t\t\t\t\t\t\t\t\t<label for=\"form-field-field_company\" class=\"elementor-field-label elementor-screen-only\">\n\t\t\t\t\t\t\t\tUnternehmen\t\t\t\t\t\t\t<\/label>\n\t\t\t\t\t\t\t\t\t\t\t\t\t\t<input size=\"1\" type=\"text\" name=\"form_fields[field_company]\" id=\"form-field-field_company\" class=\"elementor-field elementor-size-sm  elementor-field-textual\" placeholder=\"Unternehmen\" required=\"required\">\n\t\t\t\t\t\t\t\t\t\t\t<\/div>\n\t\t\t\t\t\t\t\t<div class=\"elementor-field-type-text elementor-field-group elementor-column elementor-field-group-field_name elementor-col-33 elementor-field-required\">\n\t\t\t\t\t\t\t\t\t\t\t\t<label for=\"form-field-field_name\" class=\"elementor-field-label elementor-screen-only\">\n\t\t\t\t\t\t\t\tName\t\t\t\t\t\t\t<\/label>\n\t\t\t\t\t\t\t\t\t\t\t\t\t\t<input size=\"1\" type=\"text\" name=\"form_fields[field_name]\" id=\"form-field-field_name\" class=\"elementor-field elementor-size-sm  elementor-field-textual\" placeholder=\"Name\" required=\"required\">\n\t\t\t\t\t\t\t\t\t\t\t<\/div>\n\t\t\t\t\t\t\t\t<div class=\"elementor-field-type-text elementor-field-group elementor-column elementor-field-group-field_firstname elementor-col-33 elementor-field-required\">\n\t\t\t\t\t\t\t\t\t\t\t\t<label for=\"form-field-field_firstname\" class=\"elementor-field-label elementor-screen-only\">\n\t\t\t\t\t\t\t\tVorname\t\t\t\t\t\t\t<\/label>\n\t\t\t\t\t\t\t\t\t\t\t\t\t\t<input size=\"1\" type=\"text\" name=\"form_fields[field_firstname]\" id=\"form-field-field_firstname\" class=\"elementor-field elementor-size-sm  elementor-field-textual\" placeholder=\"Vorname\" required=\"required\">\n\t\t\t\t\t\t\t\t\t\t\t<\/div>\n\t\t\t\t\t\t\t\t<div class=\"elementor-field-type-email elementor-field-group elementor-column elementor-field-group-field_email elementor-col-33 elementor-field-required\">\n\t\t\t\t\t\t\t\t\t\t\t\t<label for=\"form-field-field_email\" class=\"elementor-field-label elementor-screen-only\">\n\t\t\t\t\t\t\t\tEmail\t\t\t\t\t\t\t<\/label>\n\t\t\t\t\t\t\t\t\t\t\t\t\t\t<input size=\"1\" type=\"email\" name=\"form_fields[field_email]\" id=\"form-field-field_email\" class=\"elementor-field elementor-size-sm  elementor-field-textual\" placeholder=\"Email\" required=\"required\">\n\t\t\t\t\t\t\t\t\t\t\t<\/div>\n\t\t\t\t\t\t\t\t<div class=\"elementor-field-type-tel elementor-field-group elementor-column elementor-field-group-field_phone_number elementor-col-33 elementor-field-required\">\n\t\t\t\t\t\t\t\t\t\t\t\t<label for=\"form-field-field_phone_number\" class=\"elementor-field-label elementor-screen-only\">\n\t\t\t\t\t\t\t\tTelefonnummer\t\t\t\t\t\t\t<\/label>\n\t\t\t\t\t\t\t\t<input size=\"1\" type=\"tel\" name=\"form_fields[field_phone_number]\" id=\"form-field-field_phone_number\" class=\"elementor-field elementor-size-sm  elementor-field-textual\" placeholder=\"Telefonnummer\" required=\"required\" pattern=\"[0-9()#&amp;+*-=.]+\" title=\"Nur Nummern oder Telefon-Zeichen (#, -, *, etc) werden akzeptiert.\">\n\n\t\t\t\t\t\t<\/div>\n\t\t\t\t\t\t\t\t<div class=\"elementor-field-type-select elementor-field-group elementor-column elementor-field-group-field_country elementor-col-33 elementor-field-required\">\n\t\t\t\t\t\t\t\t\t\t\t\t<label for=\"form-field-field_country\" class=\"elementor-field-label elementor-screen-only\">\n\t\t\t\t\t\t\t\tLand\t\t\t\t\t\t\t<\/label>\n\t\t\t\t\t\t\t\t<div class=\"elementor-field elementor-select-wrapper remove-before \">\n\t\t\t<div class=\"select-caret-down-wrapper\">\n\t\t\t\t<svg aria-hidden=\"true\" class=\"e-font-icon-svg e-eicon-caret-down\" viewBox=\"0 0 571.4 571.4\" xmlns=\"http:\/\/www.w3.org\/2000\/svg\"><path d=\"M571 393Q571 407 561 418L311 668Q300 679 286 679T261 668L11 418Q0 407 0 393T11 368 36 357H536Q550 357 561 368T571 393Z\"><\/path><\/svg>\t\t\t<\/div>\n\t\t\t<select name=\"form_fields[field_country]\" id=\"form-field-field_country\" class=\"elementor-field-textual elementor-size-sm\" required=\"required\">\n\t\t\t\t\t\t\t\t\t<option value=\"Land\">Land<\/option>\n\t\t\t\t\t\t\t\t\t<option value=\"af-AF\">Afghanistan<\/option>\n\t\t\t\t\t\t\t\t\t<option value=\"al-AL\">Albanien<\/option>\n\t\t\t\t\t\t\t\t\t<option value=\"dz-DZ\">Algeria<\/option>\n\t\t\t\t\t\t\t\t\t<option value=\"ad-AD\">Andorra<\/option>\n\t\t\t\t\t\t\t\t\t<option value=\"ao-AO\">Angola<\/option>\n\t\t\t\t\t\t\t\t\t<option value=\"ag-AG\">Antigua und Barbuda<\/option>\n\t\t\t\t\t\t\t\t\t<option value=\"ar-AR\">Argentinien<\/option>\n\t\t\t\t\t\t\t\t\t<option value=\"am-AM\">Armenien<\/option>\n\t\t\t\t\t\t\t\t\t<option value=\"au-AU\">Australien<\/option>\n\t\t\t\t\t\t\t\t\t<option value=\"at-AT\">\u00d6sterreich<\/option>\n\t\t\t\t\t\t\t\t\t<option value=\"az-AZ\">Aserbaidschan<\/option>\n\t\t\t\t\t\t\t\t\t<option value=\"bs-BS\">Bahamas<\/option>\n\t\t\t\t\t\t\t\t\t<option value=\"bh-BH\">Bahrain<\/option>\n\t\t\t\t\t\t\t\t\t<option value=\"bd-BD\">Bangladesh<\/option>\n\t\t\t\t\t\t\t\t\t<option value=\"bb-BB\">Barbados<\/option>\n\t\t\t\t\t\t\t\t\t<option value=\"by-BY\">Belarus<\/option>\n\t\t\t\t\t\t\t\t\t<option value=\"be-BE\">Belgien<\/option>\n\t\t\t\t\t\t\t\t\t<option value=\"bz-BZ\">Belize<\/option>\n\t\t\t\t\t\t\t\t\t<option value=\"bj-BJ\">Benin<\/option>\n\t\t\t\t\t\t\t\t\t<option value=\"bt-BT\">Bhutan<\/option>\n\t\t\t\t\t\t\t\t\t<option value=\"bo-BO\">Bolivien<\/option>\n\t\t\t\t\t\t\t\t\t<option value=\"ba-BA\">Bosnien und Herzegowina<\/option>\n\t\t\t\t\t\t\t\t\t<option value=\"bw-BW\">Botsuana<\/option>\n\t\t\t\t\t\t\t\t\t<option value=\"br-BR\">Brasilien<\/option>\n\t\t\t\t\t\t\t\t\t<option value=\"bn-BN\">Brunei Darussalam<\/option>\n\t\t\t\t\t\t\t\t\t<option value=\"bg-BG\">Bulgarien<\/option>\n\t\t\t\t\t\t\t\t\t<option value=\"bf-BF\">Burkina Faso<\/option>\n\t\t\t\t\t\t\t\t\t<option value=\"bi-BI\">Burundi<\/option>\n\t\t\t\t\t\t\t\t\t<option value=\"kh-KH\">Kambodscha<\/option>\n\t\t\t\t\t\t\t\t\t<option value=\"cm-CM\">Kamerun<\/option>\n\t\t\t\t\t\t\t\t\t<option value=\"ca-CA\">Kanada<\/option>\n\t\t\t\t\t\t\t\t\t<option value=\"cv-CV\">Kap Verde<\/option>\n\t\t\t\t\t\t\t\t\t<option value=\"cf-CF\">Zentralafrikanische Republik<\/option>\n\t\t\t\t\t\t\t\t\t<option value=\"td-TD\">Tschad<\/option>\n\t\t\t\t\t\t\t\t\t<option value=\"cl-CL\">Chile<\/option>\n\t\t\t\t\t\t\t\t\t<option value=\"cn-CN\">China<\/option>\n\t\t\t\t\t\t\t\t\t<option value=\"co-CO\">Kolumbien<\/option>\n\t\t\t\t\t\t\t\t\t<option value=\"km-KM\">Komoren<\/option>\n\t\t\t\t\t\t\t\t\t<option value=\"ck-CK\">Cookinseln<\/option>\n\t\t\t\t\t\t\t\t\t<option value=\"cr-CR\">Costa Rica<\/option>\n\t\t\t\t\t\t\t\t\t<option value=\"hr-HR\">Kroatien<\/option>\n\t\t\t\t\t\t\t\t\t<option value=\"cu-CU\">Kuba<\/option>\n\t\t\t\t\t\t\t\t\t<option value=\"cy-CY\">Zypern<\/option>\n\t\t\t\t\t\t\t\t\t<option value=\"cz-CZ\">Tschechien<\/option>\n\t\t\t\t\t\t\t\t\t<option value=\"cd-CD\">Demokratische Republik Kongo<\/option>\n\t\t\t\t\t\t\t\t\t<option value=\"dk-DK\">D\u00e4nemark<\/option>\n\t\t\t\t\t\t\t\t\t<option value=\"dj-DJ\">Dschibuti<\/option>\n\t\t\t\t\t\t\t\t\t<option value=\"dm-DM\">Dominica<\/option>\n\t\t\t\t\t\t\t\t\t<option value=\"do-DO\">Dominikanische Republik<\/option>\n\t\t\t\t\t\t\t\t\t<option value=\"ec-EC\">Ecuador<\/option>\n\t\t\t\t\t\t\t\t\t<option value=\"eg-EG\">\u00c4gypten<\/option>\n\t\t\t\t\t\t\t\t\t<option value=\"gq-GQ\">\u00c4quatorialguinea<\/option>\n\t\t\t\t\t\t\t\t\t<option value=\"er-ER\">Eritrea<\/option>\n\t\t\t\t\t\t\t\t\t<option value=\"ee-EE\">Estland<\/option>\n\t\t\t\t\t\t\t\t\t<option value=\"sz-SZ\">Eswatini<\/option>\n\t\t\t\t\t\t\t\t\t<option value=\"et-ET\">\u00c4thiopien<\/option>\n\t\t\t\t\t\t\t\t\t<option value=\"fj-FJ\">Fidschi<\/option>\n\t\t\t\t\t\t\t\t\t<option value=\"fi-FI\">Finnland<\/option>\n\t\t\t\t\t\t\t\t\t<option value=\"fr-FR\">Frankreich<\/option>\n\t\t\t\t\t\t\t\t\t<option value=\"ga-GA\">Gabun<\/option>\n\t\t\t\t\t\t\t\t\t<option value=\"gm-GM\">Gambia<\/option>\n\t\t\t\t\t\t\t\t\t<option value=\"ge-GE\">Georgien<\/option>\n\t\t\t\t\t\t\t\t\t<option value=\"de-DE\">Deutschland<\/option>\n\t\t\t\t\t\t\t\t\t<option value=\"gh-GH\">Ghana<\/option>\n\t\t\t\t\t\t\t\t\t<option value=\"gr-GR\">Griechenland<\/option>\n\t\t\t\t\t\t\t\t\t<option value=\"gd-GD\">Grenada<\/option>\n\t\t\t\t\t\t\t\t\t<option value=\"gt-GT\">Guatemala<\/option>\n\t\t\t\t\t\t\t\t\t<option value=\"gn-GN\">Guinea<\/option>\n\t\t\t\t\t\t\t\t\t<option value=\"gw-GW\">Guinea-Bissau<\/option>\n\t\t\t\t\t\t\t\t\t<option value=\"gy-GY\">Guyana<\/option>\n\t\t\t\t\t\t\t\t\t<option value=\"ht-HT\">Haiti<\/option>\n\t\t\t\t\t\t\t\t\t<option value=\"hn-HN\">Honduras<\/option>\n\t\t\t\t\t\t\t\t\t<option value=\"hu-HU\">Ungarn<\/option>\n\t\t\t\t\t\t\t\t\t<option value=\"is-IS\">Island<\/option>\n\t\t\t\t\t\t\t\t\t<option value=\"in-IN\">Indien<\/option>\n\t\t\t\t\t\t\t\t\t<option value=\"id-ID\">Indonesien<\/option>\n\t\t\t\t\t\t\t\t\t<option value=\"ir-IR\">Iran<\/option>\n\t\t\t\t\t\t\t\t\t<option value=\"iq-IQ\">Irak<\/option>\n\t\t\t\t\t\t\t\t\t<option value=\"ie-IE\">Irland<\/option>\n\t\t\t\t\t\t\t\t\t<option value=\"il-IL\">Israel<\/option>\n\t\t\t\t\t\t\t\t\t<option value=\"it-IT\">Italien<\/option>\n\t\t\t\t\t\t\t\t\t<option value=\"ci-CI\">Elfenbeink\u00fcste<\/option>\n\t\t\t\t\t\t\t\t\t<option value=\"jm-JM\">Jamaika<\/option>\n\t\t\t\t\t\t\t\t\t<option value=\"jp-JP\">Japan<\/option>\n\t\t\t\t\t\t\t\t\t<option value=\"jo-JO\">Jordanien<\/option>\n\t\t\t\t\t\t\t\t\t<option value=\"kz-KZ\">Kasachstan<\/option>\n\t\t\t\t\t\t\t\t\t<option value=\"ke-KE\">Kenia<\/option>\n\t\t\t\t\t\t\t\t\t<option value=\"ki-KI\">Kiribati<\/option>\n\t\t\t\t\t\t\t\t\t<option value=\"kw-KW\">Kuwait<\/option>\n\t\t\t\t\t\t\t\t\t<option value=\"kg-KG\">Kirgisistan<\/option>\n\t\t\t\t\t\t\t\t\t<option value=\"la-LA\">Laos<\/option>\n\t\t\t\t\t\t\t\t\t<option value=\"lv-LV\">Lettland<\/option>\n\t\t\t\t\t\t\t\t\t<option value=\"lb-LB\">Libanon<\/option>\n\t\t\t\t\t\t\t\t\t<option value=\"ls-LS\">Lesotho<\/option>\n\t\t\t\t\t\t\t\t\t<option value=\"lr-LR\">Liberia<\/option>\n\t\t\t\t\t\t\t\t\t<option value=\"ly-LY\">Libyen<\/option>\n\t\t\t\t\t\t\t\t\t<option value=\"li-LI\">Liechtenstein<\/option>\n\t\t\t\t\t\t\t\t\t<option value=\"lt-LT\">Litauen<\/option>\n\t\t\t\t\t\t\t\t\t<option value=\"lu-LU\">Luxembourg<\/option>\n\t\t\t\t\t\t\t\t\t<option value=\"mg-MG\">Madagaskar<\/option>\n\t\t\t\t\t\t\t\t\t<option value=\"mw-MW\">Malawi<\/option>\n\t\t\t\t\t\t\t\t\t<option value=\"my-MY\">Malaysia<\/option>\n\t\t\t\t\t\t\t\t\t<option value=\"mv-MV\">Malediven<\/option>\n\t\t\t\t\t\t\t\t\t<option value=\"ml-ML\">Mali<\/option>\n\t\t\t\t\t\t\t\t\t<option value=\"mt-MT\">Malta<\/option>\n\t\t\t\t\t\t\t\t\t<option value=\"mh-MH\">Marshallinseln<\/option>\n\t\t\t\t\t\t\t\t\t<option value=\"mr-MR\">Mauretanien<\/option>\n\t\t\t\t\t\t\t\t\t<option value=\"mu-MU\">Mauritius<\/option>\n\t\t\t\t\t\t\t\t\t<option value=\"mx-MX\">Mexiko<\/option>\n\t\t\t\t\t\t\t\t\t<option value=\"fm-FM\">Mikronesien<\/option>\n\t\t\t\t\t\t\t\t\t<option value=\"md-MD\">Republik Moldau<\/option>\n\t\t\t\t\t\t\t\t\t<option value=\"mc-MC\">Monaco<\/option>\n\t\t\t\t\t\t\t\t\t<option value=\"mn-MN\">Mongolei<\/option>\n\t\t\t\t\t\t\t\t\t<option value=\"me-ME\">Montenegro<\/option>\n\t\t\t\t\t\t\t\t\t<option value=\"ma-MA\">Marokko<\/option>\n\t\t\t\t\t\t\t\t\t<option value=\"mz-MZ\">Mosambik<\/option>\n\t\t\t\t\t\t\t\t\t<option value=\"mm-MM\">Myanmar<\/option>\n\t\t\t\t\t\t\t\t\t<option value=\"na-NA\">Namibia<\/option>\n\t\t\t\t\t\t\t\t\t<option value=\"nr-NR\">Nauru<\/option>\n\t\t\t\t\t\t\t\t\t<option value=\"np-NP\">Nepal<\/option>\n\t\t\t\t\t\t\t\t\t<option value=\"nl-NL\">Niederlande<\/option>\n\t\t\t\t\t\t\t\t\t<option value=\"nz-NZ\">Neuseeland<\/option>\n\t\t\t\t\t\t\t\t\t<option value=\"ni-NI\">Nicaragua<\/option>\n\t\t\t\t\t\t\t\t\t<option value=\"ne-NE\">Niger<\/option>\n\t\t\t\t\t\t\t\t\t<option value=\"ng-NG\">Nigeria<\/option>\n\t\t\t\t\t\t\t\t\t<option value=\"nu-NU\">Niue<\/option>\n\t\t\t\t\t\t\t\t\t<option value=\"kp-KP\">Nordkorea<\/option>\n\t\t\t\t\t\t\t\t\t<option value=\"mk-MK\">Nordmazedonien<\/option>\n\t\t\t\t\t\t\t\t\t<option value=\"no-NO\">Norwegen<\/option>\n\t\t\t\t\t\t\t\t\t<option value=\"om-OM\">Oman<\/option>\n\t\t\t\t\t\t\t\t\t<option value=\"zz-ZZ\">Andere<\/option>\n\t\t\t\t\t\t\t\t\t<option value=\"pk-PK\">Pakistan<\/option>\n\t\t\t\t\t\t\t\t\t<option value=\"pw-PW\">Palau<\/option>\n\t\t\t\t\t\t\t\t\t<option value=\"ps-PS\">Pal\u00e4stinensische Autonomiegebiete<\/option>\n\t\t\t\t\t\t\t\t\t<option value=\"pa-PA\">Panama<\/option>\n\t\t\t\t\t\t\t\t\t<option value=\"pg-PG\">Papua-Neuguinea<\/option>\n\t\t\t\t\t\t\t\t\t<option value=\"py-PY\">Paraguay<\/option>\n\t\t\t\t\t\t\t\t\t<option value=\"pe-PE\">Peru<\/option>\n\t\t\t\t\t\t\t\t\t<option value=\"ph-PH\">Philippinen<\/option>\n\t\t\t\t\t\t\t\t\t<option value=\"pl-PL\">Polen<\/option>\n\t\t\t\t\t\t\t\t\t<option value=\"pt-PT\">Portugal<\/option>\n\t\t\t\t\t\t\t\t\t<option value=\"qa-QA\">Katar<\/option>\n\t\t\t\t\t\t\t\t\t<option value=\"cg-CG\">Republik Kongo<\/option>\n\t\t\t\t\t\t\t\t\t<option value=\"ro-RO\">Rum\u00e4nien<\/option>\n\t\t\t\t\t\t\t\t\t<option value=\"ru-RU\">Russland<\/option>\n\t\t\t\t\t\t\t\t\t<option value=\"rw-RW\">Ruanda<\/option>\n\t\t\t\t\t\t\t\t\t<option value=\"kn-KN\">St. Kitts und Nevis<\/option>\n\t\t\t\t\t\t\t\t\t<option value=\"lc-LC\">St. Lucia<\/option>\n\t\t\t\t\t\t\t\t\t<option value=\"vc-VC\">St. Vincent und die Grenadinen<\/option>\n\t\t\t\t\t\t\t\t\t<option value=\"ws-WS\">Samoa<\/option>\n\t\t\t\t\t\t\t\t\t<option value=\"sm-SM\">San Marino<\/option>\n\t\t\t\t\t\t\t\t\t<option value=\"st-ST\">S\u00e3o Tom\u00e9 und Pr\u00edncipe<\/option>\n\t\t\t\t\t\t\t\t\t<option value=\"sa-SA\">Saudi-Arabien<\/option>\n\t\t\t\t\t\t\t\t\t<option value=\"sn-SN\">Senegal<\/option>\n\t\t\t\t\t\t\t\t\t<option value=\"re-rs\">Serbien<\/option>\n\t\t\t\t\t\t\t\t\t<option value=\"sc-SC\">Seychellen<\/option>\n\t\t\t\t\t\t\t\t\t<option value=\"sl-SL\">Sierra Leone<\/option>\n\t\t\t\t\t\t\t\t\t<option value=\"sg-SG\">Singapur<\/option>\n\t\t\t\t\t\t\t\t\t<option value=\"sk-SK\">Slowakei<\/option>\n\t\t\t\t\t\t\t\t\t<option value=\"si-SI\">Slowenien<\/option>\n\t\t\t\t\t\t\t\t\t<option value=\"sb-SB\">Salomonen<\/option>\n\t\t\t\t\t\t\t\t\t<option value=\"so-SO\">Somalia<\/option>\n\t\t\t\t\t\t\t\t\t<option value=\"za-ZA\">S\u00fcdafrika<\/option>\n\t\t\t\t\t\t\t\t\t<option value=\"kr-KR\">S\u00fcdkorea<\/option>\n\t\t\t\t\t\t\t\t\t<option value=\"ss-SS\">S\u00fcdsudan<\/option>\n\t\t\t\t\t\t\t\t\t<option value=\"es-ES\">Spanien<\/option>\n\t\t\t\t\t\t\t\t\t<option value=\"lk-LK\">Sri Lanka<\/option>\n\t\t\t\t\t\t\t\t\t<option value=\"sd-SD\">Sudan<\/option>\n\t\t\t\t\t\t\t\t\t<option value=\"sr-SR\">Suriname<\/option>\n\t\t\t\t\t\t\t\t\t<option value=\"se-SE\">Schweden<\/option>\n\t\t\t\t\t\t\t\t\t<option value=\"ch-CH\">Schweiz<\/option>\n\t\t\t\t\t\t\t\t\t<option value=\"sy-SY\">Syrien<\/option>\n\t\t\t\t\t\t\t\t\t<option value=\"tj-TJ\">Tadschikistan<\/option>\n\t\t\t\t\t\t\t\t\t<option value=\"tz-TZ\">Tansania<\/option>\n\t\t\t\t\t\t\t\t\t<option value=\"th-TH\">Thailand<\/option>\n\t\t\t\t\t\t\t\t\t<option value=\"tl-TL\">Osttimor<\/option>\n\t\t\t\t\t\t\t\t\t<option value=\"tg-TG\">Togo<\/option>\n\t\t\t\t\t\t\t\t\t<option value=\"to-TO\">Tonga<\/option>\n\t\t\t\t\t\t\t\t\t<option value=\"tt-TT\">Trinidad and Tobago<\/option>\n\t\t\t\t\t\t\t\t\t<option value=\"tn-TN\">Tunesien<\/option>\n\t\t\t\t\t\t\t\t\t<option value=\"tr-TR\">T\u00fcrkei<\/option>\n\t\t\t\t\t\t\t\t\t<option value=\"tm-TM\">Turkmenistan<\/option>\n\t\t\t\t\t\t\t\t\t<option value=\"tv-TV\">Tuvalu<\/option>\n\t\t\t\t\t\t\t\t\t<option value=\"ug-UG\">Uganda<\/option>\n\t\t\t\t\t\t\t\t\t<option value=\"ua-UA\">Ukraine<\/option>\n\t\t\t\t\t\t\t\t\t<option value=\"ae-AE\">Vereinigte Arabische Emirate<\/option>\n\t\t\t\t\t\t\t\t\t<option value=\"gb-GB\">Vereinigtes K\u00f6nigreich<\/option>\n\t\t\t\t\t\t\t\t\t<option value=\"us-US\">Vereinigte Staaten<\/option>\n\t\t\t\t\t\t\t\t\t<option value=\"uy-UY\">Uruguay<\/option>\n\t\t\t\t\t\t\t\t\t<option value=\"uz-UZ\">Usbekistan<\/option>\n\t\t\t\t\t\t\t\t\t<option value=\"vu-VU\">Vanuatu<\/option>\n\t\t\t\t\t\t\t\t\t<option value=\"va-VA\">Vatikanstadt<\/option>\n\t\t\t\t\t\t\t\t\t<option value=\"ve-VE\">Venezuela<\/option>\n\t\t\t\t\t\t\t\t\t<option value=\"vn-VN\">Vietnam<\/option>\n\t\t\t\t\t\t\t\t\t<option value=\"ye-YE\">Jemen<\/option>\n\t\t\t\t\t\t\t\t\t<option value=\"zm-ZM\">Sambia<\/option>\n\t\t\t\t\t\t\t\t\t<option value=\"zw-ZW\">Simbabwe<\/option>\n\t\t\t\t\t\t\t<\/select>\n\t\t<\/div>\n\t\t\t\t\t\t<\/div>\n\t\t\t\t\t\t\t\t<div class=\"elementor-field-type-text elementor-field-group elementor-column elementor-field-group-field_subject elementor-col-100 elementor-field-required\">\n\t\t\t\t\t\t\t\t\t\t\t\t<label for=\"form-field-field_subject\" class=\"elementor-field-label elementor-screen-only\">\n\t\t\t\t\t\t\t\tBetreff\t\t\t\t\t\t\t<\/label>\n\t\t\t\t\t\t\t\t\t\t\t\t\t\t<input size=\"1\" type=\"text\" name=\"form_fields[field_subject]\" id=\"form-field-field_subject\" class=\"elementor-field elementor-size-sm  elementor-field-textual\" placeholder=\"Betreff\" required=\"required\">\n\t\t\t\t\t\t\t\t\t\t\t<\/div>\n\t\t\t\t\t\t\t\t<div class=\"elementor-field-type-textarea elementor-field-group elementor-column elementor-field-group-field_message elementor-col-100\">\n\t\t\t\t\t\t\t\t\t\t\t\t<label for=\"form-field-field_message\" class=\"elementor-field-label elementor-screen-only\">\n\t\t\t\t\t\t\t\tNachricht\t\t\t\t\t\t\t<\/label>\n\t\t\t\t\t\t<textarea class=\"elementor-field-textual elementor-field  elementor-size-sm\" name=\"form_fields[field_message]\" id=\"form-field-field_message\" rows=\"10\" placeholder=\"Nachricht\"><\/textarea>\t\t\t\t<\/div>\n\t\t\t\t\t\t\t\t<div class=\"elementor-field-type-hidden elementor-field-group elementor-column elementor-field-group-field_lang elementor-col-100\">\n\t\t\t\t\t\t\t\t\t\t\t\t\t<input size=\"1\" type=\"hidden\" name=\"form_fields[field_lang]\" id=\"form-field-field_lang\" class=\"elementor-field elementor-size-sm  elementor-field-textual\" value=\"en-EN\">\n\t\t\t\t\t\t\t\t\t\t\t<\/div>\n\t\t\t\t\t\t\t\t<div class=\"elementor-field-group elementor-column elementor-field-type-submit elementor-col-100 e-form__buttons\">\n\t\t\t\t\t<button class=\"elementor-button elementor-size-sm\" type=\"submit\">\n\t\t\t\t\t\t<span class=\"elementor-button-content-wrapper\">\n\t\t\t\t\t\t\t\t\t\t\t\t\t\t\t<span class=\"elementor-button-icon\">\n\t\t\t\t\t\t\t\t\t<svg aria-hidden=\"true\" class=\"e-font-icon-svg e-far-paper-plane\" viewBox=\"0 0 512 512\" xmlns=\"http:\/\/www.w3.org\/2000\/svg\"><path d=\"M440 6.5L24 246.4c-34.4 19.9-31.1 70.8 5.7 85.9L144 379.6V464c0 46.4 59.2 65.5 86.6 28.6l43.8-59.1 111.9 46.2c5.9 2.4 12.1 3.6 18.3 3.6 8.2 0 16.3-2.1 23.6-6.2 12.8-7.2 21.6-20 23.9-34.5l59.4-387.2c6.1-40.1-36.9-68.8-71.5-48.9zM192 464v-64.6l36.6 15.1L192 464zm212.6-28.7l-153.8-63.5L391 169.5c10.7-15.5-9.5-33.5-23.7-21.2L155.8 332.6 48 288 464 48l-59.4 387.3z\"><\/path><\/svg>\t\t\t\t\t\t\t\t\t\t\t\t\t\t\t\t\t<\/span>\n\t\t\t\t\t\t\t\t\t\t\t\t\t\t\t\t\t\t\t\t\t\t<span class=\"elementor-button-text\">Meine Anfrage senden<\/span>\n\t\t\t\t\t\t\t\t\t\t\t\t\t<\/span>\n\t\t\t\t\t<\/button>\n\t\t\t\t<\/div>\n\t\t\t<\/div>\n\t\t<\/form>\n\t\t\t\t\t\t<\/div>\n\t\t\t\t<\/div>\n\t\t\t\t\t<\/div>\n\t\t\t\t<\/div>\n\t\t\t\t<\/div>\n\t\t","protected":false},"excerpt":{"rendered":"<p>K\u00fchlkettenverpackungen f\u00fcr andere Branchen Haben Sie ein bestimmtes Projekt oder eine besondere Herausforderung? Sollte Ihre Branche bestimmte Temperaturanforderungen haben oder sollten Sie Ihren Sektor nicht in unserer Liste gefunden haben, steht Ihnen unser Team gerne zur Verf\u00fcgung. Von individuellen Abmessungen bis hin zu spezifischen thermischen Belastungszeiten \u2013 wir helfen Ihnen dabei, die zuverl\u00e4ssigste und nachhaltigste [&hellip;]<\/p>\n","protected":false},"author":1,"featured_media":0,"parent":0,"menu_order":0,"comment_status":"closed","ping_status":"closed","template":"","meta":{"_acf_changed":false,"footnotes":""},"class_list":["post-7249","page","type-page","status-publish","hentry"],"acf":[],"_links":{"self":[{"href":"https:\/\/www.emballiso.com\/de\/wp-json\/wp\/v2\/pages\/7249","targetHints":{"allow":["GET"]}}],"collection":[{"href":"https:\/\/www.emballiso.com\/de\/wp-json\/wp\/v2\/pages"}],"about":[{"href":"https:\/\/www.emballiso.com\/de\/wp-json\/wp\/v2\/types\/page"}],"author":[{"embeddable":true,"href":"https:\/\/www.emballiso.com\/de\/wp-json\/wp\/v2\/users\/1"}],"replies":[{"embeddable":true,"href":"https:\/\/www.emballiso.com\/de\/wp-json\/wp\/v2\/comments?post=7249"}],"version-history":[{"count":1,"href":"https:\/\/www.emballiso.com\/de\/wp-json\/wp\/v2\/pages\/7249\/revisions"}],"predecessor-version":[{"id":7250,"href":"https:\/\/www.emballiso.com\/de\/wp-json\/wp\/v2\/pages\/7249\/revisions\/7250"}],"wp:attachment":[{"href":"https:\/\/www.emballiso.com\/de\/wp-json\/wp\/v2\/media?parent=7249"}],"curies":[{"name":"wp","href":"https:\/\/api.w.org\/{rel}","templated":true}]}}