{"id":7182,"date":"2026-02-11T15:37:16","date_gmt":"2026-02-11T14:37:16","guid":{"rendered":"https:\/\/www.emballiso.com\/kuehlketten-verpackungsloesungen-fuer-pharmaunternehmen\/"},"modified":"2026-04-10T15:14:27","modified_gmt":"2026-04-10T13:14:27","slug":"kuehlketten-verpackungsloesungen-fuer-pharmaunternehmen","status":"publish","type":"page","link":"https:\/\/www.emballiso.com\/de\/kuehlketten-verpackungsloesungen-fuer-pharmaunternehmen\/","title":{"rendered":"K\u00fchlketten\u2011Verpackungsl\u00f6sungen f\u00fcr Pharmaunternehmen"},"content":{"rendered":"\t\t<div data-elementor-type=\"wp-page\" data-elementor-id=\"7182\" class=\"elementor elementor-7182 elementor-3068\" data-elementor-post-type=\"page\">\n\t\t\t\t<div class=\"elementor-element elementor-element-a4e6b73 e-flex e-con-boxed e-con e-parent\" data-id=\"a4e6b73\" data-element_type=\"container\" data-e-type=\"container\">\n\t\t\t\t\t<div class=\"e-con-inner\">\n\t\t\t\t<div class=\"elementor-element elementor-element-9a3d459 elementor-invisible elementor-widget elementor-widget-heading\" data-id=\"9a3d459\" data-element_type=\"widget\" data-e-type=\"widget\" data-settings=\"{&quot;_animation&quot;:&quot;fadeInDown&quot;}\" data-widget_type=\"heading.default\">\n\t\t\t\t\t<h1 class=\"elementor-heading-title elementor-size-default\"><span class=\"gradient-blue\">K\u00fchlketten\u2011Verpackungsl\u00f6sungen f\u00fcr Pharmaunternehmen<\/span><\/h1>\t\t\t\t<\/div>\n\t\t\t\t<div class=\"elementor-element elementor-element-1e81825 elementor-widget elementor-widget-text-editor\" data-id=\"1e81825\" data-element_type=\"widget\" data-e-type=\"widget\" data-widget_type=\"text-editor.default\">\n\t\t\t\t\t\t\t\t\t<p>Seit \u00fcber 35 Jahren ist EMBALL\u2019ISO ein weltweit f\u00fchrender Anbieter in der Entwicklung und Herstellung leistungsstarker temperaturgef\u00fchrter Verpackungssysteme. In der Life\u2011Science\u2011Industrie ist die Lieferkette das letzte entscheidende Glied zur Gew\u00e4hrleistung der Patientensicherheit. Mit dem Aufstieg hochpreisiger Biologika nimmt der Bedarf an ultrapr\u00e4ziser Temperaturkontrolle zu \u2013 entscheidend f\u00fcr das Management und die Reduzierung von Risiken in der K\u00fchlkette.  <\/p><p>Pharmazeutische Laboratorien m\u00fcssen sich in einem komplexen Geflecht globaler Vorschriften bewegen und stehen gleichzeitig unter steigendem Druck, sowohl die Total Cost of Ownership (TCO) als auch den \u00f6kologischen Fu\u00dfabdruck zu reduzieren. EMBALL\u2019ISO bietet validierte, leistungsstarke isotherme L\u00f6sungen, die entwickelt wurden, um Ihre globalen Sendungen vom Labor bis zum Patienten sicher zu sch\u00fctzen. <\/p>\t\t\t\t\t\t\t\t<\/div>\n\t\t\t\t<div class=\"elementor-element elementor-element-7417f26 elementor-widget elementor-widget-heading\" data-id=\"7417f26\" data-element_type=\"widget\" data-e-type=\"widget\" data-widget_type=\"heading.default\">\n\t\t\t\t\t<h2 class=\"elementor-heading-title elementor-size-default\">Bew\u00e4ltigung der Herausforderungen in der Pharmalogistik<\/h2>\t\t\t\t<\/div>\n\t\t\t\t<div class=\"elementor-element elementor-element-5e0b4cb elementor-widget elementor-widget-text-editor\" data-id=\"5e0b4cb\" data-element_type=\"widget\" data-e-type=\"widget\" data-widget_type=\"text-editor.default\">\n\t\t\t\t\t\t\t\t\t<p>Um wettbewerbsf\u00e4hig und compliant zu bleiben, m\u00fcssen Pharmaunternehmen vier entscheidende Herausforderungen meistern:<\/p>\n<p><\/p>\n<ul>\n<li>\n<p><strong>Sicherheit &amp; thermische Integrit\u00e4t: <\/strong>Die Stabilit\u00e4t von Arzneimitteln ist nicht verhandelbar. Durch den Einsatz von PCM\u2011Akkus (Phase\u2011Change\u2011Material) gew\u00e4hrleisten unsere L\u00f6sungen, dass Produkte innerhalb strenger Temperaturbereiche bleiben (2\u20138\u202f\u00b0C, 15\u201325\u202f\u00b0C oder Tiefk\u00fchlung), wodurch das Risiko einer Temperaturabweichung eliminiert wird. <\/p>\n<\/li>\n<li>\n<p><strong style=\"background-color: transparent; letter-spacing: 0px;\">Kostenoptimierung: <\/strong>Wir unterst\u00fctzen Sie bei der Kontrolle und Reduzierung von Kosten durch Verpackungsstudien zur Optimierung des Volumengewichts. Durch die Verbesserung des Nutzlast\u2011\/Volumen\u2011Verh\u00e4ltnisses und die Implementierung schl\u00fcsselfertiger Reuse\u2011 &amp;\u2011Reverse\u2011L\u00f6sungen senken wir das gesamte Logistikbudget erheblich.<\/p>\n<\/li>\n<li>\n<p><strong style=\"background-color: transparent; letter-spacing: 0px;\">Nachhaltiger Partner: <\/strong>Mit der EcoVadis\u2011Gold\u2011Auszeichnung unterst\u00fctzen wir Ihre CSR\u2011Strategie aktiv und messbar.<\/p>\n<\/li>\n<li>\n<p><strong style=\"background-color: transparent; letter-spacing: 0px;\">Compliance &amp; Zuverl\u00e4ssigkeit: <\/strong>Unsere L\u00f6sungen werden in unserem ISO\u20119001\u2011zertifizierten metrologischen Labor qualifiziert. Auf einer Fl\u00e4che von 500\u202fm\u00b2, mit 8 Klimakammern, f\u00fchren wir j\u00e4hrlich \u00fcber 1\u202f000 Tests nach ISTA\u20117D\u2011Protokollen durch, um die Leistungsf\u00e4higkeit unserer Systeme unter extremen Bedingungen sicherzustellen.<\/p>\n<\/li>\n<\/ul>\t\t\t\t\t\t\t\t<\/div>\n\t\t\t\t<div class=\"elementor-element elementor-element-44c37f6 elementor-widget-divider--view-line elementor-widget elementor-widget-divider\" data-id=\"44c37f6\" data-element_type=\"widget\" data-e-type=\"widget\" data-widget_type=\"divider.default\">\n\t\t\t\t\t\t\t<div class=\"elementor-divider\">\n\t\t\t<span class=\"elementor-divider-separator\">\n\t\t\t\t\t\t<\/span>\n\t\t<\/div>\n\t\t\t\t\t\t<\/div>\n\t\t\t\t<div class=\"elementor-element elementor-element-97e66ee elementor-widget elementor-widget-heading\" data-id=\"97e66ee\" data-element_type=\"widget\" data-e-type=\"widget\" data-widget_type=\"heading.default\">\n\t\t\t\t\t<h3 class=\"elementor-heading-title elementor-size-default\">Unsere ma\u00dfgeschneiderten L\u00f6sungen f\u00fcr die Pharmaindustrie<\/h3>\t\t\t\t<\/div>\n\t\t\t\t<div class=\"elementor-element elementor-element-d8f4ddf elementor-widget elementor-widget-text-editor\" data-id=\"d8f4ddf\" data-element_type=\"widget\" data-e-type=\"widget\" data-widget_type=\"text-editor.default\">\n\t\t\t\t\t\t\t\t\t<p>Wir bieten einen dynamischen Ansatz, um jede Transportdauer und jedes Ziel optimal abzudecken:<\/p><ul><li><strong>ISOGO:<\/strong> Eine hochleistungsf\u00e4hige, ergonomische Paketl\u00f6sung f\u00fcr mittlere Volumina.<\/li><li><strong>STANDARD\u2011Reihe (National, National Plus, Export):<\/strong> Robuste und bew\u00e4hrte L\u00f6sungen f\u00fcr Ihre t\u00e4glichen Versandstr\u00f6me.<\/li><li><strong>Thermoabdeckungen (TLX): <\/strong>Leichte Schutzl\u00f6sungen f\u00fcr Pharma\u2011Korridore und die Seefracht, entwickelt zur Vermeidung von Temperaturschocks w\u00e4hrend der Wartezeiten auf dem Rollfeld.<\/li><li><strong>Ready\u2011to\u2011Use (Preconditioning): <\/strong>Lagern Sie die Vorkonditionierung Ihrer Isolierverpackungen an unsere geschulten Mitarbeitenden aus, um Zeit, Lagerfl\u00e4che und K\u00fchlkapazit\u00e4t zu sparen.<\/li><\/ul>\t\t\t\t\t\t\t\t<\/div>\n\t\t\t\t\t<\/div>\n\t\t\t\t<\/div>\n\t\t<div class=\"elementor-element elementor-element-71def6c e-flex e-con-boxed e-con e-parent\" data-id=\"71def6c\" data-element_type=\"container\" data-e-type=\"container\">\n\t\t\t\t\t<div class=\"e-con-inner\">\n\t\t<div class=\"elementor-element elementor-element-af25781 e-con-full e-flex e-con e-child\" data-id=\"af25781\" data-element_type=\"container\" data-e-type=\"container\">\n\t\t\t\t<div class=\"elementor-element elementor-element-af7f970 elementor-widget elementor-widget-heading\" data-id=\"af7f970\" data-element_type=\"widget\" data-e-type=\"widget\" data-widget_type=\"heading.default\">\n\t\t\t\t\t<h3 class=\"elementor-heading-title elementor-size-default\">Globales Netzwerk &amp; Wiederverwendungsexpertise<\/h3>\t\t\t\t<\/div>\n\t\t\t\t<div class=\"elementor-element elementor-element-3258af4 elementor-widget elementor-widget-text-editor\" data-id=\"3258af4\" data-element_type=\"widget\" data-e-type=\"widget\" data-widget_type=\"text-editor.default\">\n\t\t\t\t\t\t\t\t\t<p>Mit einer weltweiten Pr\u00e4senz auf 4 Kontinenten betreibt EMBALL\u2019ISO 12 Produktionsstandorte und \u00fcber 15 Servicezentren. Unser Programm Reuse\u2011 &amp;\u2011Reverse\u2011Logistik ist in mehr als 80 L\u00e4ndern verf\u00fcgbar. <\/p><p>Wir holen gebrauchte Verpackungen am Bestimmungsort zur\u00fcck. Jede Einheit wird gereinigt, \u00fcberholt und einer Qualit\u00e4tspr\u00fcfung unterzogen, um sicherzustellen, dass sie die gleiche Leistung wie ein Neuprodukt bietet. Dieser schl\u00fcsselfertige Service entlastet Ihre Abl\u00e4ufe vollst\u00e4ndig von der Abfall- und R\u00fcckf\u00fchrungslogistik. <\/p>\t\t\t\t\t\t\t\t<\/div>\n\t\t\t\t<\/div>\n\t\t<div class=\"elementor-element elementor-element-e9c3bf5 e-con-full e-flex e-con e-child\" data-id=\"e9c3bf5\" data-element_type=\"container\" data-e-type=\"container\">\n\t\t\t\t<div class=\"elementor-element elementor-element-16d3d63 elementor-widget elementor-widget-heading\" data-id=\"16d3d63\" data-element_type=\"widget\" data-e-type=\"widget\" data-widget_type=\"heading.default\">\n\t\t\t\t\t<h3 class=\"elementor-heading-title elementor-size-default\">Typische Anwendungen im Pharmabereich<\/h3>\t\t\t\t<\/div>\n\t\t\t\t<div class=\"elementor-element elementor-element-da339b2 elementor-widget elementor-widget-text-editor\" data-id=\"da339b2\" data-element_type=\"widget\" data-e-type=\"widget\" data-widget_type=\"text-editor.default\">\n\t\t\t\t\t\t\t\t\t<ul><li><strong>Internationaler Versand: <\/strong>Einsatz von HPPS f\u00fcr den Transport gro\u00dfer Chargen von Impfstoffen oder Wirkstoffen (APIs) \u00fcber Kontinente hinweg \u2013 mit maximaler thermischer Stabilit\u00e4t.<\/li><li><strong>Logistik f\u00fcr klinische Studien: <\/strong>Sichere Lieferung innovativer Behandlungen mit Premium+\u2011Hochsicherheitsverpackungen.<\/li><\/ul>\t\t\t\t\t\t\t\t<\/div>\n\t\t\t\t<\/div>\n\t\t\t\t\t<\/div>\n\t\t\t\t<\/div>\n\t\t<div class=\"elementor-element elementor-element-ea6231a e-flex e-con-boxed e-con e-parent\" data-id=\"ea6231a\" data-element_type=\"container\" data-e-type=\"container\">\n\t\t\t\t\t<div class=\"e-con-inner\">\n\t\t\t\t<div class=\"elementor-element elementor-element-b837087 elementor-widget-divider--view-line elementor-widget elementor-widget-divider\" data-id=\"b837087\" data-element_type=\"widget\" data-e-type=\"widget\" data-widget_type=\"divider.default\">\n\t\t\t\t\t\t\t<div class=\"elementor-divider\">\n\t\t\t<span class=\"elementor-divider-separator\">\n\t\t\t\t\t\t<\/span>\n\t\t<\/div>\n\t\t\t\t\t\t<\/div>\n\t\t\t\t<div class=\"elementor-element elementor-element-98aa898 elementor-widget elementor-widget-heading\" data-id=\"98aa898\" data-element_type=\"widget\" data-e-type=\"widget\" data-widget_type=\"heading.default\">\n\t\t\t\t\t<h2 class=\"elementor-heading-title elementor-size-default\">CSR : Auf dem Weg zu einer nachhaltigen Tiergesundheit<\/h2>\t\t\t\t<\/div>\n\t\t\t\t<div class=\"elementor-element elementor-element-511bf85 elementor-widget elementor-widget-text-editor\" data-id=\"511bf85\" data-element_type=\"widget\" data-e-type=\"widget\" data-widget_type=\"text-editor.default\">\n\t\t\t\t\t\t\t\t\t<p>Als Ihr Nachhaltigkeitspartner unterst\u00fctzen wir Sie dabei, Ihren \u00f6kologischen Fu\u00dfabdruck zu reduzieren:<\/p><ul><li>Bis zu 93\u202f% CO\u2082\u2011Einsparung durch unser globales Wiederverwendungsmodell im Vergleich zu Einwegl\u00f6sungen.<\/li><li><strong>Abfallreduzierung: <\/strong>1\u202f600\u202fTonnen Abfall werden j\u00e4hrlich dank unseres Netzwerks f\u00fcr R\u00fcckholung und \u00dcberholung eingespart.<\/li><li><strong>\u00d6kodesign: <\/strong>Leichte und nachhaltige Materialien \u2013 optimiert, um den CO\u2082\u2011Impact jeder einzelnen Sendung zu reduzieren.<\/li><\/ul>\t\t\t\t\t\t\t\t<\/div>\n\t\t\t\t\t<\/div>\n\t\t\t\t<\/div>\n\t\t<div class=\"elementor-element elementor-element-1f3a7d8 e-flex e-con-boxed e-con e-parent\" data-id=\"1f3a7d8\" data-element_type=\"container\" data-e-type=\"container\" data-settings=\"{&quot;background_background&quot;:&quot;classic&quot;}\">\n\t\t\t\t\t<div class=\"e-con-inner\">\n\t\t\t\t<div class=\"elementor-element elementor-element-9b2d6b8 elementor-widget elementor-widget-heading\" data-id=\"9b2d6b8\" data-element_type=\"widget\" data-e-type=\"widget\" data-widget_type=\"heading.default\">\n\t\t\t\t\t<h2 class=\"elementor-heading-title elementor-size-default\">Suchen Sie nach einer L\u00f6sung, die auf Ihre pharmazeutischen Anforderungen zugeschnitten ist?<\/h2>\t\t\t\t<\/div>\n\t\t\t\t<div class=\"elementor-element elementor-element-0325aa3 elementor-align-center elementor-widget elementor-widget-button\" data-id=\"0325aa3\" data-element_type=\"widget\" data-e-type=\"widget\" data-widget_type=\"button.default\">\n\t\t\t\t\t\t\t\t\t\t<a class=\"elementor-button elementor-button-link elementor-size-sm\" href=\"https:\/\/www.emballiso.com\/de\/kontakt\/\">\n\t\t\t\t\t\t<span class=\"elementor-button-content-wrapper\">\n\t\t\t\t\t\t<span class=\"elementor-button-icon\">\n\t\t\t\t<svg aria-hidden=\"true\" class=\"e-font-icon-svg e-far-envelope\" viewBox=\"0 0 512 512\" xmlns=\"http:\/\/www.w3.org\/2000\/svg\"><path d=\"M464 64H48C21.49 64 0 85.49 0 112v288c0 26.51 21.49 48 48 48h416c26.51 0 48-21.49 48-48V112c0-26.51-21.49-48-48-48zm0 48v40.805c-22.422 18.259-58.168 46.651-134.587 106.49-16.841 13.247-50.201 45.072-73.413 44.701-23.208.375-56.579-31.459-73.413-44.701C106.18 199.465 70.425 171.067 48 152.805V112h416zM48 400V214.398c22.914 18.251 55.409 43.862 104.938 82.646 21.857 17.205 60.134 55.186 103.062 54.955 42.717.231 80.509-37.199 103.053-54.947 49.528-38.783 82.032-64.401 104.947-82.653V400H48z\"><\/path><\/svg>\t\t\t<\/span>\n\t\t\t\t\t\t\t\t\t<span class=\"elementor-button-text\">Angebot anfordern<\/span>\n\t\t\t\t\t<\/span>\n\t\t\t\t\t<\/a>\n\t\t\t\t\t\t\t\t<\/div>\n\t\t\t\t\t<\/div>\n\t\t\t\t<\/div>\n\t\t<div class=\"elementor-element elementor-element-74edf2e e-flex e-con-boxed e-con e-parent\" data-id=\"74edf2e\" data-element_type=\"container\" data-e-type=\"container\" data-settings=\"{&quot;background_background&quot;:&quot;classic&quot;}\">\n\t\t\t\t\t<div class=\"e-con-inner\">\n\t\t<div class=\"elementor-element elementor-element-b3edfa4 e-con-full e-flex e-con e-child\" data-id=\"b3edfa4\" data-element_type=\"container\" data-e-type=\"container\">\n\t\t\t\t<div class=\"elementor-element elementor-element-0c073ba elementor-hidden-tablet elementor-hidden-mobile elementor-widget elementor-widget-heading\" data-id=\"0c073ba\" data-element_type=\"widget\" data-e-type=\"widget\" data-widget_type=\"heading.default\">\n\t\t\t\t\t<p class=\"elementor-heading-title elementor-size-default\">FAQ<\/p>\t\t\t\t<\/div>\n\t\t\t\t<div class=\"elementor-element elementor-element-0b545ea elementor-icon-list--layout-traditional elementor-list-item-link-full_width elementor-widget elementor-widget-icon-list\" data-id=\"0b545ea\" data-element_type=\"widget\" data-e-type=\"widget\" data-widget_type=\"icon-list.default\">\n\t\t\t\t\t\t\t<ul class=\"elementor-icon-list-items\">\n\t\t\t\t\t\t\t<li class=\"elementor-icon-list-item\">\n\t\t\t\t\t\t\t\t\t\t\t<span class=\"elementor-icon-list-icon\">\n\t\t\t\t\t\t\t<svg aria-hidden=\"true\" class=\"e-font-icon-svg e-fas-check\" viewBox=\"0 0 512 512\" xmlns=\"http:\/\/www.w3.org\/2000\/svg\"><path d=\"M173.898 439.404l-166.4-166.4c-9.997-9.997-9.997-26.206 0-36.204l36.203-36.204c9.997-9.998 26.207-9.998 36.204 0L192 312.69 432.095 72.596c9.997-9.997 26.207-9.997 36.204 0l36.203 36.204c9.997 9.997 9.997 26.206 0 36.204l-294.4 294.401c-9.998 9.997-26.207 9.997-36.204-.001z\"><\/path><\/svg>\t\t\t\t\t\t<\/span>\n\t\t\t\t\t\t\t\t\t\t<span class=\"elementor-icon-list-text\"><strong>Wie k\u00f6nnen pharmazeutische Produkte sicher transportiert werden? <\/strong>Durch die Nutzung leistungsstarker temperaturgef\u00fchrter Verpackungssysteme und die Sicherstellung der Compliance mittels validierter ISTA\u20117D\u2011L\u00f6sungen.<\/span>\n\t\t\t\t\t\t\t\t\t<\/li>\n\t\t\t\t\t\t\t\t<li class=\"elementor-icon-list-item\">\n\t\t\t\t\t\t\t\t\t\t\t<span class=\"elementor-icon-list-icon\">\n\t\t\t\t\t\t\t<svg aria-hidden=\"true\" class=\"e-font-icon-svg e-fas-check\" viewBox=\"0 0 512 512\" xmlns=\"http:\/\/www.w3.org\/2000\/svg\"><path d=\"M173.898 439.404l-166.4-166.4c-9.997-9.997-9.997-26.206 0-36.204l36.203-36.204c9.997-9.998 26.207-9.998 36.204 0L192 312.69 432.095 72.596c9.997-9.997 26.207-9.997 36.204 0l36.203 36.204c9.997 9.997 9.997 26.206 0 36.204l-294.4 294.401c-9.998 9.997-26.207 9.997-36.204-.001z\"><\/path><\/svg>\t\t\t\t\t\t<\/span>\n\t\t\t\t\t\t\t\t\t\t<span class=\"elementor-icon-list-text\"><strong>Welche Vorteile bieten wiederverwendbare isotherme Verpackungen? <\/strong>Sie senken die Logistikkosten, reduzieren den \u00f6kologischen Fu\u00dfabdruck und gew\u00e4hrleisten eine konstante Leistung, da jede Einheit vor der Wiederverwendung qualit\u00e4tsgepr\u00fcft wird.<\/span>\n\t\t\t\t\t\t\t\t\t<\/li>\n\t\t\t\t\t\t<\/ul>\n\t\t\t\t\t\t<\/div>\n\t\t\t\t<\/div>\n\t\t<div class=\"elementor-element elementor-element-a7400fb e-con-full e-flex e-con e-child\" data-id=\"a7400fb\" data-element_type=\"container\" data-e-type=\"container\">\n\t\t\t\t<div class=\"elementor-element elementor-element-bf179db elementor-hidden-tablet elementor-hidden-mobile elementor-widget elementor-widget-heading\" data-id=\"bf179db\" data-element_type=\"widget\" data-e-type=\"widget\" data-widget_type=\"heading.default\">\n\t\t\t\t\t<p class=\"elementor-heading-title elementor-size-default\">ENTDECKEN SIE UNSERE WEITEREN SEGMENTE<\/p>\t\t\t\t<\/div>\n\t\t\t\t<div class=\"elementor-element elementor-element-12584e0 elementor-icon-list--layout-traditional elementor-list-item-link-full_width elementor-widget elementor-widget-icon-list\" data-id=\"12584e0\" data-element_type=\"widget\" data-e-type=\"widget\" data-widget_type=\"icon-list.default\">\n\t\t\t\t\t\t\t<ul class=\"elementor-icon-list-items\">\n\t\t\t\t\t\t\t<li class=\"elementor-icon-list-item\">\n\t\t\t\t\t\t\t\t\t\t\t<a href=\"https:\/\/www.emballiso.com\/de\/kuehlketten-verpackungsloesungen-fuer-logistikspezialisten\/\">\n\n\t\t\t\t\t\t\t\t\t\t\t\t<span class=\"elementor-icon-list-icon\">\n\t\t\t\t\t\t\t<svg aria-hidden=\"true\" class=\"e-font-icon-svg e-fas-check\" viewBox=\"0 0 512 512\" xmlns=\"http:\/\/www.w3.org\/2000\/svg\"><path d=\"M173.898 439.404l-166.4-166.4c-9.997-9.997-9.997-26.206 0-36.204l36.203-36.204c9.997-9.998 26.207-9.998 36.204 0L192 312.69 432.095 72.596c9.997-9.997 26.207-9.997 36.204 0l36.203 36.204c9.997 9.997 9.997 26.206 0 36.204l-294.4 294.401c-9.998 9.997-26.207 9.997-36.204-.001z\"><\/path><\/svg>\t\t\t\t\t\t<\/span>\n\t\t\t\t\t\t\t\t\t\t<span class=\"elementor-icon-list-text\"><strong>F\u00fcr Logistikspezialisten: <\/strong>Optimieren Sie Ihre K\u00fchlkettenfl\u00fcsse mit unserem globalen Netzwerk.<\/span>\n\t\t\t\t\t\t\t\t\t\t\t<\/a>\n\t\t\t\t\t\t\t\t\t<\/li>\n\t\t\t\t\t\t\t\t<li class=\"elementor-icon-list-item\">\n\t\t\t\t\t\t\t\t\t\t\t<a href=\"https:\/\/www.emballiso.com\/de\/kuehlketten-verpackungsloesungen-fuer-klinische-studien\/\">\n\n\t\t\t\t\t\t\t\t\t\t\t\t<span class=\"elementor-icon-list-icon\">\n\t\t\t\t\t\t\t<svg aria-hidden=\"true\" class=\"e-font-icon-svg e-fas-check\" viewBox=\"0 0 512 512\" xmlns=\"http:\/\/www.w3.org\/2000\/svg\"><path d=\"M173.898 439.404l-166.4-166.4c-9.997-9.997-9.997-26.206 0-36.204l36.203-36.204c9.997-9.998 26.207-9.998 36.204 0L192 312.69 432.095 72.596c9.997-9.997 26.207-9.997 36.204 0l36.203 36.204c9.997 9.997 9.997 26.206 0 36.204l-294.4 294.401c-9.998 9.997-26.207 9.997-36.204-.001z\"><\/path><\/svg>\t\t\t\t\t\t<\/span>\n\t\t\t\t\t\t\t\t\t\t<span class=\"elementor-icon-list-text\"><strong>F\u00fcr klinische Studien: <\/strong>Spezialisierte Forschungsl\u00f6sungen mit hoher Autonomie.<\/span>\n\t\t\t\t\t\t\t\t\t\t\t<\/a>\n\t\t\t\t\t\t\t\t\t<\/li>\n\t\t\t\t\t\t\t\t<li class=\"elementor-icon-list-item\">\n\t\t\t\t\t\t\t\t\t\t\t<a href=\"https:\/\/www.emballiso.com\/de\/kuehlketten-verpackungsloesungen-fuer-last-mile-profis\/\">\n\n\t\t\t\t\t\t\t\t\t\t\t\t<span class=\"elementor-icon-list-icon\">\n\t\t\t\t\t\t\t<svg aria-hidden=\"true\" class=\"e-font-icon-svg e-fas-check\" viewBox=\"0 0 512 512\" xmlns=\"http:\/\/www.w3.org\/2000\/svg\"><path d=\"M173.898 439.404l-166.4-166.4c-9.997-9.997-9.997-26.206 0-36.204l36.203-36.204c9.997-9.998 26.207-9.998 36.204 0L192 312.69 432.095 72.596c9.997-9.997 26.207-9.997 36.204 0l36.203 36.204c9.997 9.997 9.997 26.206 0 36.204l-294.4 294.401c-9.998 9.997-26.207 9.997-36.204-.001z\"><\/path><\/svg>\t\t\t\t\t\t<\/span>\n\t\t\t\t\t\t\t\t\t\t<span class=\"elementor-icon-list-text\"><strong>F\u00fcr Last\u2011Mile\u2011Profis: <\/strong>Praktische, leichte Taschen und Boxen f\u00fcr die lokale Zustellung.<\/span>\n\t\t\t\t\t\t\t\t\t\t\t<\/a>\n\t\t\t\t\t\t\t\t\t<\/li>\n\t\t\t\t\t\t<\/ul>\n\t\t\t\t\t\t<\/div>\n\t\t\t\t<\/div>\n\t\t\t\t\t<\/div>\n\t\t\t\t<\/div>\n\t\t\t\t<\/div>\n\t\t","protected":false},"excerpt":{"rendered":"<p>K\u00fchlketten\u2011Verpackungsl\u00f6sungen f\u00fcr Pharmaunternehmen Seit \u00fcber 35 Jahren ist EMBALL\u2019ISO ein weltweit f\u00fchrender Anbieter in der Entwicklung und Herstellung leistungsstarker temperaturgef\u00fchrter Verpackungssysteme. In der Life\u2011Science\u2011Industrie ist die Lieferkette das letzte entscheidende Glied zur Gew\u00e4hrleistung der Patientensicherheit. Mit dem Aufstieg hochpreisiger Biologika nimmt der Bedarf an ultrapr\u00e4ziser Temperaturkontrolle zu \u2013 entscheidend f\u00fcr das Management und die Reduzierung [&hellip;]<\/p>\n","protected":false},"author":1,"featured_media":0,"parent":0,"menu_order":0,"comment_status":"closed","ping_status":"closed","template":"","meta":{"_acf_changed":false,"footnotes":""},"class_list":["post-7182","page","type-page","status-publish","hentry"],"acf":[],"_links":{"self":[{"href":"https:\/\/www.emballiso.com\/de\/wp-json\/wp\/v2\/pages\/7182","targetHints":{"allow":["GET"]}}],"collection":[{"href":"https:\/\/www.emballiso.com\/de\/wp-json\/wp\/v2\/pages"}],"about":[{"href":"https:\/\/www.emballiso.com\/de\/wp-json\/wp\/v2\/types\/page"}],"author":[{"embeddable":true,"href":"https:\/\/www.emballiso.com\/de\/wp-json\/wp\/v2\/users\/1"}],"replies":[{"embeddable":true,"href":"https:\/\/www.emballiso.com\/de\/wp-json\/wp\/v2\/comments?post=7182"}],"version-history":[{"count":4,"href":"https:\/\/www.emballiso.com\/de\/wp-json\/wp\/v2\/pages\/7182\/revisions"}],"predecessor-version":[{"id":8647,"href":"https:\/\/www.emballiso.com\/de\/wp-json\/wp\/v2\/pages\/7182\/revisions\/8647"}],"wp:attachment":[{"href":"https:\/\/www.emballiso.com\/de\/wp-json\/wp\/v2\/media?parent=7182"}],"curies":[{"name":"wp","href":"https:\/\/api.w.org\/{rel}","templated":true}]}}