{"id":6983,"date":"2026-02-11T15:15:57","date_gmt":"2026-02-11T14:15:57","guid":{"rendered":"https:\/\/www.emballiso.com\/kuehlketten-verpackungsloesungen-fuer-logistikspezialisten\/"},"modified":"2026-04-10T15:14:04","modified_gmt":"2026-04-10T13:14:04","slug":"kuehlketten-verpackungsloesungen-fuer-logistikspezialisten","status":"publish","type":"page","link":"https:\/\/www.emballiso.com\/de\/kuehlketten-verpackungsloesungen-fuer-logistikspezialisten\/","title":{"rendered":"K\u00fchlketten\u2011Verpackungsl\u00f6sungen f\u00fcr Logistikspezialisten"},"content":{"rendered":"\t\t<div data-elementor-type=\"wp-page\" data-elementor-id=\"6983\" class=\"elementor elementor-6983 elementor-3063\" data-elementor-post-type=\"page\">\n\t\t\t\t<div class=\"elementor-element elementor-element-a4e6b73 e-flex e-con-boxed e-con e-parent\" data-id=\"a4e6b73\" data-element_type=\"container\" data-e-type=\"container\">\n\t\t\t\t\t<div class=\"e-con-inner\">\n\t\t\t\t<div class=\"elementor-element elementor-element-9a3d459 elementor-invisible elementor-widget elementor-widget-heading\" data-id=\"9a3d459\" data-element_type=\"widget\" data-e-type=\"widget\" data-settings=\"{&quot;_animation&quot;:&quot;fadeInDown&quot;}\" data-widget_type=\"heading.default\">\n\t\t\t\t\t<h1 class=\"elementor-heading-title elementor-size-default\"><span class=\"gradient-blue\">K\u00fchlketten\u2011Verpackungsl\u00f6sungen f\u00fcr Logistikspezialisten<\/span><\/h1>\t\t\t\t<\/div>\n\t\t\t\t<div class=\"elementor-element elementor-element-1e81825 elementor-widget elementor-widget-text-editor\" data-id=\"1e81825\" data-element_type=\"widget\" data-e-type=\"widget\" data-widget_type=\"text-editor.default\">\n\t\t\t\t\t\t\t\t\t<p>Als Logistikexperte sind Sie das R\u00fcckgrat der globalen Lieferkette. Die Handhabung temperaturempfindlicher Waren f\u00fcr Ihre Kunden erfordert Schnelligkeit, Pr\u00e4zision und ein tiefes Verst\u00e4ndnis der thermischen Risiken. Ob Sie ein 3PL\u2011Dienstleister oder ein Spediteur sind \u2013 die Herausforderungen sind klar: Sie m\u00fcssen eine einwandfreie thermische Integrit\u00e4t gew\u00e4hrleisten, strenge Vorschriften einhalten und gleichzeitig eine hohe operative Effizienz sicherstellen \u2013 bei voller Kostenkontrolle.  <\/p><p>EMBALL\u2019ISO unterst\u00fctzt Logistikspezialisten mit einer breiten Palette effizienter und benutzerfreundlicher isothermer L\u00f6sungen. Von kleinen Paketen bis hin zu gro\u00dfen Palettenversendern sind unsere Produkte so konzipiert, dass sie Ihre Lagerprozesse vereinfachen und Ihren Kunden das beste Total Cost of Ownership (TCO) bieten. <\/p>\t\t\t\t\t\t\t\t<\/div>\n\t\t\t\t<div class=\"elementor-element elementor-element-7417f26 elementor-widget elementor-widget-heading\" data-id=\"7417f26\" data-element_type=\"widget\" data-e-type=\"widget\" data-widget_type=\"heading.default\">\n\t\t\t\t\t<h2 class=\"elementor-heading-title elementor-size-default\">Bew\u00e4ltigung der zentralen Herausforderungen der K\u00fchlkettenlogistik<\/h2>\t\t\t\t<\/div>\n\t\t\t\t<div class=\"elementor-element elementor-element-5e0b4cb elementor-widget elementor-widget-text-editor\" data-id=\"5e0b4cb\" data-element_type=\"widget\" data-e-type=\"widget\" data-widget_type=\"text-editor.default\">\n\t\t\t\t\t\t\t\t\t<p>Wir helfen Ihnen dabei, Ihren Kunden einen Service auf h\u00f6chstem Niveau zu bieten, indem wir die wesentlichen Herausforderungen des temperaturgef\u00fchrten Transports adressieren:<\/p><ul><li><strong>Operative Exzellenz: <\/strong>Zeit ist in jedem Lager ein entscheidender Faktor. Unsere L\u00f6sungen sind f\u00fcr eine intuitive und schnelle Montage entwickelt. Mit unserem <strong>\u201eReady\u2011to\u2011use\u201c<\/strong>\u2011Service liefern wir Verpackungen, die bereits vorbereitet und auf die erforderliche Temperatur vorkonditioniert sind \u2013 sodass Sie sofort beladen und versenden k\u00f6nnen.  <\/li><li><strong>Kosten\u2011 &amp; Nutzlastoptimierung: <\/strong>Wir konzentrieren uns darauf, das Verh\u00e4ltnis zwischen interner Nutzlast und externen Abmessungen zu maximieren. Dank unserer leichten und optimierten Designs k\u00f6nnen Sie Frachtkosten reduzieren und den verf\u00fcgbaren Platz in Lkw oder Flugzeugen optimal ausnutzen. <\/li><li><strong>End\u2011to\u2011End\u2011Zuverl\u00e4ssigkeit: <\/strong>Ob Pharmazie oder hochwertige Biotech\u2011Produkte \u2013 unsere L\u00f6sungen sind nach internationalen Standards (ISTA 7D) validiert und bieten Ihnen und Ihren Kunden volle Sicherheit \u00fcber die gesamte Transportkette hinweg.<\/li><li><strong>Globale Verf\u00fcgbarkeit:<\/strong> Dank unserer weltweiten Pr\u00e4senz stellen wir sicher, dass Sie die Verpackungen dort erhalten, wo Sie sie ben\u00f6tigen \u2013 damit Sie schnell auf Spitzenzeiten oder dringende Kundenanfragen reagieren k\u00f6nnen.<\/li><\/ul>\t\t\t\t\t\t\t\t<\/div>\n\t\t\t\t<div class=\"elementor-element elementor-element-44c37f6 elementor-widget-divider--view-line elementor-widget elementor-widget-divider\" data-id=\"44c37f6\" data-element_type=\"widget\" data-e-type=\"widget\" data-widget_type=\"divider.default\">\n\t\t\t\t\t\t\t<div class=\"elementor-divider\">\n\t\t\t<span class=\"elementor-divider-separator\">\n\t\t\t\t\t\t<\/span>\n\t\t<\/div>\n\t\t\t\t\t\t<\/div>\n\t\t\t\t<div class=\"elementor-element elementor-element-97e66ee elementor-widget elementor-widget-heading\" data-id=\"97e66ee\" data-element_type=\"widget\" data-e-type=\"widget\" data-widget_type=\"heading.default\">\n\t\t\t\t\t<h3 class=\"elementor-heading-title elementor-size-default\">Ma\u00dfgeschneiderte L\u00f6sungen f\u00fcr alle Volumina<\/h3>\t\t\t\t<\/div>\n\t\t\t\t<div class=\"elementor-element elementor-element-d8f4ddf elementor-widget elementor-widget-text-editor\" data-id=\"d8f4ddf\" data-element_type=\"widget\" data-e-type=\"widget\" data-widget_type=\"text-editor.default\">\n\t\t\t\t\t\t\t\t\t<p>Unser Produktkatalog ist darauf ausgelegt, jedes Logistikszenario abzudecken:<\/p><ul><li><p><strong>Palettenversender: <\/strong>Hochkapazit\u00e4tsl\u00f6sungen f\u00fcr gro\u00dfe Versandvolumina.<\/p><\/li><li><p><strong>Box-Paletten:<\/strong> F\u00fcr internationale Massensendungen.<\/p><\/li><li><p><strong>Thermoabdeckungen: <\/strong>Eine kosteneffiziente L\u00f6sung, um gro\u00dfe Volumen vor Temperaturschocks w\u00e4hrend der Wartezeiten auf dem Rollfeld oder beim Stra\u00dfentransport zu sch\u00fctzen.<\/p><\/li><li><p><strong>VYPE &amp; ISOGO:<\/strong> Hochleistungsf\u00e4hige Paketl\u00f6sungen f\u00fcr kleine Volumina und pr\u00e4zise Lieferungen.<\/p><\/li><li><p><strong>STANDARD EXPORT:<\/strong> Robuste und effiziente L\u00f6sungen, die f\u00fcr internationale Einwegtransporte entwickelt wurden.<\/p><\/li><\/ul>\t\t\t\t\t\t\t\t<\/div>\n\t\t\t\t\t<\/div>\n\t\t\t\t<\/div>\n\t\t<div class=\"elementor-element elementor-element-71def6c e-flex e-con-boxed e-con e-parent\" data-id=\"71def6c\" data-element_type=\"container\" data-e-type=\"container\">\n\t\t\t\t\t<div class=\"e-con-inner\">\n\t\t<div class=\"elementor-element elementor-element-af25781 e-con-full e-flex e-con e-child\" data-id=\"af25781\" data-element_type=\"container\" data-e-type=\"container\">\n\t\t\t\t<div class=\"elementor-element elementor-element-af7f970 elementor-widget elementor-widget-heading\" data-id=\"af7f970\" data-element_type=\"widget\" data-e-type=\"widget\" data-widget_type=\"heading.default\">\n\t\t\t\t\t<h3 class=\"elementor-heading-title elementor-size-default\">Globales Netzwerk &amp; Mehrwertservices<\/h3>\t\t\t\t<\/div>\n\t\t\t\t<div class=\"elementor-element elementor-element-3258af4 elementor-widget elementor-widget-text-editor\" data-id=\"3258af4\" data-element_type=\"widget\" data-e-type=\"widget\" data-widget_type=\"text-editor.default\">\n\t\t\t\t\t\t\t\t\t<p>Mit <strong>12 Fabriken und \u00fcber 15 Servicezentren<\/strong> weltweit ist EMBALL\u2019ISO strategisch entlang Ihrer wichtigsten Logistikrouten positioniert.<\/p><ul><li><strong>Ready-to-Use-Service:<\/strong> Wir \u00fcbernehmen die Montage und das Vorkonditionieren der K\u00fchlelemente, sodass Sie sich nicht darum k\u00fcmmern m\u00fcssen.<\/li><li><strong>Globales Wiederverwendungsnetzwerk: <\/strong>Wir organisieren die R\u00fcckholung gebrauchter Verpackungen in \u00fcber 80 L\u00e4ndern und entlasten Sie vollst\u00e4ndig von Reverse\u2011Logistik und Abfallmanagement.<\/li><li><strong>Technischer Support &amp; Compliance\u2011Expertise: <\/strong>Nutzen Sie die Expertise unseres hauseigenen Metrologielabors.<br> Wir liefern Ihnen die technischen Daten und validierten Berichte, die Sie ben\u00f6tigen, um Ihren Endkunden vollst\u00e4ndige Compliance und thermische Zuverl\u00e4ssigkeit zu garantieren \u2013 f\u00fcr maximale Sicherheit w\u00e4hrend des gesamten Transports. <\/li><\/ul>\t\t\t\t\t\t\t\t<\/div>\n\t\t\t\t<\/div>\n\t\t<div class=\"elementor-element elementor-element-e9c3bf5 e-con-full e-flex e-con e-child\" data-id=\"e9c3bf5\" data-element_type=\"container\" data-e-type=\"container\">\n\t\t\t\t<div class=\"elementor-element elementor-element-16d3d63 elementor-widget elementor-widget-heading\" data-id=\"16d3d63\" data-element_type=\"widget\" data-e-type=\"widget\" data-widget_type=\"heading.default\">\n\t\t\t\t\t<h3 class=\"elementor-heading-title elementor-size-default\">Typische Anwendungen f\u00fcr Logistikdienstleister<\/h3>\t\t\t\t<\/div>\n\t\t\t\t<div class=\"elementor-element elementor-element-da339b2 elementor-widget elementor-widget-text-editor\" data-id=\"da339b2\" data-element_type=\"widget\" data-e-type=\"widget\" data-widget_type=\"text-editor.default\">\n\t\t\t\t\t\t\t\t\t<ul><li><strong>Sicherer internationaler Export: <\/strong>Einsatz von Pallet Shippers f\u00fcr den gro\u00dfvolumigen Transport pharmazeutischer Produkte per Luft\u2011 oder Seefracht.<\/li><li><strong>Hochwertige Pr\u00e4zisionslogistik: <\/strong>Versand von Laborproben oder innovativen Behandlungen mit den L\u00f6sungen VYPE und ISOGO.<\/li><li><strong>Schutz auf dem Rollfeld &amp; w\u00e4hrend des Transits: <\/strong>Verwendung von Thermoabdeckungen, um Fracht vor Sonneneinstrahlung und Temperaturspitzen w\u00e4hrend der Abfertigung am Flughafen zu sch\u00fctzen.<\/li><\/ul>\t\t\t\t\t\t\t\t<\/div>\n\t\t\t\t<\/div>\n\t\t\t\t\t<\/div>\n\t\t\t\t<\/div>\n\t\t<div class=\"elementor-element elementor-element-ea6231a e-flex e-con-boxed e-con e-parent\" data-id=\"ea6231a\" data-element_type=\"container\" data-e-type=\"container\">\n\t\t\t\t\t<div class=\"e-con-inner\">\n\t\t\t\t<div class=\"elementor-element elementor-element-b837087 elementor-widget-divider--view-line elementor-widget elementor-widget-divider\" data-id=\"b837087\" data-element_type=\"widget\" data-e-type=\"widget\" data-widget_type=\"divider.default\">\n\t\t\t\t\t\t\t<div class=\"elementor-divider\">\n\t\t\t<span class=\"elementor-divider-separator\">\n\t\t\t\t\t\t<\/span>\n\t\t<\/div>\n\t\t\t\t\t\t<\/div>\n\t\t\t\t<div class=\"elementor-element elementor-element-98aa898 elementor-widget elementor-widget-heading\" data-id=\"98aa898\" data-element_type=\"widget\" data-e-type=\"widget\" data-widget_type=\"heading.default\">\n\t\t\t\t\t<h2 class=\"elementor-heading-title elementor-size-default\">Nachhaltigkeit: ein Wettbewerbsvorteil f\u00fcr Ihre Kunden<\/h2>\t\t\t\t<\/div>\n\t\t\t\t<div class=\"elementor-element elementor-element-511bf85 elementor-widget elementor-widget-text-editor\" data-id=\"511bf85\" data-element_type=\"widget\" data-e-type=\"widget\" data-widget_type=\"text-editor.default\">\n\t\t\t\t\t\t\t\t\t<p>Logistikdienstleister werden zunehmend auf ihren CO\u2082\u2011Fu\u00dfabdruck hin bewertet. EMBALL\u2019ISO hilft Ihnen dabei, Ihre CSR\u2011Performance deutlich zu st\u00e4rken: <\/p><ul><li><strong>Bis zu 91\u202f% CO\u2082\u2011Einsparung <\/strong>durch unser globales Wiederverwendungsmodell im Vergleich zu Einwegalternativen.<\/li><li><strong>Abfallreduzierung: <\/strong>Indem Sie Ihren Kunden wiederverwendbare Beh\u00e4lter anbieten, erm\u00f6glichen Sie ihnen, Verpackungsabf\u00e4lle am Zielort vollst\u00e4ndig zu eliminieren.<\/li><li><strong>\u00d6kodesign: <\/strong>Leichte Materialien, optimiert zur Minimierung des CO\u2082\u2011Impacts jeder einzelnen Sendung.<\/li><\/ul>\t\t\t\t\t\t\t\t<\/div>\n\t\t\t\t\t<\/div>\n\t\t\t\t<\/div>\n\t\t<div class=\"elementor-element elementor-element-1f3a7d8 e-flex e-con-boxed e-con e-parent\" data-id=\"1f3a7d8\" data-element_type=\"container\" data-e-type=\"container\" data-settings=\"{&quot;background_background&quot;:&quot;classic&quot;}\">\n\t\t\t\t\t<div class=\"e-con-inner\">\n\t\t\t\t<div class=\"elementor-element elementor-element-9b2d6b8 elementor-widget elementor-widget-heading\" data-id=\"9b2d6b8\" data-element_type=\"widget\" data-e-type=\"widget\" data-widget_type=\"heading.default\">\n\t\t\t\t\t<h2 class=\"elementor-heading-title elementor-size-default\">Suchen Sie eine flexible L\u00f6sung, die auf Ihre Logistikbed\u00fcrfnisse zugeschnitten ist?<\/h2>\t\t\t\t<\/div>\n\t\t\t\t<div class=\"elementor-element elementor-element-0325aa3 elementor-align-center elementor-widget elementor-widget-button\" data-id=\"0325aa3\" data-element_type=\"widget\" data-e-type=\"widget\" data-widget_type=\"button.default\">\n\t\t\t\t\t\t\t\t\t\t<a class=\"elementor-button elementor-button-link elementor-size-sm\" href=\"https:\/\/www.emballiso.com\/de\/kontakt\/\">\n\t\t\t\t\t\t<span class=\"elementor-button-content-wrapper\">\n\t\t\t\t\t\t<span class=\"elementor-button-icon\">\n\t\t\t\t<svg aria-hidden=\"true\" class=\"e-font-icon-svg e-far-envelope\" viewBox=\"0 0 512 512\" xmlns=\"http:\/\/www.w3.org\/2000\/svg\"><path d=\"M464 64H48C21.49 64 0 85.49 0 112v288c0 26.51 21.49 48 48 48h416c26.51 0 48-21.49 48-48V112c0-26.51-21.49-48-48-48zm0 48v40.805c-22.422 18.259-58.168 46.651-134.587 106.49-16.841 13.247-50.201 45.072-73.413 44.701-23.208.375-56.579-31.459-73.413-44.701C106.18 199.465 70.425 171.067 48 152.805V112h416zM48 400V214.398c22.914 18.251 55.409 43.862 104.938 82.646 21.857 17.205 60.134 55.186 103.062 54.955 42.717.231 80.509-37.199 103.053-54.947 49.528-38.783 82.032-64.401 104.947-82.653V400H48z\"><\/path><\/svg>\t\t\t<\/span>\n\t\t\t\t\t\t\t\t\t<span class=\"elementor-button-text\">Angebot anfordern<\/span>\n\t\t\t\t\t<\/span>\n\t\t\t\t\t<\/a>\n\t\t\t\t\t\t\t\t<\/div>\n\t\t\t\t\t<\/div>\n\t\t\t\t<\/div>\n\t\t<div class=\"elementor-element elementor-element-74edf2e e-flex e-con-boxed e-con e-parent\" data-id=\"74edf2e\" data-element_type=\"container\" data-e-type=\"container\" data-settings=\"{&quot;background_background&quot;:&quot;classic&quot;}\">\n\t\t\t\t\t<div class=\"e-con-inner\">\n\t\t<div class=\"elementor-element elementor-element-b3edfa4 e-con-full e-flex e-con e-child\" data-id=\"b3edfa4\" data-element_type=\"container\" data-e-type=\"container\">\n\t\t\t\t<div class=\"elementor-element elementor-element-0c073ba elementor-hidden-tablet elementor-hidden-mobile elementor-widget elementor-widget-heading\" data-id=\"0c073ba\" data-element_type=\"widget\" data-e-type=\"widget\" data-widget_type=\"heading.default\">\n\t\t\t\t\t<p class=\"elementor-heading-title elementor-size-default\">FAQ<\/p>\t\t\t\t<\/div>\n\t\t\t\t<div class=\"elementor-element elementor-element-0b545ea elementor-icon-list--layout-traditional elementor-list-item-link-full_width elementor-widget elementor-widget-icon-list\" data-id=\"0b545ea\" data-element_type=\"widget\" data-e-type=\"widget\" data-widget_type=\"icon-list.default\">\n\t\t\t\t\t\t\t<ul class=\"elementor-icon-list-items\">\n\t\t\t\t\t\t\t<li class=\"elementor-icon-list-item\">\n\t\t\t\t\t\t\t\t\t\t\t<span class=\"elementor-icon-list-icon\">\n\t\t\t\t\t\t\t<svg aria-hidden=\"true\" class=\"e-font-icon-svg e-fas-check\" viewBox=\"0 0 512 512\" xmlns=\"http:\/\/www.w3.org\/2000\/svg\"><path d=\"M173.898 439.404l-166.4-166.4c-9.997-9.997-9.997-26.206 0-36.204l36.203-36.204c9.997-9.998 26.207-9.998 36.204 0L192 312.69 432.095 72.596c9.997-9.997 26.207-9.997 36.204 0l36.203 36.204c9.997 9.997 9.997 26.206 0 36.204l-294.4 294.401c-9.998 9.997-26.207 9.997-36.204-.001z\"><\/path><\/svg>\t\t\t\t\t\t<\/span>\n\t\t\t\t\t\t\t\t\t\t<span class=\"elementor-icon-list-text\"><strong>Was ist eine \u201eReady\u2011to\u2011use\u201c\u2011Isolierverpackung? <\/strong>Dabei handelt es sich um einen Service, bei dem EMBALL\u2019ISO die Verpackungen bereits montiert und vorkonditioniert (gek\u00fchlt oder gefroren) an Ihr Lager liefert \u2013 bereit f\u00fcr das sofortige Beladen.<\/span>\n\t\t\t\t\t\t\t\t\t<\/li>\n\t\t\t\t\t\t\t\t<li class=\"elementor-icon-list-item\">\n\t\t\t\t\t\t\t\t\t\t\t<span class=\"elementor-icon-list-icon\">\n\t\t\t\t\t\t\t<svg aria-hidden=\"true\" class=\"e-font-icon-svg e-fas-check\" viewBox=\"0 0 512 512\" xmlns=\"http:\/\/www.w3.org\/2000\/svg\"><path d=\"M173.898 439.404l-166.4-166.4c-9.997-9.997-9.997-26.206 0-36.204l36.203-36.204c9.997-9.998 26.207-9.998 36.204 0L192 312.69 432.095 72.596c9.997-9.997 26.207-9.997 36.204 0l36.203 36.204c9.997 9.997 9.997 26.206 0 36.204l-294.4 294.401c-9.998 9.997-26.207 9.997-36.204-.001z\"><\/path><\/svg>\t\t\t\t\t\t<\/span>\n\t\t\t\t\t\t\t\t\t\t<span class=\"elementor-icon-list-text\"><strong>Wie k\u00f6nnen Logistiker die Kosten der K\u00fchlkette senken? <\/strong>Durch die Nutzung von Verpackungen mit einem optimierten Verh\u00e4ltnis zwischen Gewicht und Volumen sowie durch die Nutzung des Reuse\u2011 &amp;\u2011Reverse\u2011Programms, das Entsorgungskosten eliminiert und den TCO deutlich reduziert.<\/span>\n\t\t\t\t\t\t\t\t\t<\/li>\n\t\t\t\t\t\t\t\t<li class=\"elementor-icon-list-item\">\n\t\t\t\t\t\t\t\t\t\t\t<span class=\"elementor-icon-list-icon\">\n\t\t\t\t\t\t\t<svg aria-hidden=\"true\" class=\"e-font-icon-svg e-fas-check\" viewBox=\"0 0 512 512\" xmlns=\"http:\/\/www.w3.org\/2000\/svg\"><path d=\"M173.898 439.404l-166.4-166.4c-9.997-9.997-9.997-26.206 0-36.204l36.203-36.204c9.997-9.998 26.207-9.998 36.204 0L192 312.69 432.095 72.596c9.997-9.997 26.207-9.997 36.204 0l36.203 36.204c9.997 9.997 9.997 26.206 0 36.204l-294.4 294.401c-9.998 9.997-26.207 9.997-36.204-.001z\"><\/path><\/svg>\t\t\t\t\t\t<\/span>\n\t\t\t\t\t\t\t\t\t\t<span class=\"elementor-icon-list-text\"><b>Welcher Schutz ist f\u00fcr Wartezeiten auf dem Rollfeld am besten geeignet? <\/b>Thermoabdeckungen sind die effektivste und wirtschaftlichste L\u00f6sung, um palettierte Waren w\u00e4hrend des Be\u2011 und Entladens von Flugzeugen vor Temperaturabweichungen zu sch\u00fctzen.<\/span>\n\t\t\t\t\t\t\t\t\t<\/li>\n\t\t\t\t\t\t<\/ul>\n\t\t\t\t\t\t<\/div>\n\t\t\t\t<\/div>\n\t\t<div class=\"elementor-element elementor-element-a7400fb e-con-full e-flex e-con e-child\" data-id=\"a7400fb\" data-element_type=\"container\" data-e-type=\"container\">\n\t\t\t\t<div class=\"elementor-element elementor-element-bf179db elementor-hidden-tablet elementor-hidden-mobile elementor-widget elementor-widget-heading\" data-id=\"bf179db\" data-element_type=\"widget\" data-e-type=\"widget\" data-widget_type=\"heading.default\">\n\t\t\t\t\t<p class=\"elementor-heading-title elementor-size-default\">ENTDECKEN SIE UNSERE WEITEREN SEGMENTE<\/p>\t\t\t\t<\/div>\n\t\t\t\t<div class=\"elementor-element elementor-element-12584e0 elementor-icon-list--layout-traditional elementor-list-item-link-full_width elementor-widget elementor-widget-icon-list\" data-id=\"12584e0\" data-element_type=\"widget\" data-e-type=\"widget\" data-widget_type=\"icon-list.default\">\n\t\t\t\t\t\t\t<ul class=\"elementor-icon-list-items\">\n\t\t\t\t\t\t\t<li class=\"elementor-icon-list-item\">\n\t\t\t\t\t\t\t\t\t\t\t<a href=\"https:\/\/www.emballiso.com\/de\/kuehlketten-verpackungsloesungen-fuer-pharmaunternehmen\/\">\n\n\t\t\t\t\t\t\t\t\t\t\t\t<span class=\"elementor-icon-list-icon\">\n\t\t\t\t\t\t\t<svg aria-hidden=\"true\" class=\"e-font-icon-svg e-fas-check\" viewBox=\"0 0 512 512\" xmlns=\"http:\/\/www.w3.org\/2000\/svg\"><path d=\"M173.898 439.404l-166.4-166.4c-9.997-9.997-9.997-26.206 0-36.204l36.203-36.204c9.997-9.998 26.207-9.998 36.204 0L192 312.69 432.095 72.596c9.997-9.997 26.207-9.997 36.204 0l36.203 36.204c9.997 9.997 9.997 26.206 0 36.204l-294.4 294.401c-9.998 9.997-26.207 9.997-36.204-.001z\"><\/path><\/svg>\t\t\t\t\t\t<\/span>\n\t\t\t\t\t\t\t\t\t\t<span class=\"elementor-icon-list-text\"><strong>F\u00fcr Pharmaunternehmen: <\/strong>Hochsichere L\u00f6sungen f\u00fcr lebenswichtige Arzneimittel.<\/span>\n\t\t\t\t\t\t\t\t\t\t\t<\/a>\n\t\t\t\t\t\t\t\t\t<\/li>\n\t\t\t\t\t\t\t\t<li class=\"elementor-icon-list-item\">\n\t\t\t\t\t\t\t\t\t\t\t<a href=\"https:\/\/www.emballiso.com\/de\/kuehlketten-verpackungsloesungen-fuer-klinische-studien\/\">\n\n\t\t\t\t\t\t\t\t\t\t\t\t<span class=\"elementor-icon-list-icon\">\n\t\t\t\t\t\t\t<svg aria-hidden=\"true\" class=\"e-font-icon-svg e-fas-check\" viewBox=\"0 0 512 512\" xmlns=\"http:\/\/www.w3.org\/2000\/svg\"><path d=\"M173.898 439.404l-166.4-166.4c-9.997-9.997-9.997-26.206 0-36.204l36.203-36.204c9.997-9.998 26.207-9.998 36.204 0L192 312.69 432.095 72.596c9.997-9.997 26.207-9.997 36.204 0l36.203 36.204c9.997 9.997 9.997 26.206 0 36.204l-294.4 294.401c-9.998 9.997-26.207 9.997-36.204-.001z\"><\/path><\/svg>\t\t\t\t\t\t<\/span>\n\t\t\t\t\t\t\t\t\t\t<span class=\"elementor-icon-list-text\"><strong>F\u00fcr klinische Studien: <\/strong>Fortschrittliche Logistikl\u00f6sungen f\u00fcr F&amp;E und klinische Forschung.<\/span>\n\t\t\t\t\t\t\t\t\t\t\t<\/a>\n\t\t\t\t\t\t\t\t\t<\/li>\n\t\t\t\t\t\t\t\t<li class=\"elementor-icon-list-item\">\n\t\t\t\t\t\t\t\t\t\t\t<a href=\"https:\/\/www.emballiso.com\/de\/kuehlketten-verpackungsloesungen-fuer-last-mile-profis\/\">\n\n\t\t\t\t\t\t\t\t\t\t\t\t<span class=\"elementor-icon-list-icon\">\n\t\t\t\t\t\t\t<svg aria-hidden=\"true\" class=\"e-font-icon-svg e-fas-check\" viewBox=\"0 0 512 512\" xmlns=\"http:\/\/www.w3.org\/2000\/svg\"><path d=\"M173.898 439.404l-166.4-166.4c-9.997-9.997-9.997-26.206 0-36.204l36.203-36.204c9.997-9.998 26.207-9.998 36.204 0L192 312.69 432.095 72.596c9.997-9.997 26.207-9.997 36.204 0l36.203 36.204c9.997 9.997 9.997 26.206 0 36.204l-294.4 294.401c-9.998 9.997-26.207 9.997-36.204-.001z\"><\/path><\/svg>\t\t\t\t\t\t<\/span>\n\t\t\t\t\t\t\t\t\t\t<span class=\"elementor-icon-list-text\"><strong>F\u00fcr Last\u2011Mile\u2011Profis: <\/strong>Spezielle Verpackungen f\u00fcr Produkte der Veterin\u00e4rmedizin.<\/span>\n\t\t\t\t\t\t\t\t\t\t\t<\/a>\n\t\t\t\t\t\t\t\t\t<\/li>\n\t\t\t\t\t\t<\/ul>\n\t\t\t\t\t\t<\/div>\n\t\t\t\t<\/div>\n\t\t\t\t\t<\/div>\n\t\t\t\t<\/div>\n\t\t\t\t<\/div>\n\t\t","protected":false},"excerpt":{"rendered":"<p>K\u00fchlketten\u2011Verpackungsl\u00f6sungen f\u00fcr Logistikspezialisten Als Logistikexperte sind Sie das R\u00fcckgrat der globalen Lieferkette. Die Handhabung temperaturempfindlicher Waren f\u00fcr Ihre Kunden erfordert Schnelligkeit, Pr\u00e4zision und ein tiefes Verst\u00e4ndnis der thermischen Risiken. Ob Sie ein 3PL\u2011Dienstleister oder ein Spediteur sind \u2013 die Herausforderungen sind klar: Sie m\u00fcssen eine einwandfreie thermische Integrit\u00e4t gew\u00e4hrleisten, strenge Vorschriften einhalten und gleichzeitig eine [&hellip;]<\/p>\n","protected":false},"author":1,"featured_media":0,"parent":0,"menu_order":0,"comment_status":"closed","ping_status":"closed","template":"","meta":{"_acf_changed":false,"footnotes":""},"class_list":["post-6983","page","type-page","status-publish","hentry"],"acf":[],"_links":{"self":[{"href":"https:\/\/www.emballiso.com\/de\/wp-json\/wp\/v2\/pages\/6983","targetHints":{"allow":["GET"]}}],"collection":[{"href":"https:\/\/www.emballiso.com\/de\/wp-json\/wp\/v2\/pages"}],"about":[{"href":"https:\/\/www.emballiso.com\/de\/wp-json\/wp\/v2\/types\/page"}],"author":[{"embeddable":true,"href":"https:\/\/www.emballiso.com\/de\/wp-json\/wp\/v2\/users\/1"}],"replies":[{"embeddable":true,"href":"https:\/\/www.emballiso.com\/de\/wp-json\/wp\/v2\/comments?post=6983"}],"version-history":[{"count":7,"href":"https:\/\/www.emballiso.com\/de\/wp-json\/wp\/v2\/pages\/6983\/revisions"}],"predecessor-version":[{"id":8681,"href":"https:\/\/www.emballiso.com\/de\/wp-json\/wp\/v2\/pages\/6983\/revisions\/8681"}],"wp:attachment":[{"href":"https:\/\/www.emballiso.com\/de\/wp-json\/wp\/v2\/media?parent=6983"}],"curies":[{"name":"wp","href":"https:\/\/api.w.org\/{rel}","templated":true}]}}