{"id":6951,"date":"2026-02-11T15:03:40","date_gmt":"2026-02-11T14:03:40","guid":{"rendered":"https:\/\/www.emballiso.com\/kuehlketten-verpackungsloesungen-fuer-last-mile-profis\/"},"modified":"2026-04-10T15:13:41","modified_gmt":"2026-04-10T13:13:41","slug":"kuehlketten-verpackungsloesungen-fuer-last-mile-profis","status":"publish","type":"page","link":"https:\/\/www.emballiso.com\/de\/kuehlketten-verpackungsloesungen-fuer-last-mile-profis\/","title":{"rendered":"K\u00fchlketten\u2011Verpackungsl\u00f6sungen f\u00fcr Last\u2011Mile\u2011Profis"},"content":{"rendered":"\t\t<div data-elementor-type=\"wp-page\" data-elementor-id=\"6951\" class=\"elementor elementor-6951 elementor-3058\" data-elementor-post-type=\"page\">\n\t\t\t\t<div class=\"elementor-element elementor-element-a4e6b73 e-flex e-con-boxed e-con e-parent\" data-id=\"a4e6b73\" data-element_type=\"container\" data-e-type=\"container\">\n\t\t\t\t\t<div class=\"e-con-inner\">\n\t\t\t\t<div class=\"elementor-element elementor-element-9a3d459 elementor-invisible elementor-widget elementor-widget-heading\" data-id=\"9a3d459\" data-element_type=\"widget\" data-e-type=\"widget\" data-settings=\"{&quot;_animation&quot;:&quot;fadeInDown&quot;}\" data-widget_type=\"heading.default\">\n\t\t\t\t\t<h1 class=\"elementor-heading-title elementor-size-default\"><span class=\"gradient-blue\">K\u00fchlketten\u2011Verpackungsl\u00f6sungen f\u00fcr Last\u2011Mile\u2011Profis<\/span><\/h1>\t\t\t\t<\/div>\n\t\t\t\t<div class=\"elementor-element elementor-element-1e81825 elementor-widget elementor-widget-text-editor\" data-id=\"1e81825\" data-element_type=\"widget\" data-e-type=\"widget\" data-widget_type=\"text-editor.default\">\n\t\t\t\t\t\t\t\t\t<p>Die \u201eLetzte Meile\u201c ist zweifellos die kritischste und komplexeste Phase der Lieferkette im Gesundheitswesen. Ob die Lieferung an Apotheken, Krankenhausabteilungen oder Kliniken erfolgt \u2013 Fachkr\u00e4fte stehen vor st\u00e4ndigen Herausforderungen: dichter Stadtverkehr, h\u00e4ufiges \u00d6ffnen von T\u00fcren, mehrere Handhabungsschritte und strenge Annahmeprotokolle. In diesem Kontext kann schon der kleinste Fehler die Wirksamkeit einer Behandlung gef\u00e4hrden.  <\/p><p>Als unverzichtbares Glied der K\u00fchlkette ben\u00f6tigen Sie L\u00f6sungen, die weder bei der thermischen Sicherheit noch bei der betrieblichen Agilit\u00e4t Kompromisse eingehen. EMBALL\u2019ISO bietet isotherme Verpackungen, die speziell f\u00fcr kurze Transportzeiten und kapillare Verteilernetze entwickelt wurden. <br>Unsere Produkte sind leicht, praktisch, und streng validiert, um die Integrit\u00e4t temperaturempfindlicher Produkte bis zum letzten Patienten sicherzustellen.  <\/p>\t\t\t\t\t\t\t\t<\/div>\n\t\t\t\t<div class=\"elementor-element elementor-element-7417f26 elementor-widget elementor-widget-heading\" data-id=\"7417f26\" data-element_type=\"widget\" data-e-type=\"widget\" data-widget_type=\"heading.default\">\n\t\t\t\t\t<h2 class=\"elementor-heading-title elementor-size-default\">Bew\u00e4ltigung der Herausforderungen der urbanen und klinischen Logistik<\/h2>\t\t\t\t<\/div>\n\t\t\t\t<div class=\"elementor-element elementor-element-5e0b4cb elementor-widget elementor-widget-text-editor\" data-id=\"5e0b4cb\" data-element_type=\"widget\" data-e-type=\"widget\" data-widget_type=\"text-editor.default\">\n\t\t\t\t\t\t\t\t\t<p>Um Distributoren und lokale Logistikdienstleister bestm\u00f6glich zu unterst\u00fctzen, konzentrieren wir uns auf drei wesentliche S\u00e4ulen:<\/p><ul><li><strong>Thermische Sicherheit &amp; Zuverl\u00e4ssigkeit: <\/strong>Trotz kurzer Distanzen stellen Temperaturschocks an Laderampen ein echtes Risiko dar. Unsere Verpackungen halten eine stabile Temperatur (2\u20138\u202f\u00b0C, 15\u201325\u202f\u00b0C) aufrecht und eliminieren damit jedes Risiko einer Temperaturabweichung. <\/li><li><strong>Praktikabilit\u00e4t &amp; Ergonomie: <\/strong>Liefer\u2011 und Gesundheitspersonal ben\u00f6tigen L\u00f6sungen, die leicht zu handhaben sind. Unsere leichten Taschen und Boxen erleichtern den manuellen Transport, den Einsatz in Leichtfahrzeugen oder sogar auf Lastenfahrr\u00e4dern \u2013 und optimieren so die Lieferrouten. <\/li><li><strong>Kostenkontrolle:<\/strong> Durch den Einsatz von L\u00f6sungen, die speziell auf nationale und lokale Transporte ausgelegt sind, vermeiden Sie zus\u00e4tzliche Kosten und unn\u00f6tiges Gewicht, die mit Langzeitverpackungen verbunden w\u00e4ren.<\/li><\/ul>\t\t\t\t\t\t\t\t<\/div>\n\t\t\t\t<div class=\"elementor-element elementor-element-44c37f6 elementor-widget-divider--view-line elementor-widget elementor-widget-divider\" data-id=\"44c37f6\" data-element_type=\"widget\" data-e-type=\"widget\" data-widget_type=\"divider.default\">\n\t\t\t\t\t\t\t<div class=\"elementor-divider\">\n\t\t\t<span class=\"elementor-divider-separator\">\n\t\t\t\t\t\t<\/span>\n\t\t<\/div>\n\t\t\t\t\t\t<\/div>\n\t\t\t\t<div class=\"elementor-element elementor-element-97e66ee elementor-widget elementor-widget-heading\" data-id=\"97e66ee\" data-element_type=\"widget\" data-e-type=\"widget\" data-widget_type=\"heading.default\">\n\t\t\t\t\t<h3 class=\"elementor-heading-title elementor-size-default\">Eine Produktreihe f\u00fcr die lokale Distribution<\/h3>\t\t\t\t<\/div>\n\t\t\t\t<div class=\"elementor-element elementor-element-d8f4ddf elementor-widget elementor-widget-text-editor\" data-id=\"d8f4ddf\" data-element_type=\"widget\" data-e-type=\"widget\" data-widget_type=\"text-editor.default\">\n\t\t\t\t\t\t\t\t\t<p>Entdecken Sie unsere L\u00f6sungen, die speziell f\u00fcr Ihre t\u00e4glichen Transportfl\u00fcsse optimiert wurden:<\/p><ul><li><strong>STANDARD NATIONAL &amp; NATIONAL PLUS:<\/strong> Speziell entwickelt f\u00fcr 24\u2011 bis 48\u2011Stunden\u2011Sendungen. Diese L\u00f6sungen bieten das beste Leistungs\u2011\/Gewichtsverh\u00e4ltnis f\u00fcr nationale Lieferungen.<\/li><li><strong>STANDARD EXPORT:<\/strong> F\u00fcr regionale oder grenz\u00fcberschreitende Transporte, die eine h\u00f6here Robustheit erfordern.<\/li><li><strong>Isoliertaschen: <\/strong>Flexible, leichte und wiederverwendbare L\u00f6sungen \u2013 ideal f\u00fcr interne Krankenhaustransporte oder Direct\u2011to\u2011Patient\u2011Hauslieferungen.<\/li><li><strong>Ma\u00dfgeschneiderte L\u00f6sungen: <\/strong>Wir entwickeln Formate, die an Ihre spezifischen Anforderungen angepasst sind<br> (z.\u202fB. Fahrzeugabmessungen, Produkttypen, exakte Transportdauern).<\/li><\/ul>\t\t\t\t\t\t\t\t<\/div>\n\t\t\t\t\t<\/div>\n\t\t\t\t<\/div>\n\t\t<div class=\"elementor-element elementor-element-71def6c e-flex e-con-boxed e-con e-parent\" data-id=\"71def6c\" data-element_type=\"container\" data-e-type=\"container\">\n\t\t\t\t\t<div class=\"e-con-inner\">\n\t\t<div class=\"elementor-element elementor-element-af25781 e-con-full e-flex e-con e-child\" data-id=\"af25781\" data-element_type=\"container\" data-e-type=\"container\">\n\t\t\t\t<div class=\"elementor-element elementor-element-af7f970 elementor-widget elementor-widget-heading\" data-id=\"af7f970\" data-element_type=\"widget\" data-e-type=\"widget\" data-widget_type=\"heading.default\">\n\t\t\t\t\t<h3 class=\"elementor-heading-title elementor-size-default\">Ma\u00dfgeschneiderte Services und Unterst\u00fctzung<\/h3>\t\t\t\t<\/div>\n\t\t\t\t<div class=\"elementor-element elementor-element-3258af4 elementor-widget elementor-widget-text-editor\" data-id=\"3258af4\" data-element_type=\"widget\" data-e-type=\"widget\" data-widget_type=\"text-editor.default\">\n\t\t\t\t\t\t\t\t\t<p>Da jedes Verteilnetz einzigartig ist, bietet EMBALL\u2019ISO <strong>ma\u00dfgeschneiderte L\u00f6sungen:<\/strong><\/p><ul><li><strong>Individuelle Entwicklung: <\/strong>Entwicklung von Verpackungen, die genau auf die Abmessungen Ihrer Transportbeh\u00e4lter oder Ihre spezifischen Produkte zugeschnitten sind.<\/li><li><strong>Laborvalidierung: <\/strong>Jede L\u00f6sung wird in unserem hauseigenen metrologischen Labor getestet \u2013 basierend auf den realen Temperaturprofilen Ihrer Routen \u2013, um eine \u201eZero\u2011Defect\u201c-Compliance sicherzustellen.<\/li><\/ul>\t\t\t\t\t\t\t\t<\/div>\n\t\t\t\t<\/div>\n\t\t<div class=\"elementor-element elementor-element-e9c3bf5 e-con-full e-flex e-con e-child\" data-id=\"e9c3bf5\" data-element_type=\"container\" data-e-type=\"container\">\n\t\t\t\t<div class=\"elementor-element elementor-element-16d3d63 elementor-widget elementor-widget-heading\" data-id=\"16d3d63\" data-element_type=\"widget\" data-e-type=\"widget\" data-widget_type=\"heading.default\">\n\t\t\t\t\t<h3 class=\"elementor-heading-title elementor-size-default\">Typische Anwendungen auf der Letzten Meile<\/h3>\t\t\t\t<\/div>\n\t\t\t\t<div class=\"elementor-element elementor-element-da339b2 elementor-widget elementor-widget-text-editor\" data-id=\"da339b2\" data-element_type=\"widget\" data-e-type=\"widget\" data-widget_type=\"text-editor.default\">\n\t\t\t\t\t\t\t\t\t<ul><li><strong>Krankenhausdistribution: <\/strong>Sicherer Transport von Arzneimitteln und Impfstoffen von der Zentralapotheke zu verschiedenen Abteilungen oder Au\u00dfenstellen.<\/li><li><strong>Pharma-Gro\u00dfhandel: <\/strong>T\u00e4gliche Belieferung von Apotheken unter strikter Einhaltung der regulatorischen Temperaturbereiche.<\/li><li><strong>Hauszustellung (Direct\u2011to\u2011Patient): <\/strong>Gew\u00e4hrleistung einer durchgehend intakten K\u00fchlkette f\u00fcr Patienten, die kritische Behandlungen zu Hause erhalten.<\/li><\/ul>\t\t\t\t\t\t\t\t<\/div>\n\t\t\t\t<\/div>\n\t\t\t\t\t<\/div>\n\t\t\t\t<\/div>\n\t\t<div class=\"elementor-element elementor-element-ea6231a e-flex e-con-boxed e-con e-parent\" data-id=\"ea6231a\" data-element_type=\"container\" data-e-type=\"container\">\n\t\t\t\t\t<div class=\"e-con-inner\">\n\t\t\t\t<div class=\"elementor-element elementor-element-b837087 elementor-widget-divider--view-line elementor-widget elementor-widget-divider\" data-id=\"b837087\" data-element_type=\"widget\" data-e-type=\"widget\" data-widget_type=\"divider.default\">\n\t\t\t\t\t\t\t<div class=\"elementor-divider\">\n\t\t\t<span class=\"elementor-divider-separator\">\n\t\t\t\t\t\t<\/span>\n\t\t<\/div>\n\t\t\t\t\t\t<\/div>\n\t\t\t\t<div class=\"elementor-element elementor-element-98aa898 elementor-widget elementor-widget-heading\" data-id=\"98aa898\" data-element_type=\"widget\" data-e-type=\"widget\" data-widget_type=\"heading.default\">\n\t\t\t\t\t<h2 class=\"elementor-heading-title elementor-size-default\">CSR: Auf dem Weg zu nachhaltiger urbaner Logistik<\/h2>\t\t\t\t<\/div>\n\t\t\t\t<div class=\"elementor-element elementor-element-511bf85 elementor-widget elementor-widget-text-editor\" data-id=\"511bf85\" data-element_type=\"widget\" data-e-type=\"widget\" data-widget_type=\"text-editor.default\">\n\t\t\t\t\t\t\t\t\t<p>EMBALL\u2019ISO unterst\u00fctzt Last\u2011Mile\u2011Profis dabei, ihren \u00f6kologischen Fu\u00dfabdruck zu reduzieren:<\/p><ul><li><strong>Wiederverwendbare L\u00f6sungen: <\/strong>Unsere robusten, langlebigen Taschen reduzieren die Menge an Einwegverpackungsabf\u00e4llen in Gesundheitseinrichtungen.<\/li><\/ul>\t\t\t\t\t\t\t\t<\/div>\n\t\t\t\t\t<\/div>\n\t\t\t\t<\/div>\n\t\t<div class=\"elementor-element elementor-element-1f3a7d8 e-flex e-con-boxed e-con e-parent\" data-id=\"1f3a7d8\" data-element_type=\"container\" data-e-type=\"container\" data-settings=\"{&quot;background_background&quot;:&quot;classic&quot;}\">\n\t\t\t\t\t<div class=\"e-con-inner\">\n\t\t\t\t<div class=\"elementor-element elementor-element-9b2d6b8 elementor-widget elementor-widget-heading\" data-id=\"9b2d6b8\" data-element_type=\"widget\" data-e-type=\"widget\" data-widget_type=\"heading.default\">\n\t\t\t\t\t<h2 class=\"elementor-heading-title elementor-size-default\">Ben\u00f6tigen Sie eine leichte und zuverl\u00e4ssige L\u00f6sung f\u00fcr Ihre lokalen Lieferungen?<\/h2>\t\t\t\t<\/div>\n\t\t\t\t<div class=\"elementor-element elementor-element-0325aa3 elementor-align-center elementor-widget elementor-widget-button\" data-id=\"0325aa3\" data-element_type=\"widget\" data-e-type=\"widget\" data-widget_type=\"button.default\">\n\t\t\t\t\t\t\t\t\t\t<a class=\"elementor-button elementor-button-link elementor-size-sm\" href=\"https:\/\/www.emballiso.com\/de\/produit\/isothermal-bag\/\">\n\t\t\t\t\t\t<span class=\"elementor-button-content-wrapper\">\n\t\t\t\t\t\t\t\t\t<span class=\"elementor-button-text\">Zu den Isoliertaschen<\/span>\n\t\t\t\t\t<\/span>\n\t\t\t\t\t<\/a>\n\t\t\t\t\t\t\t\t<\/div>\n\t\t\t\t\t<\/div>\n\t\t\t\t<\/div>\n\t\t<div class=\"elementor-element elementor-element-74edf2e e-flex e-con-boxed e-con e-parent\" data-id=\"74edf2e\" data-element_type=\"container\" data-e-type=\"container\" data-settings=\"{&quot;background_background&quot;:&quot;classic&quot;}\">\n\t\t\t\t\t<div class=\"e-con-inner\">\n\t\t<div class=\"elementor-element elementor-element-b3edfa4 e-con-full e-flex e-con e-child\" data-id=\"b3edfa4\" data-element_type=\"container\" data-e-type=\"container\">\n\t\t\t\t<div class=\"elementor-element elementor-element-0c073ba elementor-hidden-tablet elementor-hidden-mobile elementor-widget elementor-widget-heading\" data-id=\"0c073ba\" data-element_type=\"widget\" data-e-type=\"widget\" data-widget_type=\"heading.default\">\n\t\t\t\t\t<p class=\"elementor-heading-title elementor-size-default\">FAQ<\/p>\t\t\t\t<\/div>\n\t\t\t\t<div class=\"elementor-element elementor-element-0b545ea elementor-icon-list--layout-traditional elementor-list-item-link-full_width elementor-widget elementor-widget-icon-list\" data-id=\"0b545ea\" data-element_type=\"widget\" data-e-type=\"widget\" data-widget_type=\"icon-list.default\">\n\t\t\t\t\t\t\t<ul class=\"elementor-icon-list-items\">\n\t\t\t\t\t\t\t<li class=\"elementor-icon-list-item\">\n\t\t\t\t\t\t\t\t\t\t\t<span class=\"elementor-icon-list-icon\">\n\t\t\t\t\t\t\t<svg aria-hidden=\"true\" class=\"e-font-icon-svg e-fas-check\" viewBox=\"0 0 512 512\" xmlns=\"http:\/\/www.w3.org\/2000\/svg\"><path d=\"M173.898 439.404l-166.4-166.4c-9.997-9.997-9.997-26.206 0-36.204l36.203-36.204c9.997-9.998 26.207-9.998 36.204 0L192 312.69 432.095 72.596c9.997-9.997 26.207-9.997 36.204 0l36.203 36.204c9.997 9.997 9.997 26.206 0 36.204l-294.4 294.401c-9.998 9.997-26.207 9.997-36.204-.001z\"><\/path><\/svg>\t\t\t\t\t\t<\/span>\n\t\t\t\t\t\t\t\t\t\t<span class=\"elementor-icon-list-text\"><strong>Wie sichern Sie die K\u00fchlkette auf der letzten Meile? <\/strong>Es ist entscheidend, validierte Verpackungen zu verwenden, Be- und Entladezeiten zu optimieren und Fahrer im Umgang mit Risiken thermischer Abweichungen zu schulen.<\/span>\n\t\t\t\t\t\t\t\t\t<\/li>\n\t\t\t\t\t\t\t\t<li class=\"elementor-icon-list-item\">\n\t\t\t\t\t\t\t\t\t\t\t<span class=\"elementor-icon-list-icon\">\n\t\t\t\t\t\t\t<svg aria-hidden=\"true\" class=\"e-font-icon-svg e-fas-check\" viewBox=\"0 0 512 512\" xmlns=\"http:\/\/www.w3.org\/2000\/svg\"><path d=\"M173.898 439.404l-166.4-166.4c-9.997-9.997-9.997-26.206 0-36.204l36.203-36.204c9.997-9.998 26.207-9.998 36.204 0L192 312.69 432.095 72.596c9.997-9.997 26.207-9.997 36.204 0l36.203 36.204c9.997 9.997 9.997 26.206 0 36.204l-294.4 294.401c-9.998 9.997-26.207 9.997-36.204-.001z\"><\/path><\/svg>\t\t\t\t\t\t<\/span>\n\t\t\t\t\t\t\t\t\t\t<span class=\"elementor-icon-list-text\"><strong>Warum Isoliertaschen in einem Krankenhausumfeld verwenden? <\/strong>Sie sind ergonomisch, leicht zu reinigen, wiederverwendbar und halten die Temperatur w\u00e4hrend des Transports zu Fu\u00df zwischen verschiedenen Geb\u00e4uden oder Stockwerken zuverl\u00e4ssig aufrecht.<\/span>\n\t\t\t\t\t\t\t\t\t<\/li>\n\t\t\t\t\t\t<\/ul>\n\t\t\t\t\t\t<\/div>\n\t\t\t\t<\/div>\n\t\t<div class=\"elementor-element elementor-element-a7400fb e-con-full e-flex e-con e-child\" data-id=\"a7400fb\" data-element_type=\"container\" data-e-type=\"container\">\n\t\t\t\t<div class=\"elementor-element elementor-element-bf179db elementor-hidden-tablet elementor-hidden-mobile elementor-widget elementor-widget-heading\" data-id=\"bf179db\" data-element_type=\"widget\" data-e-type=\"widget\" data-widget_type=\"heading.default\">\n\t\t\t\t\t<p class=\"elementor-heading-title elementor-size-default\">ENTDECKEN SIE UNSERE WEITEREN SEGMENTE<\/p>\t\t\t\t<\/div>\n\t\t\t\t<div class=\"elementor-element elementor-element-12584e0 elementor-icon-list--layout-traditional elementor-list-item-link-full_width elementor-widget elementor-widget-icon-list\" data-id=\"12584e0\" data-element_type=\"widget\" data-e-type=\"widget\" data-widget_type=\"icon-list.default\">\n\t\t\t\t\t\t\t<ul class=\"elementor-icon-list-items\">\n\t\t\t\t\t\t\t<li class=\"elementor-icon-list-item\">\n\t\t\t\t\t\t\t\t\t\t\t<a href=\"https:\/\/www.emballiso.com\/de\/kuehlketten-verpackungsloesungen-fuer-logistikspezialisten\/\">\n\n\t\t\t\t\t\t\t\t\t\t\t\t<span class=\"elementor-icon-list-icon\">\n\t\t\t\t\t\t\t<svg aria-hidden=\"true\" class=\"e-font-icon-svg e-fas-check\" viewBox=\"0 0 512 512\" xmlns=\"http:\/\/www.w3.org\/2000\/svg\"><path d=\"M173.898 439.404l-166.4-166.4c-9.997-9.997-9.997-26.206 0-36.204l36.203-36.204c9.997-9.998 26.207-9.998 36.204 0L192 312.69 432.095 72.596c9.997-9.997 26.207-9.997 36.204 0l36.203 36.204c9.997 9.997 9.997 26.206 0 36.204l-294.4 294.401c-9.998 9.997-26.207 9.997-36.204-.001z\"><\/path><\/svg>\t\t\t\t\t\t<\/span>\n\t\t\t\t\t\t\t\t\t\t<span class=\"elementor-icon-list-text\"><strong>F\u00fcr Logistikspezialisten: <\/strong>L\u00f6sungen f\u00fcr Massentransporte und internationale Fracht.<\/span>\n\t\t\t\t\t\t\t\t\t\t\t<\/a>\n\t\t\t\t\t\t\t\t\t<\/li>\n\t\t\t\t\t\t\t\t<li class=\"elementor-icon-list-item\">\n\t\t\t\t\t\t\t\t\t\t\t<a href=\"https:\/\/www.emballiso.com\/de\/kuehlketten-verpackungsloesungen-fuer-klinische-studien\/\">\n\n\t\t\t\t\t\t\t\t\t\t\t\t<span class=\"elementor-icon-list-icon\">\n\t\t\t\t\t\t\t<svg aria-hidden=\"true\" class=\"e-font-icon-svg e-fas-check\" viewBox=\"0 0 512 512\" xmlns=\"http:\/\/www.w3.org\/2000\/svg\"><path d=\"M173.898 439.404l-166.4-166.4c-9.997-9.997-9.997-26.206 0-36.204l36.203-36.204c9.997-9.998 26.207-9.998 36.204 0L192 312.69 432.095 72.596c9.997-9.997 26.207-9.997 36.204 0l36.203 36.204c9.997 9.997 9.997 26.206 0 36.204l-294.4 294.401c-9.998 9.997-26.207 9.997-36.204-.001z\"><\/path><\/svg>\t\t\t\t\t\t<\/span>\n\t\t\t\t\t\t\t\t\t\t<span class=\"elementor-icon-list-text\"><strong>F\u00fcr klinische Studien: <\/strong>Hochpr\u00e4zise Verpackungen f\u00fcr F&amp;E und klinische Forschung.<\/span>\n\t\t\t\t\t\t\t\t\t\t\t<\/a>\n\t\t\t\t\t\t\t\t\t<\/li>\n\t\t\t\t\t\t\t\t<li class=\"elementor-icon-list-item\">\n\t\t\t\t\t\t\t\t\t\t\t<a href=\"https:\/\/www.emballiso.com\/de\/kuehlketten-verpackungsloesungen-fuer-pharmaunternehmen\/\">\n\n\t\t\t\t\t\t\t\t\t\t\t\t<span class=\"elementor-icon-list-icon\">\n\t\t\t\t\t\t\t<svg aria-hidden=\"true\" class=\"e-font-icon-svg e-fas-check\" viewBox=\"0 0 512 512\" xmlns=\"http:\/\/www.w3.org\/2000\/svg\"><path d=\"M173.898 439.404l-166.4-166.4c-9.997-9.997-9.997-26.206 0-36.204l36.203-36.204c9.997-9.998 26.207-9.998 36.204 0L192 312.69 432.095 72.596c9.997-9.997 26.207-9.997 36.204 0l36.203 36.204c9.997 9.997 9.997 26.206 0 36.204l-294.4 294.401c-9.998 9.997-26.207 9.997-36.204-.001z\"><\/path><\/svg>\t\t\t\t\t\t<\/span>\n\t\t\t\t\t\t\t\t\t\t<span class=\"elementor-icon-list-text\"><strong>F\u00fcr Pharmaunternehmen: <\/strong>Globales Management der temperaturgef\u00fchrten Lieferkette.<\/span>\n\t\t\t\t\t\t\t\t\t\t\t<\/a>\n\t\t\t\t\t\t\t\t\t<\/li>\n\t\t\t\t\t\t<\/ul>\n\t\t\t\t\t\t<\/div>\n\t\t\t\t<\/div>\n\t\t\t\t\t<\/div>\n\t\t\t\t<\/div>\n\t\t\t\t<\/div>\n\t\t","protected":false},"excerpt":{"rendered":"<p>K\u00fchlketten\u2011Verpackungsl\u00f6sungen f\u00fcr Last\u2011Mile\u2011Profis Die \u201eLetzte Meile\u201c ist zweifellos die kritischste und komplexeste Phase der Lieferkette im Gesundheitswesen. Ob die Lieferung an Apotheken, Krankenhausabteilungen oder Kliniken erfolgt \u2013 Fachkr\u00e4fte stehen vor st\u00e4ndigen Herausforderungen: dichter Stadtverkehr, h\u00e4ufiges \u00d6ffnen von T\u00fcren, mehrere Handhabungsschritte und strenge Annahmeprotokolle. In diesem Kontext kann schon der kleinste Fehler die Wirksamkeit einer Behandlung [&hellip;]<\/p>\n","protected":false},"author":1,"featured_media":0,"parent":0,"menu_order":0,"comment_status":"closed","ping_status":"closed","template":"","meta":{"_acf_changed":false,"footnotes":""},"class_list":["post-6951","page","type-page","status-publish","hentry"],"acf":[],"_links":{"self":[{"href":"https:\/\/www.emballiso.com\/de\/wp-json\/wp\/v2\/pages\/6951","targetHints":{"allow":["GET"]}}],"collection":[{"href":"https:\/\/www.emballiso.com\/de\/wp-json\/wp\/v2\/pages"}],"about":[{"href":"https:\/\/www.emballiso.com\/de\/wp-json\/wp\/v2\/types\/page"}],"author":[{"embeddable":true,"href":"https:\/\/www.emballiso.com\/de\/wp-json\/wp\/v2\/users\/1"}],"replies":[{"embeddable":true,"href":"https:\/\/www.emballiso.com\/de\/wp-json\/wp\/v2\/comments?post=6951"}],"version-history":[{"count":4,"href":"https:\/\/www.emballiso.com\/de\/wp-json\/wp\/v2\/pages\/6951\/revisions"}],"predecessor-version":[{"id":8639,"href":"https:\/\/www.emballiso.com\/de\/wp-json\/wp\/v2\/pages\/6951\/revisions\/8639"}],"wp:attachment":[{"href":"https:\/\/www.emballiso.com\/de\/wp-json\/wp\/v2\/media?parent=6951"}],"curies":[{"name":"wp","href":"https:\/\/api.w.org\/{rel}","templated":true}]}}