{"id":6277,"date":"2026-01-23T12:29:34","date_gmt":"2026-01-23T11:29:34","guid":{"rendered":"https:\/\/www.emballiso.com\/wirkungsmessung\/"},"modified":"2026-04-09T20:18:55","modified_gmt":"2026-04-09T18:18:55","slug":"wirkungsmessung","status":"publish","type":"page","link":"https:\/\/www.emballiso.com\/de\/wirkungsmessung\/","title":{"rendered":"Wirkungsmessung"},"content":{"rendered":"\t\t<div data-elementor-type=\"wp-page\" data-elementor-id=\"6277\" class=\"elementor elementor-6277 elementor-2998\" data-elementor-post-type=\"page\">\n\t\t\t\t<div class=\"elementor-element elementor-element-5f16a75 e-flex e-con-boxed e-con e-parent\" data-id=\"5f16a75\" data-element_type=\"container\" data-e-type=\"container\">\n\t\t\t\t\t<div class=\"e-con-inner\">\n\t\t\t\t<div class=\"elementor-element elementor-element-b48c154 elementor-invisible elementor-widget elementor-widget-heading\" data-id=\"b48c154\" data-element_type=\"widget\" data-e-type=\"widget\" data-settings=\"{&quot;_animation&quot;:&quot;fadeInDown&quot;}\" data-widget_type=\"heading.default\">\n\t\t\t\t\t<h1 class=\"elementor-heading-title elementor-size-default\"><span class=\"gradient-blue\">Wirkungsmessung<\/span><\/h1>\t\t\t\t<\/div>\n\t\t\t\t\t<\/div>\n\t\t\t\t<\/div>\n\t\t<div class=\"elementor-element elementor-element-a403853 e-con-full e-flex e-con e-parent\" data-id=\"a403853\" data-element_type=\"container\" data-e-type=\"container\">\n\t\t<div class=\"elementor-element elementor-element-73a890d e-con-full e-flex e-con e-child\" data-id=\"73a890d\" data-element_type=\"container\" data-e-type=\"container\">\n\t\t\t\t<div class=\"elementor-element elementor-element-6f98c19 elementor-widget elementor-widget-heading\" data-id=\"6f98c19\" data-element_type=\"widget\" data-e-type=\"widget\" data-widget_type=\"heading.default\">\n\t\t\t\t\t<p class=\"elementor-heading-title elementor-size-default\">Wie wir<\/p>\t\t\t\t<\/div>\n\t\t\t\t<div class=\"elementor-element elementor-element-6e9960c elementor-invisible elementor-widget elementor-widget-heading\" data-id=\"6e9960c\" data-element_type=\"widget\" data-e-type=\"widget\" data-settings=\"{&quot;_animation&quot;:&quot;fadeInDown&quot;}\" data-widget_type=\"heading.default\">\n\t\t\t\t\t<h2 class=\"elementor-heading-title elementor-size-default\"><span class=\"gradient-blue\">unseren CO\u2082-Fu\u00dfabdruck messen<\/span><\/h2>\t\t\t\t<\/div>\n\t\t\t\t<div class=\"elementor-element elementor-element-b99d6d2 elementor-widget elementor-widget-text-editor\" data-id=\"b99d6d2\" data-element_type=\"widget\" data-e-type=\"widget\" data-widget_type=\"text-editor.default\">\n\t\t\t\t\t\t\t\t\t<p>Wir sind entschlossen, unsere Umweltbelastung zu reduzieren. Um dieses Ziel zu erreichen, messen wir unseren CO\u2082\u2011Fu\u00dfabdruck anhand einer detaillierten Kohlenstoffbilanz. Dieser Prozess hilft uns, die mit unseren Aktivit\u00e4ten verbundenen Treibhausgasemissionen zu verstehen und leitet uns bei der Umsetzung wirksamer Ma\u00dfnahmen zu deren Reduzierung.  <\/p>\t\t\t\t\t\t\t\t<\/div>\n\t\t\t\t<div class=\"elementor-element elementor-element-9a05663 elementor-align-center elementor-widget elementor-widget-button\" data-id=\"9a05663\" data-element_type=\"widget\" data-e-type=\"widget\" data-widget_type=\"button.default\">\n\t\t\t\t\t\t\t\t\t\t<a class=\"elementor-button elementor-button-link elementor-size-sm\" href=\"https:\/\/www.calameo.com\/read\/00733939463e6a6f4d42c?=page13\" target=\"_blank\">\n\t\t\t\t\t\t<span class=\"elementor-button-content-wrapper\">\n\t\t\t\t\t\t\t\t\t<span class=\"elementor-button-text\"> Entdecken Sie den CO\u2082\u2011Fu\u00dfabdruck von EMBALL\u2019ISO<\/span>\n\t\t\t\t\t<\/span>\n\t\t\t\t\t<\/a>\n\t\t\t\t\t\t\t\t<\/div>\n\t\t\t\t<\/div>\n\t\t<div class=\"elementor-element elementor-element-6733df1 e-con-full e-flex e-con e-child\" data-id=\"6733df1\" data-element_type=\"container\" data-e-type=\"container\" data-settings=\"{&quot;background_background&quot;:&quot;classic&quot;}\">\n\t\t\t\t<\/div>\n\t\t\t\t<\/div>\n\t\t<div class=\"elementor-element elementor-element-a62f363 e-flex e-con-boxed e-con e-parent\" data-id=\"a62f363\" data-element_type=\"container\" data-e-type=\"container\" data-settings=\"{&quot;background_background&quot;:&quot;classic&quot;}\">\n\t\t\t\t\t<div class=\"e-con-inner\">\n\t\t<div class=\"elementor-element elementor-element-97e7ec5 e-con-full e-flex e-con e-child\" data-id=\"97e7ec5\" data-element_type=\"container\" data-e-type=\"container\">\n\t\t\t\t<div class=\"elementor-element elementor-element-dfaef9d elementor-invisible elementor-widget elementor-widget-heading\" data-id=\"dfaef9d\" data-element_type=\"widget\" data-e-type=\"widget\" data-settings=\"{&quot;_animation&quot;:&quot;fadeInDown&quot;}\" data-widget_type=\"heading.default\">\n\t\t\t\t\t<h2 class=\"elementor-heading-title elementor-size-default\"><span class=\"gradient-white-green\"> Unser Engagement zur Reduzierung der CO\u2082\u2011Emissionen<\/span><\/h2>\t\t\t\t<\/div>\n\t\t\t\t<div class=\"elementor-element elementor-element-395b7e5 elementor-widget elementor-widget-text-editor\" data-id=\"395b7e5\" data-element_type=\"widget\" data-e-type=\"widget\" data-widget_type=\"text-editor.default\">\n\t\t\t\t\t\t\t\t\t<p>Wir beschr\u00e4nken uns nicht darauf, unseren CO\u2082\u2011Fu\u00dfabdruck zu messen \u2013 wir handeln danach. Nach der Durchf\u00fchrung einer detaillierten Kohlenstoffbilanz haben wir klare Ziele zur Reduzierung unserer CO\u2082\u2011Emissionen festgelegt. Diese Ziele lenken unsere Nachhaltigkeitsstrategie und gew\u00e4hrleisten, dass wir messbare Fortschritte bei der Verringerung unserer Umweltbelastung erzielen.  <\/p><p>Wir verpflichten uns, unsere CO\u2082\u2011Emissionen <strong>bis 2030 um 8\u202f427 Tonnen<\/strong> deutlich zu reduzieren \u2013 im Einklang mit dem Pariser Abkommen.<\/p>\t\t\t\t\t\t\t\t<\/div>\n\t\t\t\t<\/div>\n\t\t<div class=\"elementor-element elementor-element-d53c1b7 e-con-full e-flex e-con e-child\" data-id=\"d53c1b7\" data-element_type=\"container\" data-e-type=\"container\">\n\t\t<div class=\"elementor-element elementor-element-4c712fd e-con-full e-flex e-con e-child\" data-id=\"4c712fd\" data-element_type=\"container\" data-e-type=\"container\">\n\t\t<div class=\"elementor-element elementor-element-05d8360 e-con-full e-flex elementor-invisible e-con e-child\" data-id=\"05d8360\" data-element_type=\"container\" data-e-type=\"container\" data-settings=\"{&quot;background_background&quot;:&quot;classic&quot;,&quot;animation&quot;:&quot;fadeInUp&quot;}\">\n\t\t\t\t<div class=\"elementor-element elementor-element-12d7640 elementor-widget elementor-widget-counter\" data-id=\"12d7640\" data-element_type=\"widget\" data-e-type=\"widget\" data-widget_type=\"counter.default\">\n\t\t\t\t\t\t\t<div class=\"elementor-counter\">\n\t\t\t<div class=\"elementor-counter-title\">bei Scope 1 &amp; Scope 2<\/div>\t\t\t<div class=\"elementor-counter-number-wrapper\">\n\t\t\t\t<span class=\"elementor-counter-number-prefix\"><\/span>\n\t\t\t\t<span class=\"elementor-counter-number\" data-duration=\"2000\" data-to-value=\"-42\" data-from-value=\"0\" data-delimiter=\" \">0<\/span>\n\t\t\t\t<span class=\"elementor-counter-number-suffix\">%<\/span>\n\t\t\t<\/div>\n\t\t<\/div>\n\t\t\t\t\t\t<\/div>\n\t\t\t\t<div class=\"elementor-element elementor-element-9e36b25 elementor-widget elementor-widget-text-editor\" data-id=\"9e36b25\" data-element_type=\"widget\" data-e-type=\"widget\" data-widget_type=\"text-editor.default\">\n\t\t\t\t\t\t\t\t\t<p><em>(entspricht 70 Tonnen)<\/em><\/p>\t\t\t\t\t\t\t\t<\/div>\n\t\t\t\t<\/div>\n\t\t<div class=\"elementor-element elementor-element-74efe92 e-con-full e-flex elementor-invisible e-con e-child\" data-id=\"74efe92\" data-element_type=\"container\" data-e-type=\"container\" data-settings=\"{&quot;background_background&quot;:&quot;classic&quot;,&quot;animation&quot;:&quot;fadeInUp&quot;}\">\n\t\t\t\t<div class=\"elementor-element elementor-element-7096bb9 elementor-widget elementor-widget-counter\" data-id=\"7096bb9\" data-element_type=\"widget\" data-e-type=\"widget\" data-widget_type=\"counter.default\">\n\t\t\t\t\t\t\t<div class=\"elementor-counter\">\n\t\t\t<div class=\"elementor-counter-title\">bei Scope 3<\/div>\t\t\t<div class=\"elementor-counter-number-wrapper\">\n\t\t\t\t<span class=\"elementor-counter-number-prefix\"><\/span>\n\t\t\t\t<span class=\"elementor-counter-number\" data-duration=\"2000\" data-to-value=\"-26\" data-from-value=\"0\" data-delimiter=\" \">0<\/span>\n\t\t\t\t<span class=\"elementor-counter-number-suffix\">%<\/span>\n\t\t\t<\/div>\n\t\t<\/div>\n\t\t\t\t\t\t<\/div>\n\t\t\t\t<div class=\"elementor-element elementor-element-491c7d1 elementor-widget elementor-widget-text-editor\" data-id=\"491c7d1\" data-element_type=\"widget\" data-e-type=\"widget\" data-widget_type=\"text-editor.default\">\n\t\t\t\t\t\t\t\t\t<p><em>(entspricht 8\u202f357 Tonnen)<\/em><\/p>\t\t\t\t\t\t\t\t<\/div>\n\t\t\t\t<\/div>\n\t\t\t\t<\/div>\n\t\t<div class=\"elementor-element elementor-element-325b77a e-con-full e-flex e-con e-child\" data-id=\"325b77a\" data-element_type=\"container\" data-e-type=\"container\">\n\t\t<div class=\"elementor-element elementor-element-ac7840f e-con-full e-flex e-con e-child\" data-id=\"ac7840f\" data-element_type=\"container\" data-e-type=\"container\">\n\t\t\t\t<div class=\"elementor-element elementor-element-e2c8a70 elementor-widget elementor-widget-image\" data-id=\"e2c8a70\" data-element_type=\"widget\" data-e-type=\"widget\" data-widget_type=\"image.default\">\n\t\t\t\t\t\t\t\t\t\t\t\t\t\t\t<img decoding=\"async\" width=\"170\" height=\"170\" src=\"https:\/\/www.emballiso.com\/wp-content\/uploads\/pictos-site_csr-co2-target.svg\" class=\"attachment-large size-large wp-image-6278\" alt=\"\" \/>\t\t\t\t\t\t\t\t\t\t\t\t\t\t\t<\/div>\n\t\t\t\t<\/div>\n\t\t\t\t<div class=\"elementor-element elementor-element-6c2f859 elementor-widget elementor-widget-text-editor\" data-id=\"6c2f859\" data-element_type=\"widget\" data-e-type=\"widget\" data-widget_type=\"text-editor.default\">\n\t\t\t\t\t\t\t\t\t<p>Diese Ziele unterst\u00fctzen das globale Vorhaben, den durchschnittlichen Temperaturanstieg <strong>deutlich unter 2\u202f\u00b0C<\/strong> im Vergleich zum vorindustriellen Niveau zu halten und die Erw\u00e4rmung auf <strong>1,5\u202f\u00b0C<\/strong> zu begrenzen.<\/p>\t\t\t\t\t\t\t\t<\/div>\n\t\t\t\t<\/div>\n\t\t\t\t<\/div>\n\t\t\t\t\t<\/div>\n\t\t\t\t<\/div>\n\t\t<div class=\"elementor-element elementor-element-549f2fa e-con-full e-flex e-con e-parent\" data-id=\"549f2fa\" data-element_type=\"container\" data-e-type=\"container\">\n\t\t<div class=\"elementor-element elementor-element-1960e5b e-con-full e-flex e-con e-child\" data-id=\"1960e5b\" data-element_type=\"container\" data-e-type=\"container\">\n\t\t\t\t<div class=\"elementor-element elementor-element-8183c0b elementor-widget elementor-widget-heading\" data-id=\"8183c0b\" data-element_type=\"widget\" data-e-type=\"widget\" data-widget_type=\"heading.default\">\n\t\t\t\t\t<p class=\"elementor-heading-title elementor-size-default\">Science-Based Targets<\/p>\t\t\t\t<\/div>\n\t\t\t\t<div class=\"elementor-element elementor-element-880f0f8 elementor-invisible elementor-widget elementor-widget-heading\" data-id=\"880f0f8\" data-element_type=\"widget\" data-e-type=\"widget\" data-settings=\"{&quot;_animation&quot;:&quot;fadeInDown&quot;}\" data-widget_type=\"heading.default\">\n\t\t\t\t\t<h2 class=\"elementor-heading-title elementor-size-default\"><span class=\"gradient-blue\">Unser Klimaschutz\u2011Engagement<\/span><\/h2>\t\t\t\t<\/div>\n\t\t<div class=\"elementor-element elementor-element-a07b286 e-con-full e-flex e-con e-child\" data-id=\"a07b286\" data-element_type=\"container\" data-e-type=\"container\">\n\t\t\t\t<div class=\"elementor-element elementor-element-d1f73f0 elementor-widget elementor-widget-text-editor\" data-id=\"d1f73f0\" data-element_type=\"widget\" data-e-type=\"widget\" data-widget_type=\"text-editor.default\">\n\t\t\t\t\t\t\t\t\t<p>Wir gehen \u00fcber die reine Messung und Reduzierung unseres CO\u2082\u2011Fu\u00dfabdrucks hinaus \u2013 wir richten unser Handeln an der Wissenschaft aus. Im Rahmen unserer Nachhaltigkeitsstrategie haben wir uns der <strong>Science Based Targets initiative (SBTi) <\/strong>verpflichtet. Das bedeutet, dass unsere CO\u2082\u2011Reduktionsziele mit den neuesten wissenschaftlichen Erkenntnissen \u00fcbereinstimmen und dazu beitragen, die globale Erw\u00e4rmung deutlich unter 2\u202f\u00b0C zu halten \u2013 im Einklang mit dem Pariser Abkommen.  <\/p>\t\t\t\t\t\t\t\t<\/div>\n\t\t\t\t<\/div>\n\t\t\t\t<\/div>\n\t\t<div class=\"elementor-element elementor-element-835200a e-con-full e-flex e-con e-child\" data-id=\"835200a\" data-element_type=\"container\" data-e-type=\"container\" data-settings=\"{&quot;background_background&quot;:&quot;classic&quot;}\">\n\t\t\t\t<\/div>\n\t\t\t\t<\/div>\n\t\t<div class=\"elementor-element elementor-element-8955e1c e-con-full e-flex e-con e-parent\" data-id=\"8955e1c\" data-element_type=\"container\" data-e-type=\"container\">\n\t\t<div class=\"elementor-element elementor-element-55b76e1 e-con-full e-flex e-con e-child\" data-id=\"55b76e1\" data-element_type=\"container\" data-e-type=\"container\" data-settings=\"{&quot;background_background&quot;:&quot;classic&quot;}\">\n\t\t\t\t<\/div>\n\t\t<div class=\"elementor-element elementor-element-a9b11e3 e-con-full e-flex e-con e-child\" data-id=\"a9b11e3\" data-element_type=\"container\" data-e-type=\"container\">\n\t\t\t\t<div class=\"elementor-element elementor-element-8a5aeb8 elementor-invisible elementor-widget elementor-widget-heading\" data-id=\"8a5aeb8\" data-element_type=\"widget\" data-e-type=\"widget\" data-settings=\"{&quot;_animation&quot;:&quot;fadeInDown&quot;}\" data-widget_type=\"heading.default\">\n\t\t\t\t\t<h2 class=\"elementor-heading-title elementor-size-default\"><span class=\"gradient-blue\">Reduzierung der CO\u2082\u2011Emissionen w\u00e4hrend der Nutzungsphase<\/span><\/h2>\t\t\t\t<\/div>\n\t\t\t\t<div class=\"elementor-element elementor-element-bbf7d15 elementor-widget elementor-widget-text-editor\" data-id=\"bbf7d15\" data-element_type=\"widget\" data-e-type=\"widget\" data-widget_type=\"text-editor.default\">\n\t\t\t\t\t\t\t\t\t<p><strong>85\u202f% unserer CO\u2082\u2011Emissionen entstehen in der Nutzungsphase unserer Produkte,<\/strong> wenn pharmazeutische Laboratorien temperaturempfindliche Produkte per Luftfracht versenden.<\/p><p>Um diesem Problem zu begegnen, setzen wir konkrete Ma\u00dfnahmen um :<\/p>\t\t\t\t\t\t\t\t<\/div>\n\t\t\t\t<div class=\"elementor-element elementor-element-f828d12 elementor-icon-list--layout-traditional elementor-list-item-link-full_width elementor-widget elementor-widget-icon-list\" data-id=\"f828d12\" data-element_type=\"widget\" data-e-type=\"widget\" data-widget_type=\"icon-list.default\">\n\t\t\t\t\t\t\t<ul class=\"elementor-icon-list-items\">\n\t\t\t\t\t\t\t<li class=\"elementor-icon-list-item\">\n\t\t\t\t\t\t\t\t\t\t\t<span class=\"elementor-icon-list-icon\">\n\t\t\t\t\t\t\t<svg aria-hidden=\"true\" class=\"e-font-icon-svg e-fas-check\" viewBox=\"0 0 512 512\" xmlns=\"http:\/\/www.w3.org\/2000\/svg\"><path d=\"M173.898 439.404l-166.4-166.4c-9.997-9.997-9.997-26.206 0-36.204l36.203-36.204c9.997-9.998 26.207-9.998 36.204 0L192 312.69 432.095 72.596c9.997-9.997 26.207-9.997 36.204 0l36.203 36.204c9.997 9.997 9.997 26.206 0 36.204l-294.4 294.401c-9.998 9.997-26.207 9.997-36.204-.001z\"><\/path><\/svg>\t\t\t\t\t\t<\/span>\n\t\t\t\t\t\t\t\t\t\t<span class=\"elementor-icon-list-text\"><strong>Entwicklung leichter, wiederverwendbarer Verpackungen<\/strong><\/span>\n\t\t\t\t\t\t\t\t\t<\/li>\n\t\t\t\t\t\t\t\t<li class=\"elementor-icon-list-item\">\n\t\t\t\t\t\t\t\t\t\t\t<span class=\"elementor-icon-list-icon\">\n\t\t\t\t\t\t\t<svg aria-hidden=\"true\" class=\"e-font-icon-svg e-fas-check\" viewBox=\"0 0 512 512\" xmlns=\"http:\/\/www.w3.org\/2000\/svg\"><path d=\"M173.898 439.404l-166.4-166.4c-9.997-9.997-9.997-26.206 0-36.204l36.203-36.204c9.997-9.998 26.207-9.998 36.204 0L192 312.69 432.095 72.596c9.997-9.997 26.207-9.997 36.204 0l36.203 36.204c9.997 9.997 9.997 26.206 0 36.204l-294.4 294.401c-9.998 9.997-26.207 9.997-36.204-.001z\"><\/path><\/svg>\t\t\t\t\t\t<\/span>\n\t\t\t\t\t\t\t\t\t\t<span class=\"elementor-icon-list-text\"><strong>Bereitstellung eines schl\u00fcsselfertigen Managements f\u00fcr R\u00fcckholung, \u00dcberholung und Verf\u00fcgbarkeit wiederverwendbarer Verpackungen<\/strong><\/span>\n\t\t\t\t\t\t\t\t\t<\/li>\n\t\t\t\t\t\t\t\t<li class=\"elementor-icon-list-item\">\n\t\t\t\t\t\t\t\t\t\t\t<span class=\"elementor-icon-list-icon\">\n\t\t\t\t\t\t\t<svg aria-hidden=\"true\" class=\"e-font-icon-svg e-fas-check\" viewBox=\"0 0 512 512\" xmlns=\"http:\/\/www.w3.org\/2000\/svg\"><path d=\"M173.898 439.404l-166.4-166.4c-9.997-9.997-9.997-26.206 0-36.204l36.203-36.204c9.997-9.998 26.207-9.998 36.204 0L192 312.69 432.095 72.596c9.997-9.997 26.207-9.997 36.204 0l36.203 36.204c9.997 9.997 9.997 26.206 0 36.204l-294.4 294.401c-9.998 9.997-26.207 9.997-36.204-.001z\"><\/path><\/svg>\t\t\t\t\t\t<\/span>\n\t\t\t\t\t\t\t\t\t\t<span class=\"elementor-icon-list-text\"><strong>Durchf\u00fchrung wissenschaftlicher Studien, die die Vorteile leichter, wiederverwendbarer Isolierl\u00f6sungen belegen, die bei Bedarf per Seefracht repositioniert werden<\/strong><\/span>\n\t\t\t\t\t\t\t\t\t<\/li>\n\t\t\t\t\t\t\t\t<li class=\"elementor-icon-list-item\">\n\t\t\t\t\t\t\t\t\t\t\t<span class=\"elementor-icon-list-icon\">\n\t\t\t\t\t\t\t<svg aria-hidden=\"true\" class=\"e-font-icon-svg e-fas-check\" viewBox=\"0 0 512 512\" xmlns=\"http:\/\/www.w3.org\/2000\/svg\"><path d=\"M173.898 439.404l-166.4-166.4c-9.997-9.997-9.997-26.206 0-36.204l36.203-36.204c9.997-9.998 26.207-9.998 36.204 0L192 312.69 432.095 72.596c9.997-9.997 26.207-9.997 36.204 0l36.203 36.204c9.997 9.997 9.997 26.206 0 36.204l-294.4 294.401c-9.998 9.997-26.207 9.997-36.204-.001z\"><\/path><\/svg>\t\t\t\t\t\t<\/span>\n\t\t\t\t\t\t\t\t\t\t<span class=\"elementor-icon-list-text\"><strong>- Bereitstellung von Daten f\u00fcr unsere Kunden zu den durch die Wiederverwendung erzielten CO\u2082\u2011Einsparungen<\/strong><\/span>\n\t\t\t\t\t\t\t\t\t<\/li>\n\t\t\t\t\t\t<\/ul>\n\t\t\t\t\t\t<\/div>\n\t\t\t\t<\/div>\n\t\t\t\t<\/div>\n\t\t\t\t<\/div>\n\t\t","protected":false},"excerpt":{"rendered":"<p>Wirkungsmessung Wie wir unseren CO\u2082-Fu\u00dfabdruck messen Wir sind entschlossen, unsere Umweltbelastung zu reduzieren. Um dieses Ziel zu erreichen, messen wir unseren CO\u2082\u2011Fu\u00dfabdruck anhand einer detaillierten Kohlenstoffbilanz. Dieser Prozess hilft uns, die mit unseren Aktivit\u00e4ten verbundenen Treibhausgasemissionen zu verstehen und leitet uns bei der Umsetzung wirksamer Ma\u00dfnahmen zu deren Reduzierung. Entdecken Sie den CO\u2082\u2011Fu\u00dfabdruck von EMBALL\u2019ISO [&hellip;]<\/p>\n","protected":false},"author":1,"featured_media":0,"parent":0,"menu_order":0,"comment_status":"closed","ping_status":"closed","template":"","meta":{"_acf_changed":false,"footnotes":""},"class_list":["post-6277","page","type-page","status-publish","hentry"],"acf":[],"_links":{"self":[{"href":"https:\/\/www.emballiso.com\/de\/wp-json\/wp\/v2\/pages\/6277","targetHints":{"allow":["GET"]}}],"collection":[{"href":"https:\/\/www.emballiso.com\/de\/wp-json\/wp\/v2\/pages"}],"about":[{"href":"https:\/\/www.emballiso.com\/de\/wp-json\/wp\/v2\/types\/page"}],"author":[{"embeddable":true,"href":"https:\/\/www.emballiso.com\/de\/wp-json\/wp\/v2\/users\/1"}],"replies":[{"embeddable":true,"href":"https:\/\/www.emballiso.com\/de\/wp-json\/wp\/v2\/comments?post=6277"}],"version-history":[{"count":6,"href":"https:\/\/www.emballiso.com\/de\/wp-json\/wp\/v2\/pages\/6277\/revisions"}],"predecessor-version":[{"id":6827,"href":"https:\/\/www.emballiso.com\/de\/wp-json\/wp\/v2\/pages\/6277\/revisions\/6827"}],"wp:attachment":[{"href":"https:\/\/www.emballiso.com\/de\/wp-json\/wp\/v2\/media?parent=6277"}],"curies":[{"name":"wp","href":"https:\/\/api.w.org\/{rel}","templated":true}]}}