{"id":6213,"date":"2026-01-23T13:13:01","date_gmt":"2026-01-23T12:13:01","guid":{"rendered":"https:\/\/www.emballiso.com\/csr\/"},"modified":"2026-04-10T10:13:42","modified_gmt":"2026-04-10T08:13:42","slug":"csr","status":"publish","type":"page","link":"https:\/\/www.emballiso.com\/de\/csr\/","title":{"rendered":"CSR"},"content":{"rendered":"\t\t<div data-elementor-type=\"wp-page\" data-elementor-id=\"6213\" class=\"elementor elementor-6213 elementor-2523\" data-elementor-post-type=\"page\">\n\t\t\t\t<div class=\"elementor-element elementor-element-0d351a2 e-flex e-con-boxed e-con e-parent\" data-id=\"0d351a2\" data-element_type=\"container\" data-e-type=\"container\">\n\t\t\t\t\t<div class=\"e-con-inner\">\n\t\t\t\t<div class=\"elementor-element elementor-element-724deb8 elementor-invisible elementor-widget elementor-widget-heading\" data-id=\"724deb8\" data-element_type=\"widget\" data-e-type=\"widget\" data-settings=\"{&quot;_animation&quot;:&quot;fadeInDown&quot;}\" data-widget_type=\"heading.default\">\n\t\t\t\t\t<h1 class=\"elementor-heading-title elementor-size-default\"><span class=\"gradient-blue\">CSR<\/span><\/h1>\t\t\t\t<\/div>\n\t\t\t\t\t<\/div>\n\t\t\t\t<\/div>\n\t\t<div class=\"elementor-element elementor-element-c0d4079 e-con-full e-flex e-con e-parent\" data-id=\"c0d4079\" data-element_type=\"container\" data-e-type=\"container\">\n\t\t<div class=\"elementor-element elementor-element-bc5989d e-con-full e-flex e-con e-child\" data-id=\"bc5989d\" data-element_type=\"container\" data-e-type=\"container\">\n\t\t\t\t<div class=\"elementor-element elementor-element-29f75ff elementor-widget elementor-widget-heading\" data-id=\"29f75ff\" data-element_type=\"widget\" data-e-type=\"widget\" data-widget_type=\"heading.default\">\n\t\t\t\t\t<p class=\"elementor-heading-title elementor-size-default\">Unser Engagement f\u00fcr<\/p>\t\t\t\t<\/div>\n\t\t\t\t<div class=\"elementor-element elementor-element-5a46e8e elementor-invisible elementor-widget elementor-widget-heading\" data-id=\"5a46e8e\" data-element_type=\"widget\" data-e-type=\"widget\" data-settings=\"{&quot;_animation&quot;:&quot;fadeInDown&quot;}\" data-widget_type=\"heading.default\">\n\t\t\t\t\t<h2 class=\"elementor-heading-title elementor-size-default\"><span class=\"gradient-blue\">nachhaltigkeit<\/span><\/h2>\t\t\t\t<\/div>\n\t\t\t\t<div class=\"elementor-element elementor-element-2e3e493 elementor-widget elementor-widget-text-editor\" data-id=\"2e3e493\" data-element_type=\"widget\" data-e-type=\"widget\" data-widget_type=\"text-editor.default\">\n\t\t\t\t\t\t\t\t\t<p>Bei EMBALL\u2019ISO steht die Unternehmensverantwortung (CSR) im Mittelpunkt unseres Handelns.<br role=\"presentation\">Geleitet von zwei zentralen Rahmenwerken \u2013 <strong>ISO 9001<\/strong> und EcoVadis \u2013 haben wir die Themen identifiziert und priorisiert, die f\u00fcr eine nachhaltige Zukunft am wichtigsten sind.<\/p>\t\t\t\t\t\t\t\t<\/div>\n\t\t\t\t<\/div>\n\t\t<div class=\"elementor-element elementor-element-81018dd e-con-full e-flex e-con e-child\" data-id=\"81018dd\" data-element_type=\"container\" data-e-type=\"container\" data-settings=\"{&quot;background_background&quot;:&quot;classic&quot;}\">\n\t\t\t\t<\/div>\n\t\t\t\t<\/div>\n\t\t<div class=\"elementor-element elementor-element-cae15e7 e-flex e-con-boxed e-con e-parent\" data-id=\"cae15e7\" data-element_type=\"container\" data-e-type=\"container\" data-settings=\"{&quot;background_background&quot;:&quot;classic&quot;}\">\n\t\t\t\t\t<div class=\"e-con-inner\">\n\t\t\t\t<div class=\"elementor-element elementor-element-77f2293 elementor-widget elementor-widget-heading\" data-id=\"77f2293\" data-element_type=\"widget\" data-e-type=\"widget\" data-widget_type=\"heading.default\">\n\t\t\t\t\t<p class=\"elementor-heading-title elementor-size-default\">Unsere CSR\u2011Strategie basiert auf drei S\u00e4ulen :<\/p>\t\t\t\t<\/div>\n\t\t\t\t\t<\/div>\n\t\t\t\t<\/div>\n\t\t<div class=\"elementor-element elementor-element-9c8d2f7 e-con-full e-transform e-flex e-con e-parent\" data-id=\"9c8d2f7\" data-element_type=\"container\" data-e-type=\"container\" data-settings=\"{&quot;background_background&quot;:&quot;classic&quot;,&quot;_transform_translateX_effect&quot;:{&quot;unit&quot;:&quot;px&quot;,&quot;size&quot;:&quot;&quot;,&quot;sizes&quot;:[]},&quot;_transform_translateX_effect_tablet&quot;:{&quot;unit&quot;:&quot;px&quot;,&quot;size&quot;:&quot;&quot;,&quot;sizes&quot;:[]},&quot;_transform_translateX_effect_mobile&quot;:{&quot;unit&quot;:&quot;px&quot;,&quot;size&quot;:&quot;&quot;,&quot;sizes&quot;:[]},&quot;_transform_translateY_effect&quot;:{&quot;unit&quot;:&quot;px&quot;,&quot;size&quot;:&quot;&quot;,&quot;sizes&quot;:[]},&quot;_transform_translateY_effect_tablet&quot;:{&quot;unit&quot;:&quot;px&quot;,&quot;size&quot;:&quot;&quot;,&quot;sizes&quot;:[]},&quot;_transform_translateY_effect_mobile&quot;:{&quot;unit&quot;:&quot;px&quot;,&quot;size&quot;:&quot;&quot;,&quot;sizes&quot;:[]}}\">\n\t\t<div class=\"elementor-element elementor-element-e07674f e-con-full e-flex e-con e-child\" data-id=\"e07674f\" data-element_type=\"container\" data-e-type=\"container\">\n\t\t<div class=\"elementor-element elementor-element-8aa3072 e-con-full e-flex e-con e-child\" data-id=\"8aa3072\" data-element_type=\"container\" data-e-type=\"container\">\n\t\t\t\t<div class=\"elementor-element elementor-element-3543372 elementor-widget elementor-widget-image\" data-id=\"3543372\" data-element_type=\"widget\" data-e-type=\"widget\" data-widget_type=\"image.default\">\n\t\t\t\t\t\t\t\t\t\t\t\t\t\t\t<img decoding=\"async\" width=\"170\" height=\"170\" src=\"https:\/\/www.emballiso.com\/wp-content\/uploads\/pictos-site_csr-environment.svg\" class=\"attachment-large size-large wp-image-6216\" alt=\"\" \/>\t\t\t\t\t\t\t\t\t\t\t\t\t\t\t<\/div>\n\t\t\t\t<div class=\"elementor-element elementor-element-f593a28 elementor-widget elementor-widget-heading\" data-id=\"f593a28\" data-element_type=\"widget\" data-e-type=\"widget\" data-widget_type=\"heading.default\">\n\t\t\t\t\t<h3 class=\"elementor-heading-title elementor-size-default\">Umwelt : Handeln f\u00fcr den Planeten<\/h3>\t\t\t\t<\/div>\n\t\t\t\t<div class=\"elementor-element elementor-element-0c19e11 elementor-widget elementor-widget-text-editor\" data-id=\"0c19e11\" data-element_type=\"widget\" data-e-type=\"widget\" data-widget_type=\"text-editor.default\">\n\t\t\t\t\t\t\t\t\t<p>Die Klimakrise erfordert entschlossenes Handeln \u2013 und wir \u00fcbernehmen Verantwortung. Unsere Umweltverpflichtungen umfassen : <\/p>\t\t\t\t\t\t\t\t<\/div>\n\t\t\t\t<div class=\"elementor-element elementor-element-556e988 elementor-icon-list--layout-traditional elementor-list-item-link-full_width elementor-widget elementor-widget-icon-list\" data-id=\"556e988\" data-element_type=\"widget\" data-e-type=\"widget\" data-widget_type=\"icon-list.default\">\n\t\t\t\t\t\t\t<ul class=\"elementor-icon-list-items\">\n\t\t\t\t\t\t\t<li class=\"elementor-icon-list-item\">\n\t\t\t\t\t\t\t\t\t\t\t<span class=\"elementor-icon-list-icon\">\n\t\t\t\t\t\t\t<svg aria-hidden=\"true\" class=\"e-font-icon-svg e-fas-check\" viewBox=\"0 0 512 512\" xmlns=\"http:\/\/www.w3.org\/2000\/svg\"><path d=\"M173.898 439.404l-166.4-166.4c-9.997-9.997-9.997-26.206 0-36.204l36.203-36.204c9.997-9.998 26.207-9.998 36.204 0L192 312.69 432.095 72.596c9.997-9.997 26.207-9.997 36.204 0l36.203 36.204c9.997 9.997 9.997 26.206 0 36.204l-294.4 294.401c-9.998 9.997-26.207 9.997-36.204-.001z\"><\/path><\/svg>\t\t\t\t\t\t<\/span>\n\t\t\t\t\t\t\t\t\t\t<span class=\"elementor-icon-list-text\"><strong>Reduzierung von Treibhausgasemissionen<\/strong> und Optimierung des Energieverbrauchs<\/span>\n\t\t\t\t\t\t\t\t\t<\/li>\n\t\t\t\t\t\t\t\t<li class=\"elementor-icon-list-item\">\n\t\t\t\t\t\t\t\t\t\t\t<span class=\"elementor-icon-list-icon\">\n\t\t\t\t\t\t\t<svg aria-hidden=\"true\" class=\"e-font-icon-svg e-fas-check\" viewBox=\"0 0 512 512\" xmlns=\"http:\/\/www.w3.org\/2000\/svg\"><path d=\"M173.898 439.404l-166.4-166.4c-9.997-9.997-9.997-26.206 0-36.204l36.203-36.204c9.997-9.998 26.207-9.998 36.204 0L192 312.69 432.095 72.596c9.997-9.997 26.207-9.997 36.204 0l36.203 36.204c9.997 9.997 9.997 26.206 0 36.204l-294.4 294.401c-9.998 9.997-26.207 9.997-36.204-.001z\"><\/path><\/svg>\t\t\t\t\t\t<\/span>\n\t\t\t\t\t\t\t\t\t\t<span class=\"elementor-icon-list-text\"><strong>Umwandlung von Abf\u00e4llen in Ressourcen<\/strong> durch Prinzipien der Kreislaufwirtschaft<\/span>\n\t\t\t\t\t\t\t\t\t<\/li>\n\t\t\t\t\t\t\t\t<li class=\"elementor-icon-list-item\">\n\t\t\t\t\t\t\t\t\t\t\t<span class=\"elementor-icon-list-icon\">\n\t\t\t\t\t\t\t<svg aria-hidden=\"true\" class=\"e-font-icon-svg e-fas-check\" viewBox=\"0 0 512 512\" xmlns=\"http:\/\/www.w3.org\/2000\/svg\"><path d=\"M173.898 439.404l-166.4-166.4c-9.997-9.997-9.997-26.206 0-36.204l36.203-36.204c9.997-9.998 26.207-9.998 36.204 0L192 312.69 432.095 72.596c9.997-9.997 26.207-9.997 36.204 0l36.203 36.204c9.997 9.997 9.997 26.206 0 36.204l-294.4 294.401c-9.998 9.997-26.207 9.997-36.204-.001z\"><\/path><\/svg>\t\t\t\t\t\t<\/span>\n\t\t\t\t\t\t\t\t\t\t<span class=\"elementor-icon-list-text\"><strong>Verringerung der Abh\u00e4ngigkeit von neuen Rohstoffen<\/strong> und Minimierung gef\u00e4hrlicher Stoffe<\/span>\n\t\t\t\t\t\t\t\t\t<\/li>\n\t\t\t\t\t\t\t\t<li class=\"elementor-icon-list-item\">\n\t\t\t\t\t\t\t\t\t\t\t<span class=\"elementor-icon-list-icon\">\n\t\t\t\t\t\t\t<svg aria-hidden=\"true\" class=\"e-font-icon-svg e-fas-check\" viewBox=\"0 0 512 512\" xmlns=\"http:\/\/www.w3.org\/2000\/svg\"><path d=\"M173.898 439.404l-166.4-166.4c-9.997-9.997-9.997-26.206 0-36.204l36.203-36.204c9.997-9.998 26.207-9.998 36.204 0L192 312.69 432.095 72.596c9.997-9.997 26.207-9.997 36.204 0l36.203 36.204c9.997 9.997 9.997 26.206 0 36.204l-294.4 294.401c-9.998 9.997-26.207 9.997-36.204-.001z\"><\/path><\/svg>\t\t\t\t\t\t<\/span>\n\t\t\t\t\t\t\t\t\t\t<span class=\"elementor-icon-list-text\"><strong>Unterst\u00fctzung unserer Kunden<\/strong> bei der Reduzierung ihres CO\u2082\u2011Fu\u00dfabdrucks durch <strong>leichte Verpackungsl\u00f6sungen<\/strong> und <strong>einen kostenfreien, schl\u00fcsselfertigen Reuse\u2011 &amp;\u2011Reverse\u2011Logistikservice, <\/strong>der Wiederverwendung einfach und effizient macht<\/span>\n\t\t\t\t\t\t\t\t\t<\/li>\n\t\t\t\t\t\t<\/ul>\n\t\t\t\t\t\t<\/div>\n\t\t\t\t<div class=\"elementor-element elementor-element-b554f68 elementor-align-center elementor-widget elementor-widget-button\" data-id=\"b554f68\" data-element_type=\"widget\" data-e-type=\"widget\" data-widget_type=\"button.default\">\n\t\t\t\t\t\t\t\t\t\t<a class=\"elementor-button elementor-button-link elementor-size-sm\" href=\"https:\/\/www.calameo.com\/read\/00733939463e6a6f4d42c?page=12\" target=\"_blank\">\n\t\t\t\t\t\t<span class=\"elementor-button-content-wrapper\">\n\t\t\t\t\t\t\t\t\t<span class=\"elementor-button-text\">Entdecken Sie, wie wir unseren Impact messen<\/span>\n\t\t\t\t\t<\/span>\n\t\t\t\t\t<\/a>\n\t\t\t\t\t\t\t\t<\/div>\n\t\t\t\t<\/div>\n\t\t<div class=\"elementor-element elementor-element-9fe1146 e-con-full e-flex e-con e-child\" data-id=\"9fe1146\" data-element_type=\"container\" data-e-type=\"container\">\n\t\t\t\t<div class=\"elementor-element elementor-element-aa96d21 elementor-widget elementor-widget-image\" data-id=\"aa96d21\" data-element_type=\"widget\" data-e-type=\"widget\" data-widget_type=\"image.default\">\n\t\t\t\t\t\t\t\t\t\t\t\t\t\t\t<img decoding=\"async\" width=\"170\" height=\"170\" src=\"https:\/\/www.emballiso.com\/wp-content\/uploads\/pictos-site_csr-social.svg\" class=\"attachment-large size-large wp-image-6214\" alt=\"\" \/>\t\t\t\t\t\t\t\t\t\t\t\t\t\t\t<\/div>\n\t\t\t\t<div class=\"elementor-element elementor-element-1bb7fcb elementor-widget elementor-widget-heading\" data-id=\"1bb7fcb\" data-element_type=\"widget\" data-e-type=\"widget\" data-widget_type=\"heading.default\">\n\t\t\t\t\t<h3 class=\"elementor-heading-title elementor-size-default\">Soziales : F\u00fcrsorge f\u00fcr Menschen<\/h3>\t\t\t\t<\/div>\n\t\t\t\t<div class=\"elementor-element elementor-element-7d84f5d elementor-widget elementor-widget-text-editor\" data-id=\"7d84f5d\" data-element_type=\"widget\" data-e-type=\"widget\" data-widget_type=\"text-editor.default\">\n\t\t\t\t\t\t\t\t\t<p>Unsere Mitarbeitenden sind unsere gr\u00f6\u00dfte St\u00e4rke. Wir setzen alles daran, ein Arbeitsumfeld zu schaffen, in dem <strong>Wohlbefinden, Sicherheit und Chancengleichheit<\/strong> unverzichtbar sind. Jedes Teammitglied profitiert von einem sicheren und respektvollen Umfeld, das sowohl die k\u00f6rperliche als auch die mentale Gesundheit unterst\u00fctzt.  <\/p>\t\t\t\t\t\t\t\t<\/div>\n\t\t\t\t<\/div>\n\t\t<div class=\"elementor-element elementor-element-fe8b3a1 e-con-full e-flex e-con e-child\" data-id=\"fe8b3a1\" data-element_type=\"container\" data-e-type=\"container\">\n\t\t\t\t<div class=\"elementor-element elementor-element-a75d79b elementor-widget elementor-widget-image\" data-id=\"a75d79b\" data-element_type=\"widget\" data-e-type=\"widget\" data-widget_type=\"image.default\">\n\t\t\t\t\t\t\t\t\t\t\t\t\t\t\t<img decoding=\"async\" width=\"170\" height=\"170\" src=\"https:\/\/www.emballiso.com\/wp-content\/uploads\/pictos-site_csr-societal.svg\" class=\"attachment-large size-large wp-image-6215\" alt=\"\" \/>\t\t\t\t\t\t\t\t\t\t\t\t\t\t\t<\/div>\n\t\t\t\t<div class=\"elementor-element elementor-element-b3eeeea elementor-widget elementor-widget-heading\" data-id=\"b3eeeea\" data-element_type=\"widget\" data-e-type=\"widget\" data-widget_type=\"heading.default\">\n\t\t\t\t\t<h3 class=\"elementor-heading-title elementor-size-default\">Gesellschaftliches Engagement : Handeln mit Integrit\u00e4t<\/h3>\t\t\t\t<\/div>\n\t\t\t\t<div class=\"elementor-element elementor-element-69e5152 elementor-widget elementor-widget-text-editor\" data-id=\"69e5152\" data-element_type=\"widget\" data-e-type=\"widget\" data-widget_type=\"text-editor.default\">\n\t\t\t\t\t\t\t\t\t<p>Vertrauen basiert auf Ethik. EMBALL\u2019ISO h\u00e4lt in allen T\u00e4tigkeiten die h\u00f6chsten Standards an <strong>Integrit\u00e4t und Transparenz<\/strong> ein. Wir verhindern aktiv illegale oder unethische Praktiken und f\u00f6rdern ein verantwortungsvolles, faires Gesch\u00e4ftsverhalten  <\/p>\t\t\t\t\t\t\t\t<\/div>\n\t\t\t\t<div class=\"elementor-element elementor-element-2bb0f58 elementor-align-center elementor-widget elementor-widget-button\" data-id=\"2bb0f58\" data-element_type=\"widget\" data-e-type=\"widget\" data-widget_type=\"button.default\">\n\t\t\t\t\t\t\t\t\t\t<a class=\"elementor-button elementor-button-link elementor-size-sm\" href=\"https:\/\/www.calameo.com\/read\/00733939463e6a6f4d42c?page=23\" target=\"_blank\">\n\t\t\t\t\t\t<span class=\"elementor-button-content-wrapper\">\n\t\t\t\t\t\t\t\t\t<span class=\"elementor-button-text\">Entdecken Sie den CSR\u2011Bericht von EMBALL\u2019ISO<\/span>\n\t\t\t\t\t<\/span>\n\t\t\t\t\t<\/a>\n\t\t\t\t\t\t\t\t<\/div>\n\t\t\t\t<\/div>\n\t\t\t\t<\/div>\n\t\t\t\t<\/div>\n\t\t\t\t<\/div>\n\t\t","protected":false},"excerpt":{"rendered":"<p>CSR Unser Engagement f\u00fcr nachhaltigkeit Bei EMBALL\u2019ISO steht die Unternehmensverantwortung (CSR) im Mittelpunkt unseres Handelns.Geleitet von zwei zentralen Rahmenwerken \u2013 ISO 9001 und EcoVadis \u2013 haben wir die Themen identifiziert und priorisiert, die f\u00fcr eine nachhaltige Zukunft am wichtigsten sind. Unsere CSR\u2011Strategie basiert auf drei S\u00e4ulen : Umwelt : Handeln f\u00fcr den Planeten Die Klimakrise [&hellip;]<\/p>\n","protected":false},"author":1,"featured_media":0,"parent":0,"menu_order":0,"comment_status":"closed","ping_status":"closed","template":"","meta":{"_acf_changed":false,"footnotes":""},"class_list":["post-6213","page","type-page","status-publish","hentry"],"acf":[],"_links":{"self":[{"href":"https:\/\/www.emballiso.com\/de\/wp-json\/wp\/v2\/pages\/6213","targetHints":{"allow":["GET"]}}],"collection":[{"href":"https:\/\/www.emballiso.com\/de\/wp-json\/wp\/v2\/pages"}],"about":[{"href":"https:\/\/www.emballiso.com\/de\/wp-json\/wp\/v2\/types\/page"}],"author":[{"embeddable":true,"href":"https:\/\/www.emballiso.com\/de\/wp-json\/wp\/v2\/users\/1"}],"replies":[{"embeddable":true,"href":"https:\/\/www.emballiso.com\/de\/wp-json\/wp\/v2\/comments?post=6213"}],"version-history":[{"count":9,"href":"https:\/\/www.emballiso.com\/de\/wp-json\/wp\/v2\/pages\/6213\/revisions"}],"predecessor-version":[{"id":6751,"href":"https:\/\/www.emballiso.com\/de\/wp-json\/wp\/v2\/pages\/6213\/revisions\/6751"}],"wp:attachment":[{"href":"https:\/\/www.emballiso.com\/de\/wp-json\/wp\/v2\/media?parent=6213"}],"curies":[{"name":"wp","href":"https:\/\/api.w.org\/{rel}","templated":true}]}}