{"id":5618,"date":"2026-02-11T14:58:57","date_gmt":"2026-02-11T13:58:57","guid":{"rendered":"https:\/\/www.emballiso.com\/kuehlketten-verpackungsloesungen-fuer-klinische-studien\/"},"modified":"2026-04-10T15:13:12","modified_gmt":"2026-04-10T13:13:12","slug":"kuehlketten-verpackungsloesungen-fuer-klinische-studien","status":"publish","type":"page","link":"https:\/\/www.emballiso.com\/de\/kuehlketten-verpackungsloesungen-fuer-klinische-studien\/","title":{"rendered":"K\u00fchlketten\u2011Verpackungsl\u00f6sungen f\u00fcr klinische Studien"},"content":{"rendered":"\t\t<div data-elementor-type=\"wp-page\" data-elementor-id=\"5618\" class=\"elementor elementor-5618 elementor-3053\" data-elementor-post-type=\"page\">\n\t\t\t\t<div class=\"elementor-element elementor-element-a4e6b73 e-flex e-con-boxed e-con e-parent\" data-id=\"a4e6b73\" data-element_type=\"container\" data-e-type=\"container\">\n\t\t\t\t\t<div class=\"e-con-inner\">\n\t\t\t\t<div class=\"elementor-element elementor-element-9a3d459 elementor-invisible elementor-widget elementor-widget-heading\" data-id=\"9a3d459\" data-element_type=\"widget\" data-e-type=\"widget\" data-settings=\"{&quot;_animation&quot;:&quot;fadeInDown&quot;}\" data-widget_type=\"heading.default\">\n\t\t\t\t\t<h1 class=\"elementor-heading-title elementor-size-default\"><span class=\"gradient-blue\">K\u00fchlketten\u2011Verpackungsl\u00f6sungen f\u00fcr klinische Studien<\/span><\/h1>\t\t\t\t<\/div>\n\t\t\t\t<div class=\"elementor-element elementor-element-1e81825 elementor-widget elementor-widget-text-editor\" data-id=\"1e81825\" data-element_type=\"widget\" data-e-type=\"widget\" data-widget_type=\"text-editor.default\">\n\t\t\t\t\t\t\t\t\t<p>Im Wettlauf um die Entwicklung von Therapien, die morgen Leben retten werden, darf es keinerlei Fehler geben.<br> Klinische Studien umfassen hochwertige, oft unersetzliche Molek\u00fcle, deren wichtigste Anforderung eine \u201ekonstante Temperatur\u201c ist.<br> Ein einziger Bruch der K\u00fchlkette kann Jahre der Forschung gef\u00e4hrden, die Patientensicherheit beeintr\u00e4chtigen und zu enormen finanziellen Verlusten f\u00fchren.  <\/p><p>Das Logistikmanagement einer klinischen Studie erfordert den optimalen Ausgleich zwischen maximaler thermischer Sicherheit, Geschwindigkeit, und Kostenoptimierung \u2014 insbesondere bei internationalen Studien, die an mehreren Standorten zugleich durchgef\u00fchrt werden.<br>EMBALL\u2019ISO bietet spezialisierte und validierte isotherme L\u00f6sungen, die daf\u00fcr entwickelt wurden, Ihre Innovationen vom Labor bis zum Patienten zu sch\u00fctzen \u2013 und sicherzustellen, dass Ihre klinischen Proben und Arzneimittel zur klinischen Pr\u00fcfung (IMPs) in einwandfreiem Zustand ankommen. <\/p>\t\t\t\t\t\t\t\t<\/div>\n\t\t\t\t<div class=\"elementor-element elementor-element-7417f26 elementor-widget elementor-widget-heading\" data-id=\"7417f26\" data-element_type=\"widget\" data-e-type=\"widget\" data-widget_type=\"heading.default\">\n\t\t\t\t\t<h2 class=\"elementor-heading-title elementor-size-default\">Beherrschung der Anforderungen der klinischen Logistik<\/h2>\t\t\t\t<\/div>\n\t\t\t\t<div class=\"elementor-element elementor-element-5e0b4cb elementor-widget elementor-widget-text-editor\" data-id=\"5e0b4cb\" data-element_type=\"widget\" data-e-type=\"widget\" data-widget_type=\"text-editor.default\">\n\t\t\t\t\t\t\t\t\t<p>Wir adressieren die spezifischen Herausforderungen, mit denen F&amp;E\u2011Teams und Clinical Supply Chain Manager konfrontiert sind:<\/p><ul><li><strong>Absolute thermische Sicherheit (Zero Excursion): <\/strong>Unsere L\u00f6sungen sind darauf ausgelegt, interne Temperaturen \u00fcber 144+ Stunden stabil zu halten. Ob 2\u20138\u202f\u00b0C oder \u201370\u202f\u00b0C \u2013 wir bieten die notwendige Stabilit\u00e4t, um jede Form von Produktdegradation auszuschlie\u00dfen. <\/li><li><strong>Geschwindigkeit &amp; Agilit\u00e4t: <\/strong>Klinische Studien verlaufen schnell. Mit unserem<strong> \u201eReady\u2011to\u2011use\u201c<\/strong>\u2011Service liefern wir vorkonditionierte Verpackungen direkt an Ihren Standort, sodass sich Ihr Team auf die Forschung konzentrieren kann \u2013 und nicht auf Logistik oder K\u00fchlmittelvorbereitung. <\/li><li><strong>Kostenmanagement &amp; Effizienz: <\/strong>Durch die Optimierung des Nutzlast\u2011\/Gewichtsverh\u00e4ltnisses und den Einsatz unseres globalen Wiederverwendungsprogramms helfen wir Ihnen, die hohen Kosten der spezialisierten klinischen Logistik unter Kontrolle zu behalten \u2013 ohne Kompromisse bei der Qualit\u00e4t.<\/li><li><strong>Regulatorische Compliance: <\/strong>Alle unsere L\u00f6sungen werden in unserem ISO\u20119001\u2011zertifizierten metrologischen Labor streng getestet, um ISTA\u20117D\u2011Standards zu erf\u00fcllen.<br> Wir stellen Ihnen die vollst\u00e4ndige Dokumentation zur Verf\u00fcgung, die Sie f\u00fcr regulatorische Einreichungen und Audits ben\u00f6tigen.<\/li><\/ul>\t\t\t\t\t\t\t\t<\/div>\n\t\t\t\t<div class=\"elementor-element elementor-element-44c37f6 elementor-widget-divider--view-line elementor-widget elementor-widget-divider\" data-id=\"44c37f6\" data-element_type=\"widget\" data-e-type=\"widget\" data-widget_type=\"divider.default\">\n\t\t\t\t\t\t\t<div class=\"elementor-divider\">\n\t\t\t<span class=\"elementor-divider-separator\">\n\t\t\t\t\t\t<\/span>\n\t\t<\/div>\n\t\t\t\t\t\t<\/div>\n\t\t\t\t<div class=\"elementor-element elementor-element-97e66ee elementor-widget elementor-widget-heading\" data-id=\"97e66ee\" data-element_type=\"widget\" data-e-type=\"widget\" data-widget_type=\"heading.default\">\n\t\t\t\t\t<h3 class=\"elementor-heading-title elementor-size-default\">Produktl\u00f6sungen f\u00fcr die klinische Forschung<\/h3>\t\t\t\t<\/div>\n\t\t\t\t<div class=\"elementor-element elementor-element-d8f4ddf elementor-widget elementor-widget-text-editor\" data-id=\"d8f4ddf\" data-element_type=\"widget\" data-e-type=\"widget\" data-widget_type=\"text-editor.default\">\n\t\t\t\t\t\t\t\t\t<ul><li><strong>VYPE:<\/strong> Der Goldstandard f\u00fcr den Versand von Kliniks\u00e4tzen und hochwertigen Proben mit maximaler Autonomie.<\/li><li><strong>High-Performance-Box-Palleten:<\/strong> Entwickelt f\u00fcr gr\u00f6\u00dfere Massensendungen von IMPs zwischen Produktionsstandorten und Distributionszentren \u2013 und gew\u00e4hrleisten thermische Stabilit\u00e4t w\u00e4hrend des Langstreckentransports.<\/li><li><strong>Deep\u2011Freeze\u2011L\u00f6sungen:<\/strong> Spezialisierte Verpackungen f\u00fcr Advanced Therapies (ATMPs), Impfstoffe oder biologische Proben, die Temperaturen bis zu \u201370\u202f\u00b0C erfordern \u2013 unter Verwendung von Trockeneis oder PCM.<\/li><\/ul>\t\t\t\t\t\t\t\t<\/div>\n\t\t\t\t\t<\/div>\n\t\t\t\t<\/div>\n\t\t<div class=\"elementor-element elementor-element-71def6c e-flex e-con-boxed e-con e-parent\" data-id=\"71def6c\" data-element_type=\"container\" data-e-type=\"container\">\n\t\t\t\t\t<div class=\"e-con-inner\">\n\t\t<div class=\"elementor-element elementor-element-af25781 e-con-full e-flex e-con e-child\" data-id=\"af25781\" data-element_type=\"container\" data-e-type=\"container\">\n\t\t\t\t<div class=\"elementor-element elementor-element-af7f970 elementor-widget elementor-widget-heading\" data-id=\"af7f970\" data-element_type=\"widget\" data-e-type=\"widget\" data-widget_type=\"heading.default\">\n\t\t\t\t\t<h3 class=\"elementor-heading-title elementor-size-default\">Services zur Optimierung Ihrer klinischen Lieferkette<\/h3>\t\t\t\t<\/div>\n\t\t\t\t<div class=\"elementor-element elementor-element-3258af4 elementor-widget elementor-widget-text-editor\" data-id=\"3258af4\" data-element_type=\"widget\" data-e-type=\"widget\" data-widget_type=\"text-editor.default\">\n\t\t\t\t\t\t\t\t\t<p>EMBALL\u2019ISO bietet erstklassige Dienstleistungen zur Optimierung Ihrer Lieferkette :<\/p><ul><li><strong>Ready-to-Use Service:<\/strong> Wir liefern vollst\u00e4ndig montierte und vorkonditionierte Verpackungen direkt an Ihren Forschungsstandort oder Ihr Labor \u2013 und sparen Ihnen dadurch Zeit sowie wertvollen Platz in K\u00fchlr\u00e4umen und Tiefk\u00fchllagern.<\/li><li><strong>Reuse- &amp; Reverse-Programm:<\/strong> Wir \u00fcbernehmen die R\u00fcckholung und \u00dcberholung Ihrer Verpackungen in \u00fcber 80 L\u00e4ndern. So entsteht ein nachhaltiger und kosteneffizienter Kreislauf, ideal f\u00fcr Multi\u2011Site\u2011Studien.<\/li><li><strong>Ma\u00dfgeschneiderte L\u00f6sungen &amp; Technischer Support:<\/strong> Unser F&amp;E\u2011Team und unser hauseigenes Labor k\u00f6nnen ma\u00dfgeschneiderte Verpackungen entwickeln und validieren, die exakt auf das thermische Profil und die Transportdauer Ihrer spezifischen Molek\u00fcle abgestimmt sind.<\/li><\/ul>\t\t\t\t\t\t\t\t<\/div>\n\t\t\t\t<\/div>\n\t\t<div class=\"elementor-element elementor-element-e9c3bf5 e-con-full e-flex e-con e-child\" data-id=\"e9c3bf5\" data-element_type=\"container\" data-e-type=\"container\">\n\t\t\t\t<div class=\"elementor-element elementor-element-16d3d63 elementor-widget elementor-widget-heading\" data-id=\"16d3d63\" data-element_type=\"widget\" data-e-type=\"widget\" data-widget_type=\"heading.default\">\n\t\t\t\t\t<h3 class=\"elementor-heading-title elementor-size-default\">Typische Anwendungen f\u00fcr klinische Studien<\/h3>\t\t\t\t<\/div>\n\t\t\t\t<div class=\"elementor-element elementor-element-da339b2 elementor-widget elementor-widget-text-editor\" data-id=\"da339b2\" data-element_type=\"widget\" data-e-type=\"widget\" data-widget_type=\"text-editor.default\">\n\t\t\t\t\t\t\t\t\t<ul><li><strong>Internationale Phase\u2011III\u2011Distribution:<\/strong> Versand gro\u00dfer Mengen von Pr\u00fcfpr\u00e4paraten von zentralen Hubs zu klinischen Pr\u00fcfstellen weltweit \u2013 mit vollst\u00e4ndiger thermischer Sicherheit.<\/li><li><strong>Transport biologischer Proben:<\/strong> icherer Transport von Patientenproben von dezentralen Studienstandorten zu zentralen Laboren zur Analyse.<\/li><li><strong>Direct\u2011to\u2011Patient\u2011Logistik:<\/strong> Sicherstellung einer durchgehend intakten K\u00fchlkette f\u00fcr heim\u00adbasierte klinische Studien, unterst\u00fctzt durch leichte, aber leistungsstarke Versandl\u00f6sungen f\u00fcr die letzte Meile.<\/li><\/ul>\t\t\t\t\t\t\t\t<\/div>\n\t\t\t\t<\/div>\n\t\t\t\t\t<\/div>\n\t\t\t\t<\/div>\n\t\t<div class=\"elementor-element elementor-element-ea6231a e-flex e-con-boxed e-con e-parent\" data-id=\"ea6231a\" data-element_type=\"container\" data-e-type=\"container\">\n\t\t\t\t\t<div class=\"e-con-inner\">\n\t\t\t\t<div class=\"elementor-element elementor-element-b837087 elementor-widget-divider--view-line elementor-widget elementor-widget-divider\" data-id=\"b837087\" data-element_type=\"widget\" data-e-type=\"widget\" data-widget_type=\"divider.default\">\n\t\t\t\t\t\t\t<div class=\"elementor-divider\">\n\t\t\t<span class=\"elementor-divider-separator\">\n\t\t\t\t\t\t<\/span>\n\t\t<\/div>\n\t\t\t\t\t\t<\/div>\n\t\t\t\t<div class=\"elementor-element elementor-element-98aa898 elementor-widget elementor-widget-heading\" data-id=\"98aa898\" data-element_type=\"widget\" data-e-type=\"widget\" data-widget_type=\"heading.default\">\n\t\t\t\t\t<h2 class=\"elementor-heading-title elementor-size-default\">CSR: Nachhaltige Unterst\u00fctzung der klinischen Forschung<\/h2>\t\t\t\t<\/div>\n\t\t\t\t<div class=\"elementor-element elementor-element-511bf85 elementor-widget elementor-widget-text-editor\" data-id=\"511bf85\" data-element_type=\"widget\" data-e-type=\"widget\" data-widget_type=\"text-editor.default\">\n\t\t\t\t\t\t\t\t\t<p>EMBALL\u2019ISO unterst\u00fctzt Sponsoren klinischer Studien dabei, ihren \u00f6kologischen Fu\u00dfabdruck zu reduzieren, ohne Kompromisse bei der Leistungsf\u00e4higkeit einzugehen:<\/p><ul><li><strong>91\u202f% CO\u2082\u2011Einsparungen<\/strong> erzielt durch unser globales Wiederverwendungsmodell.<\/li><li><strong>Abfallreduzierung an Studienstandorten:<\/strong> Unser R\u00fcckholprogramm eliminiert die Notwendigkeit, dass Pr\u00fcfstellen volumin\u00f6se Verpackungsmaterialien entsorgen m\u00fcssen.<\/li><li><strong>\u00d6kodesign\u2011Materialien: <\/strong>Hocheffiziente Isolierungen, die das Gewicht reduzieren und den CO\u2082\u2011Impact pro Sendung minimieren.<\/li><\/ul>\t\t\t\t\t\t\t\t<\/div>\n\t\t\t\t\t<\/div>\n\t\t\t\t<\/div>\n\t\t<div class=\"elementor-element elementor-element-1f3a7d8 e-flex e-con-boxed e-con e-parent\" data-id=\"1f3a7d8\" data-element_type=\"container\" data-e-type=\"container\" data-settings=\"{&quot;background_background&quot;:&quot;classic&quot;}\">\n\t\t\t\t\t<div class=\"e-con-inner\">\n\t\t\t\t<div class=\"elementor-element elementor-element-9b2d6b8 elementor-widget elementor-widget-heading\" data-id=\"9b2d6b8\" data-element_type=\"widget\" data-e-type=\"widget\" data-widget_type=\"heading.default\">\n\t\t\t\t\t<h2 class=\"elementor-heading-title elementor-size-default\">Ben\u00f6tigen Sie eine \u201eZero\u2011Excursion\u201c-L\u00f6sung f\u00fcr Ihre n\u00e4chste klinische Studie?<\/h2>\t\t\t\t<\/div>\n\t\t\t\t<div class=\"elementor-element elementor-element-0325aa3 elementor-align-center elementor-widget elementor-widget-button\" data-id=\"0325aa3\" data-element_type=\"widget\" data-e-type=\"widget\" data-widget_type=\"button.default\">\n\t\t\t\t\t\t\t\t\t\t<a class=\"elementor-button elementor-button-link elementor-size-sm\" href=\"https:\/\/www.emballiso.com\/de\/kontakt\/\">\n\t\t\t\t\t\t<span class=\"elementor-button-content-wrapper\">\n\t\t\t\t\t\t<span class=\"elementor-button-icon\">\n\t\t\t\t<svg aria-hidden=\"true\" class=\"e-font-icon-svg e-far-envelope\" viewBox=\"0 0 512 512\" xmlns=\"http:\/\/www.w3.org\/2000\/svg\"><path d=\"M464 64H48C21.49 64 0 85.49 0 112v288c0 26.51 21.49 48 48 48h416c26.51 0 48-21.49 48-48V112c0-26.51-21.49-48-48-48zm0 48v40.805c-22.422 18.259-58.168 46.651-134.587 106.49-16.841 13.247-50.201 45.072-73.413 44.701-23.208.375-56.579-31.459-73.413-44.701C106.18 199.465 70.425 171.067 48 152.805V112h416zM48 400V214.398c22.914 18.251 55.409 43.862 104.938 82.646 21.857 17.205 60.134 55.186 103.062 54.955 42.717.231 80.509-37.199 103.053-54.947 49.528-38.783 82.032-64.401 104.947-82.653V400H48z\"><\/path><\/svg>\t\t\t<\/span>\n\t\t\t\t\t\t\t\t\t<span class=\"elementor-button-text\">Angebot anfordern<\/span>\n\t\t\t\t\t<\/span>\n\t\t\t\t\t<\/a>\n\t\t\t\t\t\t\t\t<\/div>\n\t\t\t\t\t<\/div>\n\t\t\t\t<\/div>\n\t\t<div class=\"elementor-element elementor-element-74edf2e e-flex e-con-boxed e-con e-parent\" data-id=\"74edf2e\" data-element_type=\"container\" data-e-type=\"container\" data-settings=\"{&quot;background_background&quot;:&quot;classic&quot;}\">\n\t\t\t\t\t<div class=\"e-con-inner\">\n\t\t<div class=\"elementor-element elementor-element-b3edfa4 e-con-full e-flex e-con e-child\" data-id=\"b3edfa4\" data-element_type=\"container\" data-e-type=\"container\">\n\t\t\t\t<div class=\"elementor-element elementor-element-0c073ba elementor-hidden-tablet elementor-hidden-mobile elementor-widget elementor-widget-heading\" data-id=\"0c073ba\" data-element_type=\"widget\" data-e-type=\"widget\" data-widget_type=\"heading.default\">\n\t\t\t\t\t<p class=\"elementor-heading-title elementor-size-default\">FAQ<\/p>\t\t\t\t<\/div>\n\t\t\t\t<div class=\"elementor-element elementor-element-0b545ea elementor-icon-list--layout-traditional elementor-list-item-link-full_width elementor-widget elementor-widget-icon-list\" data-id=\"0b545ea\" data-element_type=\"widget\" data-e-type=\"widget\" data-widget_type=\"icon-list.default\">\n\t\t\t\t\t\t\t<ul class=\"elementor-icon-list-items\">\n\t\t\t\t\t\t\t<li class=\"elementor-icon-list-item\">\n\t\t\t\t\t\t\t\t\t\t\t<span class=\"elementor-icon-list-icon\">\n\t\t\t\t\t\t\t<svg aria-hidden=\"true\" class=\"e-font-icon-svg e-fas-check\" viewBox=\"0 0 512 512\" xmlns=\"http:\/\/www.w3.org\/2000\/svg\"><path d=\"M173.898 439.404l-166.4-166.4c-9.997-9.997-9.997-26.206 0-36.204l36.203-36.204c9.997-9.998 26.207-9.998 36.204 0L192 312.69 432.095 72.596c9.997-9.997 26.207-9.997 36.204 0l36.203 36.204c9.997 9.997 9.997 26.206 0 36.204l-294.4 294.401c-9.998 9.997-26.207 9.997-36.204-.001z\"><\/path><\/svg>\t\t\t\t\t\t<\/span>\n\t\t\t\t\t\t\t\t\t\t<span class=\"elementor-icon-list-text\"><strong>Wie gew\u00e4hrleisten Sie \u201eZero Excursion\u201c in klinischen Studien? <\/strong>Durch den Einsatz von vakuumisolierten Paneelen (VIP) und hochleistungsf\u00e4higen Phasenwechselmaterialien (PCM), die gem\u00e4\u00df ISTA\u20117D\u2011Profilen validiert wurden, um die extremsten Umgebungstemperaturen abzudecken.<\/span>\n\t\t\t\t\t\t\t\t\t<\/li>\n\t\t\t\t\t\t\t\t<li class=\"elementor-icon-list-item\">\n\t\t\t\t\t\t\t\t\t\t\t<span class=\"elementor-icon-list-icon\">\n\t\t\t\t\t\t\t<svg aria-hidden=\"true\" class=\"e-font-icon-svg e-fas-check\" viewBox=\"0 0 512 512\" xmlns=\"http:\/\/www.w3.org\/2000\/svg\"><path d=\"M173.898 439.404l-166.4-166.4c-9.997-9.997-9.997-26.206 0-36.204l36.203-36.204c9.997-9.998 26.207-9.998 36.204 0L192 312.69 432.095 72.596c9.997-9.997 26.207-9.997 36.204 0l36.203 36.204c9.997 9.997 9.997 26.206 0 36.204l-294.4 294.401c-9.998 9.997-26.207 9.997-36.204-.001z\"><\/path><\/svg>\t\t\t\t\t\t<\/span>\n\t\t\t\t\t\t\t\t\t\t<span class=\"elementor-icon-list-text\"><strong>K\u00f6nnen Sie Verpackungen f\u00fcr ultratiefe Temperaturen bereitstellen? <\/strong>Ja. Unsere Deep\u2011Freeze\u2011Reihe wurde speziell daf\u00fcr entwickelt, Temperaturen unter \u201370\u202f\u00b0C bei langandauernden internationalen Sendungen zuverl\u00e4ssig aufrechtzuerhalten.<\/span>\n\t\t\t\t\t\t\t\t\t<\/li>\n\t\t\t\t\t\t\t\t<li class=\"elementor-icon-list-item\">\n\t\t\t\t\t\t\t\t\t\t\t<span class=\"elementor-icon-list-icon\">\n\t\t\t\t\t\t\t<svg aria-hidden=\"true\" class=\"e-font-icon-svg e-fas-check\" viewBox=\"0 0 512 512\" xmlns=\"http:\/\/www.w3.org\/2000\/svg\"><path d=\"M173.898 439.404l-166.4-166.4c-9.997-9.997-9.997-26.206 0-36.204l36.203-36.204c9.997-9.998 26.207-9.998 36.204 0L192 312.69 432.095 72.596c9.997-9.997 26.207-9.997 36.204 0l36.203 36.204c9.997 9.997 9.997 26.206 0 36.204l-294.4 294.401c-9.998 9.997-26.207 9.997-36.204-.001z\"><\/path><\/svg>\t\t\t\t\t\t<\/span>\n\t\t\t\t\t\t\t\t\t\t<span class=\"elementor-icon-list-text\"><b>Ist eine Wiederverwendung von Verpackungen in globalen klinischen Studien m\u00f6glich?<\/b> Absolut. EMBALL\u2019ISO betreibt ein globales Netzwerk von \u00fcber 15 Servicezentren, die die R\u00fcckholung, Reinigung und Vorkonditionierung der Verpackungen \u00fcbernehmen \u2013 und damit die klinische Lieferkette deutlich nachhaltiger machen. <\/span>\n\t\t\t\t\t\t\t\t\t<\/li>\n\t\t\t\t\t\t<\/ul>\n\t\t\t\t\t\t<\/div>\n\t\t\t\t<\/div>\n\t\t<div class=\"elementor-element elementor-element-a7400fb e-con-full e-flex e-con e-child\" data-id=\"a7400fb\" data-element_type=\"container\" data-e-type=\"container\">\n\t\t\t\t<div class=\"elementor-element elementor-element-bf179db elementor-hidden-tablet elementor-hidden-mobile elementor-widget elementor-widget-heading\" data-id=\"bf179db\" data-element_type=\"widget\" data-e-type=\"widget\" data-widget_type=\"heading.default\">\n\t\t\t\t\t<p class=\"elementor-heading-title elementor-size-default\">ENTDECKEN SIE UNSERE WEITEREN SEGMENTE<\/p>\t\t\t\t<\/div>\n\t\t\t\t<div class=\"elementor-element elementor-element-12584e0 elementor-icon-list--layout-traditional elementor-list-item-link-full_width elementor-widget elementor-widget-icon-list\" data-id=\"12584e0\" data-element_type=\"widget\" data-e-type=\"widget\" data-widget_type=\"icon-list.default\">\n\t\t\t\t\t\t\t<ul class=\"elementor-icon-list-items\">\n\t\t\t\t\t\t\t<li class=\"elementor-icon-list-item\">\n\t\t\t\t\t\t\t\t\t\t\t<a href=\"https:\/\/www.emballiso.com\/de\/kuehlketten-verpackungsloesungen-fuer-pharmaunternehmen\/\">\n\n\t\t\t\t\t\t\t\t\t\t\t\t<span class=\"elementor-icon-list-icon\">\n\t\t\t\t\t\t\t<svg aria-hidden=\"true\" class=\"e-font-icon-svg e-fas-check\" viewBox=\"0 0 512 512\" xmlns=\"http:\/\/www.w3.org\/2000\/svg\"><path d=\"M173.898 439.404l-166.4-166.4c-9.997-9.997-9.997-26.206 0-36.204l36.203-36.204c9.997-9.998 26.207-9.998 36.204 0L192 312.69 432.095 72.596c9.997-9.997 26.207-9.997 36.204 0l36.203 36.204c9.997 9.997 9.997 26.206 0 36.204l-294.4 294.401c-9.998 9.997-26.207 9.997-36.204-.001z\"><\/path><\/svg>\t\t\t\t\t\t<\/span>\n\t\t\t\t\t\t\t\t\t\t<span class=\"elementor-icon-list-text\"><strong>F\u00fcr Pharmaunternehmen: <\/strong>Hochvolumenl\u00f6sungen f\u00fcr die kommerzielle Distribution.<\/span>\n\t\t\t\t\t\t\t\t\t\t\t<\/a>\n\t\t\t\t\t\t\t\t\t<\/li>\n\t\t\t\t\t\t\t\t<li class=\"elementor-icon-list-item\">\n\t\t\t\t\t\t\t\t\t\t\t<a href=\"https:\/\/www.emballiso.com\/de\/kuehlketten-verpackungsloesungen-fuer-logistikspezialisten\/\">\n\n\t\t\t\t\t\t\t\t\t\t\t\t<span class=\"elementor-icon-list-icon\">\n\t\t\t\t\t\t\t<svg aria-hidden=\"true\" class=\"e-font-icon-svg e-fas-check\" viewBox=\"0 0 512 512\" xmlns=\"http:\/\/www.w3.org\/2000\/svg\"><path d=\"M173.898 439.404l-166.4-166.4c-9.997-9.997-9.997-26.206 0-36.204l36.203-36.204c9.997-9.998 26.207-9.998 36.204 0L192 312.69 432.095 72.596c9.997-9.997 26.207-9.997 36.204 0l36.203 36.204c9.997 9.997 9.997 26.206 0 36.204l-294.4 294.401c-9.998 9.997-26.207 9.997-36.204-.001z\"><\/path><\/svg>\t\t\t\t\t\t<\/span>\n\t\t\t\t\t\t\t\t\t\t<span class=\"elementor-icon-list-text\"><strong>F\u00fcr Logistikspezialisten: <\/strong>Flexible L\u00f6sungen f\u00fcr 3PL\u2011Dienstleister und Spediteure.<\/span>\n\t\t\t\t\t\t\t\t\t\t\t<\/a>\n\t\t\t\t\t\t\t\t\t<\/li>\n\t\t\t\t\t\t\t\t<li class=\"elementor-icon-list-item\">\n\t\t\t\t\t\t\t\t\t\t\t<a href=\"https:\/\/www.emballiso.com\/de\/cold-chain-verpackungsloesungen-fuer-labore-im-bereich-tiergesundheit\/\">\n\n\t\t\t\t\t\t\t\t\t\t\t\t<span class=\"elementor-icon-list-icon\">\n\t\t\t\t\t\t\t<svg aria-hidden=\"true\" class=\"e-font-icon-svg e-fas-check\" viewBox=\"0 0 512 512\" xmlns=\"http:\/\/www.w3.org\/2000\/svg\"><path d=\"M173.898 439.404l-166.4-166.4c-9.997-9.997-9.997-26.206 0-36.204l36.203-36.204c9.997-9.998 26.207-9.998 36.204 0L192 312.69 432.095 72.596c9.997-9.997 26.207-9.997 36.204 0l36.203 36.204c9.997 9.997 9.997 26.206 0 36.204l-294.4 294.401c-9.998 9.997-26.207 9.997-36.204-.001z\"><\/path><\/svg>\t\t\t\t\t\t<\/span>\n\t\t\t\t\t\t\t\t\t\t<span class=\"elementor-icon-list-text\"><strong>F\u00fcr die Tiergesundheit: <\/strong>Spezialisierte temperaturgef\u00fchrte Verpackungen f\u00fcr die Veterin\u00e4rmedizin.<\/span>\n\t\t\t\t\t\t\t\t\t\t\t<\/a>\n\t\t\t\t\t\t\t\t\t<\/li>\n\t\t\t\t\t\t<\/ul>\n\t\t\t\t\t\t<\/div>\n\t\t\t\t<\/div>\n\t\t\t\t\t<\/div>\n\t\t\t\t<\/div>\n\t\t\t\t<\/div>\n\t\t","protected":false},"excerpt":{"rendered":"<p>K\u00fchlketten\u2011Verpackungsl\u00f6sungen f\u00fcr klinische Studien Im Wettlauf um die Entwicklung von Therapien, die morgen Leben retten werden, darf es keinerlei Fehler geben. Klinische Studien umfassen hochwertige, oft unersetzliche Molek\u00fcle, deren wichtigste Anforderung eine \u201ekonstante Temperatur\u201c ist. Ein einziger Bruch der K\u00fchlkette kann Jahre der Forschung gef\u00e4hrden, die Patientensicherheit beeintr\u00e4chtigen und zu enormen finanziellen Verlusten f\u00fchren. Das [&hellip;]<\/p>\n","protected":false},"author":1,"featured_media":0,"parent":0,"menu_order":0,"comment_status":"closed","ping_status":"closed","template":"","meta":{"_acf_changed":false,"footnotes":""},"class_list":["post-5618","page","type-page","status-publish","hentry"],"acf":[],"_links":{"self":[{"href":"https:\/\/www.emballiso.com\/de\/wp-json\/wp\/v2\/pages\/5618","targetHints":{"allow":["GET"]}}],"collection":[{"href":"https:\/\/www.emballiso.com\/de\/wp-json\/wp\/v2\/pages"}],"about":[{"href":"https:\/\/www.emballiso.com\/de\/wp-json\/wp\/v2\/types\/page"}],"author":[{"embeddable":true,"href":"https:\/\/www.emballiso.com\/de\/wp-json\/wp\/v2\/users\/1"}],"replies":[{"embeddable":true,"href":"https:\/\/www.emballiso.com\/de\/wp-json\/wp\/v2\/comments?post=5618"}],"version-history":[{"count":7,"href":"https:\/\/www.emballiso.com\/de\/wp-json\/wp\/v2\/pages\/5618\/revisions"}],"predecessor-version":[{"id":8670,"href":"https:\/\/www.emballiso.com\/de\/wp-json\/wp\/v2\/pages\/5618\/revisions\/8670"}],"wp:attachment":[{"href":"https:\/\/www.emballiso.com\/de\/wp-json\/wp\/v2\/media?parent=5618"}],"curies":[{"name":"wp","href":"https:\/\/api.w.org\/{rel}","templated":true}]}}